{"id":8426,"date":"2025-03-17T16:57:04","date_gmt":"2025-03-17T16:57:04","guid":{"rendered":"https:\/\/www.cruillaconcerts.cat\/cicles-concerts-cruilla\/"},"modified":"2025-05-13T11:46:37","modified_gmt":"2025-05-13T11:46:37","slug":"cicles-concerts-cruilla","status":"publish","type":"page","link":"https:\/\/www.cruillaconcerts.cat\/en\/cicles-concerts-cruilla\/","title":{"rendered":"Cicles Concerts Cru\u00eflla"},"content":{"rendered":"<h1 style=\"text-align: center;\">Music all year round!<\/h1>\n<p>The Festival Cru\u00eflla gifts us, summer after summer, the best four days of the year. An unmatched musical offering, eclectic and diverse in every sense of the word, concentrated in a single place, the Parc del F\u00f2rum in Barcelona, during the first week of July. But far from tiring us of live music, Cru\u00eflla always leaves us wanting more, which is why we spread its essence throughout the rest of the seasons of the year across the city. In this way, both in autumn and winter, we can enjoy a part of the festival in various venues and theatres in Barcelona, in every corner of the city.<\/p>\n<p>Thus, emerging artists of the moment share the program with long-established groups, the best local and national talent with international reference figures, and representatives of pop or rock with icons of traditional or electronic music, among many other genres. Everything you could imagine as part of the summer Festival Cru\u00eflla lineup, but with a closeness and warmth that only concert halls and the uniqueness of the other seasons of the year can provide. A taste of the July experience to momentarily forget the voracity of routine and start getting excited thinking about next summer.<\/p>\n<h3>CYCLE CRU\u00cfLLA TARDOR<\/h3>\n<p data-start=\"1366\" data-end=\"1936\">Often, we can&#8217;t even explain why, but autumn has something that fills us with nostalgia, invites us to introspection, and drives us to tranquility. Maybe it&#8217;s because the cold starts to peek between the evenings and the early mornings, or because our bodies ask for rest after everything we&#8217;ve experienced during the summer. The Cru\u00eflla Autumn, then, inevitably accompanies the emotions that this season brings: a dozen concerts that invite us to gather around art, in front of a stage and behind some strangers, to soak in a calmness that, in some way, our soul craves.<\/p>\n<p data-start=\"1938\" data-end=\"2545\" data-is-last-node=\"\" data-is-only-node=\"\">A calmness, however, that doesn&#8217;t have to be synonymous with stillness, but is more about the inner peace that a concert of a new artist we didn&#8217;t know gives us, a moment of dancing to the rhythm of our favorite band, the verses of that song we can&#8217;t stop listening to, or the feeling of slowly healing the melancholy that autumn brings. So, even though the Cru\u00eflla Summer Festival takes place during the first week of July, thanks to Cru\u00eflla Autumn, we never fully say goodbye, as this first cycle of the season replicates its essence in every corner of the city during the months of November and December.<\/p>\n<p><img loading=\"lazy\" decoding=\"async\" class=\"wp-image-8639 size-full aligncenter\" src=\"https:\/\/www.cruillaconcerts.cat\/wp-content\/uploads\/2025\/05\/CT25_Cartell_WebDesktop_EN-2-scaled.jpg\" alt=\"\" width=\"2560\" height=\"1041\" srcset=\"https:\/\/www.cruillaconcerts.cat\/wp-content\/uploads\/2025\/05\/CT25_Cartell_WebDesktop_EN-2-scaled.jpg 2560w, https:\/\/www.cruillaconcerts.cat\/wp-content\/uploads\/2025\/05\/CT25_Cartell_WebDesktop_EN-2-1024x416.jpg 1024w, https:\/\/www.cruillaconcerts.cat\/wp-content\/uploads\/2025\/05\/CT25_Cartell_WebDesktop_EN-2-768x312.jpg 768w, https:\/\/www.cruillaconcerts.cat\/wp-content\/uploads\/2025\/05\/CT25_Cartell_WebDesktop_EN-2-1536x625.jpg 1536w, https:\/\/www.cruillaconcerts.cat\/wp-content\/uploads\/2025\/05\/CT25_Cartell_WebDesktop_EN-2-2048x833.jpg 2048w, https:\/\/www.cruillaconcerts.cat\/wp-content\/uploads\/2025\/05\/CT25_Cartell_WebDesktop_EN-2-300x122.jpg 300w, https:\/\/www.cruillaconcerts.cat\/wp-content\/uploads\/2025\/05\/CT25_Cartell_WebDesktop_EN-2-1500x610.jpg 1500w\" sizes=\"auto, (max-width: 2560px) 100vw, 2560px\" \/><\/p>\n<hr \/>\n<p style=\"text-align: center;\"><strong><em>Get your tickets here:<\/em><\/strong><\/p>\n<p style=\"text-align: center;\"><a class=\"efsbutton button \" target=\"_blank\">TICKETS<\/a><\/p>\n<hr \/>\n<h3>CYCLE CRU\u00cfLLA HIVERN<\/h3>\n<p data-start=\"1095\" data-end=\"1572\">Every winter, the cold settles into our lives without asking, making the Cru\u00eflla Festival feel like a more distant memory than ever, whether because of the time that has passed since the last edition or because of how long it will be until the next one. Starting in 2024, however, the Cru\u00eflla Winter concert series will join the celebration that truly characterizes this season: the arrival of the Three Kings, the celebration of Carnival, and now, also the new Cru\u00eflla Winter!<\/p>\n<p data-start=\"1574\" data-end=\"2088\" data-is-last-node=\"\" data-is-only-node=\"\">A cycle to regain our body warmth through jumping on the dance floor, improvised choreographies, and the connection with the other strangers who, when the concert ends, will no longer be strangers, but also to keep intact the flame that keeps us addicted to live music. Cru\u00eflla Winter will become the perfect excuse to start the year with energy and will fill this season with the ideal plans to treat ourselves or the people we love: concerts by the hottest local, national, and international bands of the moment.<\/p>\n<p style=\"text-align: center;\" data-start=\"1574\" data-end=\"2088\" data-is-last-node=\"\" data-is-only-node=\"\"><em>CRU\u00cfLLA HIVERN 2025 POSTER COMING SOON!<\/em><\/p>\n","protected":false},"excerpt":{"rendered":"<p>Music all year round! The Festival Cru\u00eflla gifts us, summer after summer, the best four days of the year. An unmatched musical offering, eclectic and diverse [&hellip;]<\/p>\n","protected":false},"author":3,"featured_media":8419,"parent":0,"menu_order":0,"comment_status":"closed","ping_status":"closed","template":"page-templates\/page-landing.php","meta":{"_acf_changed":false,"footnotes":""},"class_list":["post-8426","page","type-page","status-publish","has-post-thumbnail","hentry"],"acf":[],"yoast_head":"<!-- This site is optimized with the Yoast SEO plugin v27.3 - https:\/\/yoast.com\/product\/yoast-seo-wordpress\/ -->\n<title>Cicles Concerts Cru\u00eflla - Cru\u00eflla Concerts<\/title>\n<meta name=\"robots\" content=\"index, follow, max-snippet:-1, max-image-preview:large, max-video-preview:-1\" \/>\n<link rel=\"canonical\" href=\"https:\/\/www.cruillaconcerts.cat\/en\/cicles-concerts-cruilla\/\" \/>\n<meta property=\"og:locale\" content=\"en_US\" \/>\n<meta property=\"og:type\" content=\"article\" \/>\n<meta property=\"og:title\" content=\"Cicles Concerts Cru\u00eflla - Cru\u00eflla Concerts\" \/>\n<meta property=\"og:description\" content=\"Music all year round! The Festival Cru\u00eflla gifts us, summer after summer, the best four days of the year. An unmatched musical offering, eclectic and diverse [&hellip;]\" \/>\n<meta property=\"og:url\" content=\"https:\/\/www.cruillaconcerts.cat\/en\/cicles-concerts-cruilla\/\" \/>\n<meta property=\"og:site_name\" content=\"Cru\u00eflla Concerts\" \/>\n<meta property=\"article:modified_time\" content=\"2025-05-13T11:46:37+00:00\" \/>\n<meta property=\"og:image\" content=\"https:\/\/www.cruillaconcerts.cat\/wp-content\/uploads\/2025\/03\/Sergioblanquez.photo_SEXY-ZEBRA-9-1-scaled.jpg\" \/>\n\t<meta property=\"og:image:width\" content=\"2560\" \/>\n\t<meta property=\"og:image:height\" content=\"1440\" \/>\n\t<meta property=\"og:image:type\" content=\"image\/jpeg\" \/>\n<meta name=\"twitter:card\" content=\"summary_large_image\" \/>\n<meta name=\"twitter:label1\" content=\"Est. reading time\" \/>\n\t<meta name=\"twitter:data1\" content=\"4 minutes\" \/>\n<script type=\"application\/ld+json\" class=\"yoast-schema-graph\">{\"@context\":\"https:\\\/\\\/schema.org\",\"@graph\":[{\"@type\":\"WebPage\",\"@id\":\"https:\\\/\\\/www.cruillaconcerts.cat\\\/en\\\/cicles-concerts-cruilla\\\/\",\"url\":\"https:\\\/\\\/www.cruillaconcerts.cat\\\/en\\\/cicles-concerts-cruilla\\\/\",\"name\":\"Cicles Concerts Cru\u00eflla - Cru\u00eflla Concerts\",\"isPartOf\":{\"@id\":\"https:\\\/\\\/www.cruillaconcerts.cat\\\/en\\\/#website\"},\"primaryImageOfPage\":{\"@id\":\"https:\\\/\\\/www.cruillaconcerts.cat\\\/en\\\/cicles-concerts-cruilla\\\/#primaryimage\"},\"image\":{\"@id\":\"https:\\\/\\\/www.cruillaconcerts.cat\\\/en\\\/cicles-concerts-cruilla\\\/#primaryimage\"},\"thumbnailUrl\":\"https:\\\/\\\/www.cruillaconcerts.cat\\\/wp-content\\\/uploads\\\/2025\\\/03\\\/Sergioblanquez.photo_SEXY-ZEBRA-9-1-scaled.jpg\",\"datePublished\":\"2025-03-17T16:57:04+00:00\",\"dateModified\":\"2025-05-13T11:46:37+00:00\",\"breadcrumb\":{\"@id\":\"https:\\\/\\\/www.cruillaconcerts.cat\\\/en\\\/cicles-concerts-cruilla\\\/#breadcrumb\"},\"inLanguage\":\"en-US\",\"potentialAction\":[{\"@type\":\"ReadAction\",\"target\":[\"https:\\\/\\\/www.cruillaconcerts.cat\\\/en\\\/cicles-concerts-cruilla\\\/\"]}]},{\"@type\":\"ImageObject\",\"inLanguage\":\"en-US\",\"@id\":\"https:\\\/\\\/www.cruillaconcerts.cat\\\/en\\\/cicles-concerts-cruilla\\\/#primaryimage\",\"url\":\"https:\\\/\\\/www.cruillaconcerts.cat\\\/wp-content\\\/uploads\\\/2025\\\/03\\\/Sergioblanquez.photo_SEXY-ZEBRA-9-1-scaled.jpg\",\"contentUrl\":\"https:\\\/\\\/www.cruillaconcerts.cat\\\/wp-content\\\/uploads\\\/2025\\\/03\\\/Sergioblanquez.photo_SEXY-ZEBRA-9-1-scaled.jpg\",\"width\":2560,\"height\":1440},{\"@type\":\"BreadcrumbList\",\"@id\":\"https:\\\/\\\/www.cruillaconcerts.cat\\\/en\\\/cicles-concerts-cruilla\\\/#breadcrumb\",\"itemListElement\":[{\"@type\":\"ListItem\",\"position\":1,\"name\":\"Home\",\"item\":\"https:\\\/\\\/www.cruillaconcerts.cat\\\/en\\\/\"},{\"@type\":\"ListItem\",\"position\":2,\"name\":\"Cicles Concerts Cru\u00eflla\"}]},{\"@type\":\"WebSite\",\"@id\":\"https:\\\/\\\/www.cruillaconcerts.cat\\\/en\\\/#website\",\"url\":\"https:\\\/\\\/www.cruillaconcerts.cat\\\/en\\\/\",\"name\":\"Cru\u00eflla Concerts\",\"description\":\"\",\"potentialAction\":[{\"@type\":\"SearchAction\",\"target\":{\"@type\":\"EntryPoint\",\"urlTemplate\":\"https:\\\/\\\/www.cruillaconcerts.cat\\\/en\\\/?s={search_term_string}\"},\"query-input\":{\"@type\":\"PropertyValueSpecification\",\"valueRequired\":true,\"valueName\":\"search_term_string\"}}],\"inLanguage\":\"en-US\"}]}<\/script>\n<!-- \/ Yoast SEO plugin. -->","yoast_head_json":{"title":"Cicles Concerts Cru\u00eflla - Cru\u00eflla Concerts","robots":{"index":"index","follow":"follow","max-snippet":"max-snippet:-1","max-image-preview":"max-image-preview:large","max-video-preview":"max-video-preview:-1"},"canonical":"https:\/\/www.cruillaconcerts.cat\/en\/cicles-concerts-cruilla\/","og_locale":"en_US","og_type":"article","og_title":"Cicles Concerts Cru\u00eflla - Cru\u00eflla Concerts","og_description":"Music all year round! The Festival Cru\u00eflla gifts us, summer after summer, the best four days of the year. An unmatched musical offering, eclectic and diverse [&hellip;]","og_url":"https:\/\/www.cruillaconcerts.cat\/en\/cicles-concerts-cruilla\/","og_site_name":"Cru\u00eflla Concerts","article_modified_time":"2025-05-13T11:46:37+00:00","og_image":[{"width":2560,"height":1440,"url":"https:\/\/www.cruillaconcerts.cat\/wp-content\/uploads\/2025\/03\/Sergioblanquez.photo_SEXY-ZEBRA-9-1-scaled.jpg","type":"image\/jpeg"}],"twitter_card":"summary_large_image","twitter_misc":{"Est. reading time":"4 minutes"},"schema":{"@context":"https:\/\/schema.org","@graph":[{"@type":"WebPage","@id":"https:\/\/www.cruillaconcerts.cat\/en\/cicles-concerts-cruilla\/","url":"https:\/\/www.cruillaconcerts.cat\/en\/cicles-concerts-cruilla\/","name":"Cicles Concerts Cru\u00eflla - Cru\u00eflla Concerts","isPartOf":{"@id":"https:\/\/www.cruillaconcerts.cat\/en\/#website"},"primaryImageOfPage":{"@id":"https:\/\/www.cruillaconcerts.cat\/en\/cicles-concerts-cruilla\/#primaryimage"},"image":{"@id":"https:\/\/www.cruillaconcerts.cat\/en\/cicles-concerts-cruilla\/#primaryimage"},"thumbnailUrl":"https:\/\/www.cruillaconcerts.cat\/wp-content\/uploads\/2025\/03\/Sergioblanquez.photo_SEXY-ZEBRA-9-1-scaled.jpg","datePublished":"2025-03-17T16:57:04+00:00","dateModified":"2025-05-13T11:46:37+00:00","breadcrumb":{"@id":"https:\/\/www.cruillaconcerts.cat\/en\/cicles-concerts-cruilla\/#breadcrumb"},"inLanguage":"en-US","potentialAction":[{"@type":"ReadAction","target":["https:\/\/www.cruillaconcerts.cat\/en\/cicles-concerts-cruilla\/"]}]},{"@type":"ImageObject","inLanguage":"en-US","@id":"https:\/\/www.cruillaconcerts.cat\/en\/cicles-concerts-cruilla\/#primaryimage","url":"https:\/\/www.cruillaconcerts.cat\/wp-content\/uploads\/2025\/03\/Sergioblanquez.photo_SEXY-ZEBRA-9-1-scaled.jpg","contentUrl":"https:\/\/www.cruillaconcerts.cat\/wp-content\/uploads\/2025\/03\/Sergioblanquez.photo_SEXY-ZEBRA-9-1-scaled.jpg","width":2560,"height":1440},{"@type":"BreadcrumbList","@id":"https:\/\/www.cruillaconcerts.cat\/en\/cicles-concerts-cruilla\/#breadcrumb","itemListElement":[{"@type":"ListItem","position":1,"name":"Home","item":"https:\/\/www.cruillaconcerts.cat\/en\/"},{"@type":"ListItem","position":2,"name":"Cicles Concerts Cru\u00eflla"}]},{"@type":"WebSite","@id":"https:\/\/www.cruillaconcerts.cat\/en\/#website","url":"https:\/\/www.cruillaconcerts.cat\/en\/","name":"Cru\u00eflla Concerts","description":"","potentialAction":[{"@type":"SearchAction","target":{"@type":"EntryPoint","urlTemplate":"https:\/\/www.cruillaconcerts.cat\/en\/?s={search_term_string}"},"query-input":{"@type":"PropertyValueSpecification","valueRequired":true,"valueName":"search_term_string"}}],"inLanguage":"en-US"}]}},"_links":{"self":[{"href":"https:\/\/www.cruillaconcerts.cat\/en\/wp-json\/wp\/v2\/pages\/8426","targetHints":{"allow":["GET"]}}],"collection":[{"href":"https:\/\/www.cruillaconcerts.cat\/en\/wp-json\/wp\/v2\/pages"}],"about":[{"href":"https:\/\/www.cruillaconcerts.cat\/en\/wp-json\/wp\/v2\/types\/page"}],"author":[{"embeddable":true,"href":"https:\/\/www.cruillaconcerts.cat\/en\/wp-json\/wp\/v2\/users\/3"}],"replies":[{"embeddable":true,"href":"https:\/\/www.cruillaconcerts.cat\/en\/wp-json\/wp\/v2\/comments?post=8426"}],"version-history":[{"count":5,"href":"https:\/\/www.cruillaconcerts.cat\/en\/wp-json\/wp\/v2\/pages\/8426\/revisions"}],"predecessor-version":[{"id":8664,"href":"https:\/\/www.cruillaconcerts.cat\/en\/wp-json\/wp\/v2\/pages\/8426\/revisions\/8664"}],"wp:featuredmedia":[{"embeddable":true,"href":"https:\/\/www.cruillaconcerts.cat\/en\/wp-json\/wp\/v2\/media\/8419"}],"wp:attachment":[{"href":"https:\/\/www.cruillaconcerts.cat\/en\/wp-json\/wp\/v2\/media?parent=8426"}],"curies":[{"name":"wp","href":"https:\/\/api.w.org\/{rel}","templated":true}]}}