{"id":1762,"date":"2023-01-18T14:26:52","date_gmt":"2023-01-18T14:26:52","guid":{"rendered":"https:\/\/www.cruillaconcerts.cat\/tots-els-concerts\/"},"modified":"2026-03-23T09:46:07","modified_gmt":"2026-03-23T09:46:07","slug":"agenda-de-concerts","status":"publish","type":"page","link":"https:\/\/www.cruillaconcerts.cat\/es\/agenda-de-concerts\/","title":{"rendered":"Agenda de conciertos"},"content":{"rendered":"\n<header class=\"wp-block-group has-foreground-background-color has-background is-layout-flow wp-block-group-is-layout-flow\" style=\"margin-top:0;margin-bottom:0\">\n<h1 class=\"wp-block-heading has-text-align-center has-background-color has-text-color has-link-color has-x-large-font-size wp-elements-03f916ad8f878494723b39ccc47eea0c\" style=\"text-transform:uppercase\">Agenda de conciertos<\/h1>\n<\/header>\n\n\n\n\n<section id=\"artist-list-block_830ee9a3a75b508556fe7f1b68de7e28\" class=\"artist-list-block grid disable-click-for-preview\">\n\n        \n\n<article class=\"artist-item element-item post-10828 artists type-artists status-publish has-post-thumbnail hentry artists_location-sant-jordi-club artists_edition-cruilla-concerts-2026\">\n\n    \n    \n\n\n    <a href=\"https:\/\/www.cruillaconcerts.cat\/es\/artists\/pau-vallve\/\" title=\"Pau Vallv\u00e9\">\n\n        <img loading=\"lazy\" decoding=\"async\" width=\"1000\" height=\"1000\" src=\"https:\/\/www.cruillaconcerts.cat\/wp-content\/uploads\/2022\/07\/Pau-Vallve-2024-Foto-Laura-Sistero-Impremta-300ppi-1.jpg\" class=\"attachment-large size-large wp-post-image\" alt=\"\" srcset=\"https:\/\/www.cruillaconcerts.cat\/wp-content\/uploads\/2022\/07\/Pau-Vallve-2024-Foto-Laura-Sistero-Impremta-300ppi-1.jpg 1000w, https:\/\/www.cruillaconcerts.cat\/wp-content\/uploads\/2022\/07\/Pau-Vallve-2024-Foto-Laura-Sistero-Impremta-300ppi-1-150x150.jpg 150w, https:\/\/www.cruillaconcerts.cat\/wp-content\/uploads\/2022\/07\/Pau-Vallve-2024-Foto-Laura-Sistero-Impremta-300ppi-1-768x768.jpg 768w, https:\/\/www.cruillaconcerts.cat\/wp-content\/uploads\/2022\/07\/Pau-Vallve-2024-Foto-Laura-Sistero-Impremta-300ppi-1-300x300.jpg 300w, https:\/\/www.cruillaconcerts.cat\/wp-content\/uploads\/2022\/07\/Pau-Vallve-2024-Foto-Laura-Sistero-Impremta-300ppi-1-600x600.jpg 600w\" sizes=\"auto, (max-width: 1000px) 100vw, 1000px\" \/>\n        <div class=\"inner\">\n            <p class=\"title\">\n                Pau Vallv\u00e9            <\/p>\n\n<!-- !location_has_value() && !date1_has_value() -->\n\n                            <div class=\"meta\">\n                                            <div class=\"date\">\n                            <svg class=\"icon\" viewBox=\"0 0 60 60\">\n                                <use xlink:href=\"#calendar\"><\/use>\n                            <\/svg>\n                            <div class=\"date-text\">\n                                                                                                <div class=\"multi-date\">\n                                    <span><\/span><span><\/span><span><\/span><span><\/span>                                <\/div>\n                            <\/div>\n                        <\/div>\n                                                                <div class=\"location\">\n                            <svg class=\"icon\" viewBox=\"0 0 60 60\">\n                                <use xlink:href=\"#location\"><\/use>\n                            <\/svg>\n                            Sant Jordi Club                        <\/div>\n                                    <\/div>\n            \n\n\n\n        <\/div>\n    <\/a>\n            <button class=\"artist_play_button\" data-open=\"modal_video\" data-video=\"ZQcdgQROWtU\">\n            <svg class=\"icon\" viewBox=\"0 0 60 60\">\n                <use xlink:href=\"#play\"><\/use>\n            <\/svg>\n            <span>Video<\/span>\n        <\/button>\n    \n\n<\/article>        \n\n<article class=\"artist-item element-item 20260417 post-9699 artists type-artists status-publish has-post-thumbnail hentry artists_location-la-paloma artists_edition-cruilla-concerts-2026\">\n\n    \n    \n\n\n    <a href=\"https:\/\/www.cruillaconcerts.cat\/es\/artists\/tinariwen\/\" title=\"Tinariwen\">\n\n        <img loading=\"lazy\" decoding=\"async\" width=\"1000\" height=\"1000\" src=\"https:\/\/www.cruillaconcerts.cat\/wp-content\/uploads\/2025\/10\/TINARIWEN.png\" class=\"attachment-large size-large wp-post-image\" alt=\"\" srcset=\"https:\/\/www.cruillaconcerts.cat\/wp-content\/uploads\/2025\/10\/TINARIWEN.png 1000w, https:\/\/www.cruillaconcerts.cat\/wp-content\/uploads\/2025\/10\/TINARIWEN-150x150.png 150w, https:\/\/www.cruillaconcerts.cat\/wp-content\/uploads\/2025\/10\/TINARIWEN-768x768.png 768w, https:\/\/www.cruillaconcerts.cat\/wp-content\/uploads\/2025\/10\/TINARIWEN-300x300.png 300w, https:\/\/www.cruillaconcerts.cat\/wp-content\/uploads\/2025\/10\/TINARIWEN-600x600.png 600w\" sizes=\"auto, (max-width: 1000px) 100vw, 1000px\" \/>\n        <div class=\"inner\">\n            <p class=\"title\">\n                Tinariwen            <\/p>\n\n<!-- !location_has_value() && !date1_has_value() -->\n\n                            <div class=\"meta\">\n                                            <div class=\"date\">\n                            <svg class=\"icon\" viewBox=\"0 0 60 60\">\n                                <use xlink:href=\"#calendar\"><\/use>\n                            <\/svg>\n                            <div class=\"date-text\">\n                                viernes 17 abril &nbsp;20:00                                                                <div class=\"multi-date\">\n                                    <span><\/span><span><\/span><span><\/span><span><\/span>                                <\/div>\n                            <\/div>\n                        <\/div>\n                                                                <div class=\"location\">\n                            <svg class=\"icon\" viewBox=\"0 0 60 60\">\n                                <use xlink:href=\"#location\"><\/use>\n                            <\/svg>\n                            La Paloma                        <\/div>\n                                    <\/div>\n            \n\n\n\n        <\/div>\n    <\/a>\n            <button class=\"artist_play_button\" data-open=\"modal_video\" data-video=\"I9oZAAA62gg\">\n            <svg class=\"icon\" viewBox=\"0 0 60 60\">\n                <use xlink:href=\"#play\"><\/use>\n            <\/svg>\n            <span>Video<\/span>\n        <\/button>\n    \n\n<\/article>        \n\n<article class=\"artist-item element-item 20260720 post-10636 artists type-artists status-publish has-post-thumbnail hentry artists_location-la-2-apolo artists_edition-cruilla-concerts-2026\">\n\n    \n    \n\n\n    <a href=\"https:\/\/www.cruillaconcerts.cat\/es\/artists\/micah-p-hinson\/\" title=\"Micah P. Hinson\">\n\n        <img loading=\"lazy\" decoding=\"async\" width=\"1000\" height=\"1000\" src=\"https:\/\/www.cruillaconcerts.cat\/wp-content\/uploads\/2026\/02\/CC26_MicahPHinson_Web.jpg\" class=\"attachment-large size-large wp-post-image\" alt=\"\" srcset=\"https:\/\/www.cruillaconcerts.cat\/wp-content\/uploads\/2026\/02\/CC26_MicahPHinson_Web.jpg 1000w, https:\/\/www.cruillaconcerts.cat\/wp-content\/uploads\/2026\/02\/CC26_MicahPHinson_Web-300x300.jpg 300w, https:\/\/www.cruillaconcerts.cat\/wp-content\/uploads\/2026\/02\/CC26_MicahPHinson_Web-150x150.jpg 150w, https:\/\/www.cruillaconcerts.cat\/wp-content\/uploads\/2026\/02\/CC26_MicahPHinson_Web-800x800.jpg 800w\" sizes=\"auto, (max-width: 1000px) 100vw, 1000px\" \/>\n        <div class=\"inner\">\n            <p class=\"title\">\n                Micah P. Hinson            <\/p>\n\n<!-- !location_has_value() && !date1_has_value() -->\n\n                            <div class=\"meta\">\n                                            <div class=\"date\">\n                            <svg class=\"icon\" viewBox=\"0 0 60 60\">\n                                <use xlink:href=\"#calendar\"><\/use>\n                            <\/svg>\n                            <div class=\"date-text\">\n                                lunes 20 julio &nbsp;21:00                                                                <div class=\"multi-date\">\n                                    <span><\/span><span><\/span><span><\/span><span><\/span>                                <\/div>\n                            <\/div>\n                        <\/div>\n                                                                <div class=\"location\">\n                            <svg class=\"icon\" viewBox=\"0 0 60 60\">\n                                <use xlink:href=\"#location\"><\/use>\n                            <\/svg>\n                            La [2] d&#039;Apolo                        <\/div>\n                                    <\/div>\n            \n\n\n\n        <\/div>\n    <\/a>\n            <button class=\"artist_play_button\" data-open=\"modal_video\" data-video=\"GFGh6hkhqSo\">\n            <svg class=\"icon\" viewBox=\"0 0 60 60\">\n                <use xlink:href=\"#play\"><\/use>\n            <\/svg>\n            <span>Video<\/span>\n        <\/button>\n    \n\n<\/article>        \n\n<article class=\"artist-item element-item 20261013 post-10671 artists type-artists status-publish has-post-thumbnail hentry artists_location-palau-sant-jordi artists_edition-cruilla-concerts-2026\">\n\n    \n    \n\n\n    <a href=\"https:\/\/www.cruillaconcerts.cat\/es\/artists\/trueno\/\" title=\"Trueno\">\n\n        <img loading=\"lazy\" decoding=\"async\" width=\"1000\" height=\"1000\" src=\"https:\/\/www.cruillaconcerts.cat\/wp-content\/uploads\/2026\/02\/CT26_Web_Trueno.jpg\" class=\"attachment-large size-large wp-post-image\" alt=\"\" srcset=\"https:\/\/www.cruillaconcerts.cat\/wp-content\/uploads\/2026\/02\/CT26_Web_Trueno.jpg 1000w, https:\/\/www.cruillaconcerts.cat\/wp-content\/uploads\/2026\/02\/CT26_Web_Trueno-300x300.jpg 300w, https:\/\/www.cruillaconcerts.cat\/wp-content\/uploads\/2026\/02\/CT26_Web_Trueno-150x150.jpg 150w, https:\/\/www.cruillaconcerts.cat\/wp-content\/uploads\/2026\/02\/CT26_Web_Trueno-800x800.jpg 800w\" sizes=\"auto, (max-width: 1000px) 100vw, 1000px\" \/>\n        <div class=\"inner\">\n            <p class=\"title\">\n                Trueno            <\/p>\n\n<!-- !location_has_value() && !date1_has_value() -->\n\n                            <div class=\"meta\">\n                                            <div class=\"date\">\n                            <svg class=\"icon\" viewBox=\"0 0 60 60\">\n                                <use xlink:href=\"#calendar\"><\/use>\n                            <\/svg>\n                            <div class=\"date-text\">\n                                martes 13 octubre &nbsp;21:00                                                                <div class=\"multi-date\">\n                                    <span><\/span><span><\/span><span><\/span><span><\/span>                                <\/div>\n                            <\/div>\n                        <\/div>\n                                                                <div class=\"location\">\n                            <svg class=\"icon\" viewBox=\"0 0 60 60\">\n                                <use xlink:href=\"#location\"><\/use>\n                            <\/svg>\n                            Palau Sant Jordi                        <\/div>\n                                    <\/div>\n            \n\n\n\n        <\/div>\n    <\/a>\n            <button class=\"artist_play_button\" data-open=\"modal_video\" data-video=\"gYZEBzHNRDg\">\n            <svg class=\"icon\" viewBox=\"0 0 60 60\">\n                <use xlink:href=\"#play\"><\/use>\n            <\/svg>\n            <span>Video<\/span>\n        <\/button>\n    \n\n<\/article>        \n\n<article class=\"artist-item element-item 20261016 post-10866 artists type-artists status-publish has-post-thumbnail hentry artists_location-sala-apolo artists_edition-cruilla-concerts-2026\">\n\n    \n    \n\n\n    <a href=\"https:\/\/www.cruillaconcerts.cat\/es\/artists\/chiquita-movida\/\" title=\"Chiquita Movida\">\n\n        <img loading=\"lazy\" decoding=\"async\" width=\"1000\" height=\"1000\" src=\"https:\/\/www.cruillaconcerts.cat\/wp-content\/uploads\/2026\/04\/ChiquitaMovida.jpg\" class=\"attachment-large size-large wp-post-image\" alt=\"\" srcset=\"https:\/\/www.cruillaconcerts.cat\/wp-content\/uploads\/2026\/04\/ChiquitaMovida.jpg 1000w, https:\/\/www.cruillaconcerts.cat\/wp-content\/uploads\/2026\/04\/ChiquitaMovida-300x300.jpg 300w, https:\/\/www.cruillaconcerts.cat\/wp-content\/uploads\/2026\/04\/ChiquitaMovida-150x150.jpg 150w, https:\/\/www.cruillaconcerts.cat\/wp-content\/uploads\/2026\/04\/ChiquitaMovida-800x800.jpg 800w\" sizes=\"auto, (max-width: 1000px) 100vw, 1000px\" \/>\n        <div class=\"inner\">\n            <p class=\"title\">\n                Chiquita Movida            <\/p>\n\n<!-- !location_has_value() && !date1_has_value() -->\n\n                            <div class=\"meta\">\n                                            <div class=\"date\">\n                            <svg class=\"icon\" viewBox=\"0 0 60 60\">\n                                <use xlink:href=\"#calendar\"><\/use>\n                            <\/svg>\n                            <div class=\"date-text\">\n                                viernes 16 octubre &nbsp;21:00                                                                <div class=\"multi-date\">\n                                    <span><\/span><span><\/span><span><\/span><span><\/span>                                <\/div>\n                            <\/div>\n                        <\/div>\n                                                                <div class=\"location\">\n                            <svg class=\"icon\" viewBox=\"0 0 60 60\">\n                                <use xlink:href=\"#location\"><\/use>\n                            <\/svg>\n                            Sala Apolo                        <\/div>\n                                    <\/div>\n            \n\n\n\n        <\/div>\n    <\/a>\n            <button class=\"artist_play_button\" data-open=\"modal_video\" data-video=\"Vlfwj0tWEDI\">\n            <svg class=\"icon\" viewBox=\"0 0 60 60\">\n                <use xlink:href=\"#play\"><\/use>\n            <\/svg>\n            <span>Video<\/span>\n        <\/button>\n    \n\n<\/article>        \n\n<article class=\"artist-item element-item 20270122 post-10878 artists type-artists status-publish has-post-thumbnail hentry artists_location-sala-apolo artists_edition-cruilla-concerts-2027\">\n\n    \n    \n\n\n    <a href=\"https:\/\/www.cruillaconcerts.cat\/es\/artists\/mujeres-2\/\" title=\"MUJERES\">\n\n        <img loading=\"lazy\" decoding=\"async\" width=\"1000\" height=\"1000\" src=\"https:\/\/www.cruillaconcerts.cat\/wp-content\/uploads\/2026\/03\/CH27_Mujeres_FotoWeb-1-1.jpg\" class=\"attachment-large size-large wp-post-image\" alt=\"\" srcset=\"https:\/\/www.cruillaconcerts.cat\/wp-content\/uploads\/2026\/03\/CH27_Mujeres_FotoWeb-1-1.jpg 1000w, https:\/\/www.cruillaconcerts.cat\/wp-content\/uploads\/2026\/03\/CH27_Mujeres_FotoWeb-1-1-300x300.jpg 300w, https:\/\/www.cruillaconcerts.cat\/wp-content\/uploads\/2026\/03\/CH27_Mujeres_FotoWeb-1-1-150x150.jpg 150w, https:\/\/www.cruillaconcerts.cat\/wp-content\/uploads\/2026\/03\/CH27_Mujeres_FotoWeb-1-1-800x800.jpg 800w\" sizes=\"auto, (max-width: 1000px) 100vw, 1000px\" \/>\n        <div class=\"inner\">\n            <p class=\"title\">\n                MUJERES            <\/p>\n\n<!-- !location_has_value() && !date1_has_value() -->\n\n                            <div class=\"meta\">\n                                            <div class=\"date\">\n                            <svg class=\"icon\" viewBox=\"0 0 60 60\">\n                                <use xlink:href=\"#calendar\"><\/use>\n                            <\/svg>\n                            <div class=\"date-text\">\n                                viernes 22                                                                 <div class=\"multi-date\">\n                                    <span><\/span><span><\/span><span><\/span><span><\/span>                                <\/div>\n                            <\/div>\n                        <\/div>\n                                                                <div class=\"location\">\n                            <svg class=\"icon\" viewBox=\"0 0 60 60\">\n                                <use xlink:href=\"#location\"><\/use>\n                            <\/svg>\n                            Sala Apolo                        <\/div>\n                                    <\/div>\n            \n\n\n\n        <\/div>\n    <\/a>\n            <button class=\"artist_play_button\" data-open=\"modal_video\" data-video=\"WFbLghDBRdY\">\n            <svg class=\"icon\" viewBox=\"0 0 60 60\">\n                <use xlink:href=\"#play\"><\/use>\n            <\/svg>\n            <span>Video<\/span>\n        <\/button>\n    \n\n<\/article>        \n\n<article class=\"artist-item element-item 20261228 post-1417 artists type-artists status-publish has-post-thumbnail hentry artists_location-razzmatazz-1 artists_style-urbana artists_nationality-catala artists_audience_age-jove artists_edition-cruilla-concerts-2026\">\n\n    \n    \n\n\n    <a href=\"https:\/\/www.cruillaconcerts.cat\/es\/artists\/31-fam\/\" title=\"31 FAM\">\n\n        <img loading=\"lazy\" decoding=\"async\" width=\"1000\" height=\"1000\" src=\"https:\/\/www.cruillaconcerts.cat\/wp-content\/uploads\/2026\/03\/31fam.jpg\" class=\"attachment-large size-large wp-post-image\" alt=\"\" srcset=\"https:\/\/www.cruillaconcerts.cat\/wp-content\/uploads\/2026\/03\/31fam.jpg 1000w, https:\/\/www.cruillaconcerts.cat\/wp-content\/uploads\/2026\/03\/31fam-300x300.jpg 300w, https:\/\/www.cruillaconcerts.cat\/wp-content\/uploads\/2026\/03\/31fam-150x150.jpg 150w, https:\/\/www.cruillaconcerts.cat\/wp-content\/uploads\/2026\/03\/31fam-800x800.jpg 800w\" sizes=\"auto, (max-width: 1000px) 100vw, 1000px\" \/>\n        <div class=\"inner\">\n            <p class=\"title\">\n                31 FAM            <\/p>\n\n<!-- !location_has_value() && !date1_has_value() -->\n\n                            <div class=\"meta\">\n                                            <div class=\"date\">\n                            <svg class=\"icon\" viewBox=\"0 0 60 60\">\n                                <use xlink:href=\"#calendar\"><\/use>\n                            <\/svg>\n                            <div class=\"date-text\">\n                                lunes 28 diciembre &nbsp;20:30                                                                <div class=\"multi-date\">\n                                    <span><\/span><span><\/span><span><\/span><span><\/span>                                <\/div>\n                            <\/div>\n                        <\/div>\n                                                                <div class=\"location\">\n                            <svg class=\"icon\" viewBox=\"0 0 60 60\">\n                                <use xlink:href=\"#location\"><\/use>\n                            <\/svg>\n                            Razzmatazz 1                        <\/div>\n                                    <\/div>\n            \n\n\n\n        <\/div>\n    <\/a>\n            <button class=\"artist_play_button\" data-open=\"modal_video\" data-video=\"lowN2QPICGk\">\n            <svg class=\"icon\" viewBox=\"0 0 60 60\">\n                <use xlink:href=\"#play\"><\/use>\n            <\/svg>\n            <span>Video<\/span>\n        <\/button>\n    \n\n<\/article>  \n\n\n\n\n<\/section>","protected":false},"excerpt":{"rendered":"<p>Agenda de conciertos<\/p>\n","protected":false},"author":3,"featured_media":0,"parent":0,"menu_order":0,"comment_status":"closed","ping_status":"closed","template":"","meta":{"_acf_changed":false,"footnotes":""},"class_list":["post-1762","page","type-page","status-publish","hentry"],"acf":[],"yoast_head":"<!-- This site is optimized with the Yoast SEO plugin v27.3 - https:\/\/yoast.com\/product\/yoast-seo-wordpress\/ -->\n<title>Agenda de conciertos - Cru\u00eflla Concerts<\/title>\n<meta name=\"description\" content=\"Consulta la agenda con todas las actuaciones programadas para el Cru\u00eflla Tardor y los conciertos Cru\u00eflla Concerts.\" \/>\n<meta name=\"robots\" content=\"index, follow, max-snippet:-1, max-image-preview:large, max-video-preview:-1\" \/>\n<link rel=\"canonical\" href=\"https:\/\/www.cruillaconcerts.cat\/es\/agenda-de-concerts\/\" \/>\n<meta property=\"og:locale\" content=\"es_ES\" \/>\n<meta property=\"og:type\" content=\"article\" \/>\n<meta property=\"og:title\" content=\"Agenda de conciertos - Cru\u00eflla Concerts\" \/>\n<meta property=\"og:description\" content=\"Consulta la agenda con todas las actuaciones programadas para el Cru\u00eflla Tardor y los conciertos Cru\u00eflla Concerts.\" \/>\n<meta property=\"og:url\" content=\"https:\/\/www.cruillaconcerts.cat\/es\/agenda-de-concerts\/\" \/>\n<meta property=\"og:site_name\" content=\"Cru\u00eflla Concerts\" \/>\n<meta property=\"article:modified_time\" content=\"2026-03-23T09:46:07+00:00\" \/>\n<meta name=\"twitter:card\" content=\"summary_large_image\" \/>\n<meta name=\"twitter:label1\" content=\"Tiempo de lectura\" \/>\n\t<meta name=\"twitter:data1\" content=\"1 minuto\" \/>\n<script type=\"application\/ld+json\" class=\"yoast-schema-graph\">{\"@context\":\"https:\\\/\\\/schema.org\",\"@graph\":[{\"@type\":\"WebPage\",\"@id\":\"https:\\\/\\\/www.cruillaconcerts.cat\\\/es\\\/agenda-de-concerts\\\/\",\"url\":\"https:\\\/\\\/www.cruillaconcerts.cat\\\/es\\\/agenda-de-concerts\\\/\",\"name\":\"Agenda de conciertos - Cru\u00eflla Concerts\",\"isPartOf\":{\"@id\":\"https:\\\/\\\/www.cruillaconcerts.cat\\\/es\\\/#website\"},\"datePublished\":\"2023-01-18T14:26:52+00:00\",\"dateModified\":\"2026-03-23T09:46:07+00:00\",\"description\":\"Consulta la agenda con todas las actuaciones programadas para el Cru\u00eflla Tardor y los conciertos Cru\u00eflla Concerts.\",\"breadcrumb\":{\"@id\":\"https:\\\/\\\/www.cruillaconcerts.cat\\\/es\\\/agenda-de-concerts\\\/#breadcrumb\"},\"inLanguage\":\"es\",\"potentialAction\":[{\"@type\":\"ReadAction\",\"target\":[\"https:\\\/\\\/www.cruillaconcerts.cat\\\/es\\\/agenda-de-concerts\\\/\"]}]},{\"@type\":\"BreadcrumbList\",\"@id\":\"https:\\\/\\\/www.cruillaconcerts.cat\\\/es\\\/agenda-de-concerts\\\/#breadcrumb\",\"itemListElement\":[{\"@type\":\"ListItem\",\"position\":1,\"name\":\"Home\",\"item\":\"https:\\\/\\\/www.cruillaconcerts.cat\\\/es\\\/\"},{\"@type\":\"ListItem\",\"position\":2,\"name\":\"Agenda de conciertos\"}]},{\"@type\":\"WebSite\",\"@id\":\"https:\\\/\\\/www.cruillaconcerts.cat\\\/es\\\/#website\",\"url\":\"https:\\\/\\\/www.cruillaconcerts.cat\\\/es\\\/\",\"name\":\"Cru\u00eflla Concerts\",\"description\":\"\",\"potentialAction\":[{\"@type\":\"SearchAction\",\"target\":{\"@type\":\"EntryPoint\",\"urlTemplate\":\"https:\\\/\\\/www.cruillaconcerts.cat\\\/es\\\/?s={search_term_string}\"},\"query-input\":{\"@type\":\"PropertyValueSpecification\",\"valueRequired\":true,\"valueName\":\"search_term_string\"}}],\"inLanguage\":\"es\"}]}<\/script>\n<!-- \/ Yoast SEO plugin. -->","yoast_head_json":{"title":"Agenda de conciertos - Cru\u00eflla Concerts","description":"Consulta la agenda con todas las actuaciones programadas para el Cru\u00eflla Tardor y los conciertos Cru\u00eflla Concerts.","robots":{"index":"index","follow":"follow","max-snippet":"max-snippet:-1","max-image-preview":"max-image-preview:large","max-video-preview":"max-video-preview:-1"},"canonical":"https:\/\/www.cruillaconcerts.cat\/es\/agenda-de-concerts\/","og_locale":"es_ES","og_type":"article","og_title":"Agenda de conciertos - Cru\u00eflla Concerts","og_description":"Consulta la agenda con todas las actuaciones programadas para el Cru\u00eflla Tardor y los conciertos Cru\u00eflla Concerts.","og_url":"https:\/\/www.cruillaconcerts.cat\/es\/agenda-de-concerts\/","og_site_name":"Cru\u00eflla Concerts","article_modified_time":"2026-03-23T09:46:07+00:00","twitter_card":"summary_large_image","twitter_misc":{"Tiempo de lectura":"1 minuto"},"schema":{"@context":"https:\/\/schema.org","@graph":[{"@type":"WebPage","@id":"https:\/\/www.cruillaconcerts.cat\/es\/agenda-de-concerts\/","url":"https:\/\/www.cruillaconcerts.cat\/es\/agenda-de-concerts\/","name":"Agenda de conciertos - Cru\u00eflla Concerts","isPartOf":{"@id":"https:\/\/www.cruillaconcerts.cat\/es\/#website"},"datePublished":"2023-01-18T14:26:52+00:00","dateModified":"2026-03-23T09:46:07+00:00","description":"Consulta la agenda con todas las actuaciones programadas para el Cru\u00eflla Tardor y los conciertos Cru\u00eflla Concerts.","breadcrumb":{"@id":"https:\/\/www.cruillaconcerts.cat\/es\/agenda-de-concerts\/#breadcrumb"},"inLanguage":"es","potentialAction":[{"@type":"ReadAction","target":["https:\/\/www.cruillaconcerts.cat\/es\/agenda-de-concerts\/"]}]},{"@type":"BreadcrumbList","@id":"https:\/\/www.cruillaconcerts.cat\/es\/agenda-de-concerts\/#breadcrumb","itemListElement":[{"@type":"ListItem","position":1,"name":"Home","item":"https:\/\/www.cruillaconcerts.cat\/es\/"},{"@type":"ListItem","position":2,"name":"Agenda de conciertos"}]},{"@type":"WebSite","@id":"https:\/\/www.cruillaconcerts.cat\/es\/#website","url":"https:\/\/www.cruillaconcerts.cat\/es\/","name":"Cru\u00eflla Concerts","description":"","potentialAction":[{"@type":"SearchAction","target":{"@type":"EntryPoint","urlTemplate":"https:\/\/www.cruillaconcerts.cat\/es\/?s={search_term_string}"},"query-input":{"@type":"PropertyValueSpecification","valueRequired":true,"valueName":"search_term_string"}}],"inLanguage":"es"}]}},"_links":{"self":[{"href":"https:\/\/www.cruillaconcerts.cat\/es\/wp-json\/wp\/v2\/pages\/1762","targetHints":{"allow":["GET"]}}],"collection":[{"href":"https:\/\/www.cruillaconcerts.cat\/es\/wp-json\/wp\/v2\/pages"}],"about":[{"href":"https:\/\/www.cruillaconcerts.cat\/es\/wp-json\/wp\/v2\/types\/page"}],"author":[{"embeddable":true,"href":"https:\/\/www.cruillaconcerts.cat\/es\/wp-json\/wp\/v2\/users\/3"}],"replies":[{"embeddable":true,"href":"https:\/\/www.cruillaconcerts.cat\/es\/wp-json\/wp\/v2\/comments?post=1762"}],"version-history":[{"count":5,"href":"https:\/\/www.cruillaconcerts.cat\/es\/wp-json\/wp\/v2\/pages\/1762\/revisions"}],"predecessor-version":[{"id":10814,"href":"https:\/\/www.cruillaconcerts.cat\/es\/wp-json\/wp\/v2\/pages\/1762\/revisions\/10814"}],"wp:attachment":[{"href":"https:\/\/www.cruillaconcerts.cat\/es\/wp-json\/wp\/v2\/media?parent=1762"}],"curies":[{"name":"wp","href":"https:\/\/api.w.org\/{rel}","templated":true}]}}