{"id":1789,"date":"2023-01-31T10:34:25","date_gmt":"2023-01-31T10:34:25","guid":{"rendered":"https:\/\/www.cruillaconcerts.cat\/?page_id=1789"},"modified":"2024-04-25T09:29:32","modified_gmt":"2024-04-25T09:29:32","slug":"cruilla-do-terra-alta","status":"publish","type":"page","link":"https:\/\/www.cruillaconcerts.cat\/es\/cruilla-do-terra-alta\/","title":{"rendered":"Cru\u00eflla DO Terra Alta"},"content":{"rendered":"<h2 style=\"text-align: center;\">\u00a1M\u00daSICA ENTRE VI\u00d1EDOS!<\/h2>\n<p>Tras una primera edici\u00f3n inolvidable, el festival\u00a0<strong>Cru\u00eflla DO Terra Alta<\/strong> se celebr\u00f3 por segunda vez los d\u00edas <strong>19<\/strong>, <strong>20 y 21 de abril de 2024<\/strong>. Una vez m\u00e1s, el festival llev\u00f3 hasta la comarca de la <strong>Terra Alta<\/strong> un cachito de la esencia Cru\u00eflla, permitiendo a los festivaleros de todas partes descubrir este territorio, su cultura y su gastronom\u00eda.<\/p>\n<p>La m\u00fasica y el vino fueron los grandes protagonistas del Cru\u00eflla DO Terra Alta. El viernes 19 la cantantautora <strong>Judit Neddermann<\/strong> fu\u00e9 la encargada de abrir el festival con un concierto inaugural en la iglesia de Corbera d&#8217;Ebre. La banda sonora del resto del fin de semana estubo en manos de <strong>Oques Grasses y Gertrudis,\u00a0<\/strong>que actuaron por la noche el s\u00e1bado 20 de abril en el Campo de F\u00fatbol de Batea, y<strong> Figa Flawas <\/strong>y<strong> El Pony Menut<\/strong>, que cerraron el festival durante la ma\u00f1ana y el mediod\u00eda del domingo 21 de abril en el mismo escenario. Adem\u00e1s, la <strong>DJ Trapella<\/strong> ameniz\u00f3 las esperas durante las dos jornadas en el <strong>espacio Village<\/strong>, donde se pudo degustar una <strong>enorme oferta de vinos de esta DO<\/strong>\u00a0con varias propuestas gastron\u00f3micas de la zona.<\/p>\n<p style=\"text-align: center;\">[efsflexvideo type=\u00bbyoutube\u00bb url=\u00bbhttps:\/\/www.youtube.com\/watch?v=zaP_nQfu0g8&#8243; allowfullscreen=\u00bbyes\u00bb widescreen=\u00bbyes\u00bb width=\u00bb420&#8243; height=\u00bb315&#8243;\/]<\/p>\n<p>Bajo el lema\u00a0<strong>#Cru\u00efllaEnRuta<\/strong>, el festival volvi\u00f3 a aterrizar entre las serraladas calc\u00e1reas prelitorales, los bosques de encina y pino blanco y los cultivos de almendrero, olivo y vi\u00f1a que caracterizan este territorio para hacer llegar el universo Cru\u00eflla a la<strong>\u00a0Terra Alta.<\/strong><\/p>\n","protected":false},"excerpt":{"rendered":"<p>\u00a1M\u00daSICA ENTRE VI\u00d1EDOS! Tras una primera edici\u00f3n inolvidable, el festival\u00a0Cru\u00eflla DO Terra Alta se celebr\u00f3 por segunda vez los d\u00edas 19, 20 y 21 de abril [&hellip;]<\/p>\n","protected":false},"author":3,"featured_media":1813,"parent":0,"menu_order":0,"comment_status":"closed","ping_status":"closed","template":"page-templates\/page-landing.php","meta":{"_acf_changed":false,"footnotes":""},"class_list":["post-1789","page","type-page","status-publish","has-post-thumbnail","hentry"],"acf":[],"yoast_head":"<!-- This site is optimized with the Yoast SEO plugin v27.3 - https:\/\/yoast.com\/product\/yoast-seo-wordpress\/ -->\n<title>Cru\u00eflla DO Terra Alta - El 20 y 21 de abril de 2024 a Batea<\/title>\n<meta name=\"description\" content=\"La segunda edici\u00f3n del Cru\u00eflla DO Terra Alta se celebr\u00f3 los d\u00edas 19, 20 y 21 de abril Batea, en la comarca de la Terra Alta.\" \/>\n<meta name=\"robots\" content=\"index, follow, max-snippet:-1, max-image-preview:large, max-video-preview:-1\" \/>\n<link rel=\"canonical\" href=\"https:\/\/www.cruillaconcerts.cat\/es\/cruilla-do-terra-alta\/\" \/>\n<meta property=\"og:locale\" content=\"es_ES\" \/>\n<meta property=\"og:type\" content=\"article\" \/>\n<meta property=\"og:title\" content=\"Cru\u00eflla DO Terra Alta - El 20 y 21 de abril de 2024 a Batea\" \/>\n<meta property=\"og:description\" content=\"La segunda edici\u00f3n del Cru\u00eflla DO Terra Alta se celebr\u00f3 los d\u00edas 19, 20 y 21 de abril Batea, en la comarca de la Terra Alta.\" \/>\n<meta property=\"og:url\" content=\"https:\/\/www.cruillaconcerts.cat\/es\/cruilla-do-terra-alta\/\" \/>\n<meta property=\"og:site_name\" content=\"Cru\u00eflla Concerts\" \/>\n<meta property=\"article:modified_time\" content=\"2024-04-25T09:29:32+00:00\" \/>\n<meta property=\"og:image\" content=\"https:\/\/www.cruillaconcerts.cat\/wp-content\/uploads\/2023\/01\/LandingWeb_DOTerraAlta.jpg\" \/>\n\t<meta property=\"og:image:width\" content=\"1500\" \/>\n\t<meta property=\"og:image:height\" content=\"500\" \/>\n\t<meta property=\"og:image:type\" content=\"image\/jpeg\" \/>\n<meta name=\"twitter:card\" content=\"summary_large_image\" \/>\n<meta name=\"twitter:label1\" content=\"Tiempo de lectura\" \/>\n\t<meta name=\"twitter:data1\" content=\"2 minutos\" \/>\n<script type=\"application\/ld+json\" class=\"yoast-schema-graph\">{\"@context\":\"https:\\\/\\\/schema.org\",\"@graph\":[{\"@type\":\"WebPage\",\"@id\":\"https:\\\/\\\/www.cruillaconcerts.cat\\\/es\\\/cruilla-do-terra-alta\\\/\",\"url\":\"https:\\\/\\\/www.cruillaconcerts.cat\\\/es\\\/cruilla-do-terra-alta\\\/\",\"name\":\"Cru\u00eflla DO Terra Alta - El 20 y 21 de abril de 2024 a Batea\",\"isPartOf\":{\"@id\":\"https:\\\/\\\/www.cruillaconcerts.cat\\\/es\\\/#website\"},\"primaryImageOfPage\":{\"@id\":\"https:\\\/\\\/www.cruillaconcerts.cat\\\/es\\\/cruilla-do-terra-alta\\\/#primaryimage\"},\"image\":{\"@id\":\"https:\\\/\\\/www.cruillaconcerts.cat\\\/es\\\/cruilla-do-terra-alta\\\/#primaryimage\"},\"thumbnailUrl\":\"https:\\\/\\\/www.cruillaconcerts.cat\\\/wp-content\\\/uploads\\\/2023\\\/01\\\/LandingWeb_DOTerraAlta.jpg\",\"datePublished\":\"2023-01-31T10:34:25+00:00\",\"dateModified\":\"2024-04-25T09:29:32+00:00\",\"description\":\"La segunda edici\u00f3n del Cru\u00eflla DO Terra Alta se celebr\u00f3 los d\u00edas 19, 20 y 21 de abril Batea, en la comarca de la Terra Alta.\",\"breadcrumb\":{\"@id\":\"https:\\\/\\\/www.cruillaconcerts.cat\\\/es\\\/cruilla-do-terra-alta\\\/#breadcrumb\"},\"inLanguage\":\"es\",\"potentialAction\":[{\"@type\":\"ReadAction\",\"target\":[\"https:\\\/\\\/www.cruillaconcerts.cat\\\/es\\\/cruilla-do-terra-alta\\\/\"]}]},{\"@type\":\"ImageObject\",\"inLanguage\":\"es\",\"@id\":\"https:\\\/\\\/www.cruillaconcerts.cat\\\/es\\\/cruilla-do-terra-alta\\\/#primaryimage\",\"url\":\"https:\\\/\\\/www.cruillaconcerts.cat\\\/wp-content\\\/uploads\\\/2023\\\/01\\\/LandingWeb_DOTerraAlta.jpg\",\"contentUrl\":\"https:\\\/\\\/www.cruillaconcerts.cat\\\/wp-content\\\/uploads\\\/2023\\\/01\\\/LandingWeb_DOTerraAlta.jpg\",\"width\":1500,\"height\":500},{\"@type\":\"BreadcrumbList\",\"@id\":\"https:\\\/\\\/www.cruillaconcerts.cat\\\/es\\\/cruilla-do-terra-alta\\\/#breadcrumb\",\"itemListElement\":[{\"@type\":\"ListItem\",\"position\":1,\"name\":\"Home\",\"item\":\"https:\\\/\\\/www.cruillaconcerts.cat\\\/es\\\/\"},{\"@type\":\"ListItem\",\"position\":2,\"name\":\"Cru\u00eflla DO Terra Alta\"}]},{\"@type\":\"WebSite\",\"@id\":\"https:\\\/\\\/www.cruillaconcerts.cat\\\/es\\\/#website\",\"url\":\"https:\\\/\\\/www.cruillaconcerts.cat\\\/es\\\/\",\"name\":\"Cru\u00eflla Concerts\",\"description\":\"\",\"potentialAction\":[{\"@type\":\"SearchAction\",\"target\":{\"@type\":\"EntryPoint\",\"urlTemplate\":\"https:\\\/\\\/www.cruillaconcerts.cat\\\/es\\\/?s={search_term_string}\"},\"query-input\":{\"@type\":\"PropertyValueSpecification\",\"valueRequired\":true,\"valueName\":\"search_term_string\"}}],\"inLanguage\":\"es\"}]}<\/script>\n<!-- \/ Yoast SEO plugin. -->","yoast_head_json":{"title":"Cru\u00eflla DO Terra Alta - El 20 y 21 de abril de 2024 a Batea","description":"La segunda edici\u00f3n del Cru\u00eflla DO Terra Alta se celebr\u00f3 los d\u00edas 19, 20 y 21 de abril Batea, en la comarca de la Terra Alta.","robots":{"index":"index","follow":"follow","max-snippet":"max-snippet:-1","max-image-preview":"max-image-preview:large","max-video-preview":"max-video-preview:-1"},"canonical":"https:\/\/www.cruillaconcerts.cat\/es\/cruilla-do-terra-alta\/","og_locale":"es_ES","og_type":"article","og_title":"Cru\u00eflla DO Terra Alta - El 20 y 21 de abril de 2024 a Batea","og_description":"La segunda edici\u00f3n del Cru\u00eflla DO Terra Alta se celebr\u00f3 los d\u00edas 19, 20 y 21 de abril Batea, en la comarca de la Terra Alta.","og_url":"https:\/\/www.cruillaconcerts.cat\/es\/cruilla-do-terra-alta\/","og_site_name":"Cru\u00eflla Concerts","article_modified_time":"2024-04-25T09:29:32+00:00","og_image":[{"width":1500,"height":500,"url":"https:\/\/www.cruillaconcerts.cat\/wp-content\/uploads\/2023\/01\/LandingWeb_DOTerraAlta.jpg","type":"image\/jpeg"}],"twitter_card":"summary_large_image","twitter_misc":{"Tiempo de lectura":"2 minutos"},"schema":{"@context":"https:\/\/schema.org","@graph":[{"@type":"WebPage","@id":"https:\/\/www.cruillaconcerts.cat\/es\/cruilla-do-terra-alta\/","url":"https:\/\/www.cruillaconcerts.cat\/es\/cruilla-do-terra-alta\/","name":"Cru\u00eflla DO Terra Alta - El 20 y 21 de abril de 2024 a Batea","isPartOf":{"@id":"https:\/\/www.cruillaconcerts.cat\/es\/#website"},"primaryImageOfPage":{"@id":"https:\/\/www.cruillaconcerts.cat\/es\/cruilla-do-terra-alta\/#primaryimage"},"image":{"@id":"https:\/\/www.cruillaconcerts.cat\/es\/cruilla-do-terra-alta\/#primaryimage"},"thumbnailUrl":"https:\/\/www.cruillaconcerts.cat\/wp-content\/uploads\/2023\/01\/LandingWeb_DOTerraAlta.jpg","datePublished":"2023-01-31T10:34:25+00:00","dateModified":"2024-04-25T09:29:32+00:00","description":"La segunda edici\u00f3n del Cru\u00eflla DO Terra Alta se celebr\u00f3 los d\u00edas 19, 20 y 21 de abril Batea, en la comarca de la Terra Alta.","breadcrumb":{"@id":"https:\/\/www.cruillaconcerts.cat\/es\/cruilla-do-terra-alta\/#breadcrumb"},"inLanguage":"es","potentialAction":[{"@type":"ReadAction","target":["https:\/\/www.cruillaconcerts.cat\/es\/cruilla-do-terra-alta\/"]}]},{"@type":"ImageObject","inLanguage":"es","@id":"https:\/\/www.cruillaconcerts.cat\/es\/cruilla-do-terra-alta\/#primaryimage","url":"https:\/\/www.cruillaconcerts.cat\/wp-content\/uploads\/2023\/01\/LandingWeb_DOTerraAlta.jpg","contentUrl":"https:\/\/www.cruillaconcerts.cat\/wp-content\/uploads\/2023\/01\/LandingWeb_DOTerraAlta.jpg","width":1500,"height":500},{"@type":"BreadcrumbList","@id":"https:\/\/www.cruillaconcerts.cat\/es\/cruilla-do-terra-alta\/#breadcrumb","itemListElement":[{"@type":"ListItem","position":1,"name":"Home","item":"https:\/\/www.cruillaconcerts.cat\/es\/"},{"@type":"ListItem","position":2,"name":"Cru\u00eflla DO Terra Alta"}]},{"@type":"WebSite","@id":"https:\/\/www.cruillaconcerts.cat\/es\/#website","url":"https:\/\/www.cruillaconcerts.cat\/es\/","name":"Cru\u00eflla Concerts","description":"","potentialAction":[{"@type":"SearchAction","target":{"@type":"EntryPoint","urlTemplate":"https:\/\/www.cruillaconcerts.cat\/es\/?s={search_term_string}"},"query-input":{"@type":"PropertyValueSpecification","valueRequired":true,"valueName":"search_term_string"}}],"inLanguage":"es"}]}},"_links":{"self":[{"href":"https:\/\/www.cruillaconcerts.cat\/es\/wp-json\/wp\/v2\/pages\/1789","targetHints":{"allow":["GET"]}}],"collection":[{"href":"https:\/\/www.cruillaconcerts.cat\/es\/wp-json\/wp\/v2\/pages"}],"about":[{"href":"https:\/\/www.cruillaconcerts.cat\/es\/wp-json\/wp\/v2\/types\/page"}],"author":[{"embeddable":true,"href":"https:\/\/www.cruillaconcerts.cat\/es\/wp-json\/wp\/v2\/users\/3"}],"replies":[{"embeddable":true,"href":"https:\/\/www.cruillaconcerts.cat\/es\/wp-json\/wp\/v2\/comments?post=1789"}],"version-history":[{"count":5,"href":"https:\/\/www.cruillaconcerts.cat\/es\/wp-json\/wp\/v2\/pages\/1789\/revisions"}],"predecessor-version":[{"id":6255,"href":"https:\/\/www.cruillaconcerts.cat\/es\/wp-json\/wp\/v2\/pages\/1789\/revisions\/6255"}],"wp:featuredmedia":[{"embeddable":true,"href":"https:\/\/www.cruillaconcerts.cat\/es\/wp-json\/wp\/v2\/media\/1813"}],"wp:attachment":[{"href":"https:\/\/www.cruillaconcerts.cat\/es\/wp-json\/wp\/v2\/media?parent=1789"}],"curies":[{"name":"wp","href":"https:\/\/api.w.org\/{rel}","templated":true}]}}