{"id":3498,"date":"2023-09-21T10:41:14","date_gmt":"2023-09-21T10:41:14","guid":{"rendered":"https:\/\/www.cruillaconcerts.cat\/?page_id=3498"},"modified":"2024-10-03T15:31:00","modified_gmt":"2024-10-03T15:31:00","slug":"cruilla-comedia","status":"publish","type":"page","link":"https:\/\/www.cruillaconcerts.cat\/es\/cruilla-comedia\/","title":{"rendered":"Cru\u00eflla Com\u00e8dia"},"content":{"rendered":"<p>El <strong>Cru\u00eflla Com\u00e8dia<\/strong> es el festival de <strong>stand-up en catal\u00e1n de Barcelona<\/strong>. Su segunda edici\u00f3n se celebrar\u00e1 del 1<strong>3 al 17 de noviembre<\/strong> en el <strong>Paral\u00b7lel<\/strong>.<\/p>\n<p>El festival contar\u00e1 con <strong>9 shows especiales<\/strong> de c\u00f3mics del panorama nacional, <strong>2 sesiones musicales<\/strong> con conciertos y DJs y <strong>5 micr\u00f3fonos abiertos<\/strong> para humoristas noveles y consolidados en <strong>3 bares<\/strong> de la zona. En definitiva, <strong>el mejor humor en catal\u00e1n concentrado en cinco dias.<\/strong><\/p>\n<p><img loading=\"lazy\" decoding=\"async\" width=\"3000\" height=\"1220\" class=\"alignnone size-full wp-image-7365\" src=\"https:\/\/www.cruillaconcerts.cat\/wp-content\/uploads\/2024\/10\/WebDesktop_CC24_Cartell_ES.png\" alt=\"\" srcset=\"https:\/\/www.cruillaconcerts.cat\/wp-content\/uploads\/2024\/10\/WebDesktop_CC24_Cartell_ES.png 3000w, https:\/\/www.cruillaconcerts.cat\/wp-content\/uploads\/2024\/10\/WebDesktop_CC24_Cartell_ES-1024x416.png 1024w, https:\/\/www.cruillaconcerts.cat\/wp-content\/uploads\/2024\/10\/WebDesktop_CC24_Cartell_ES-768x312.png 768w, https:\/\/www.cruillaconcerts.cat\/wp-content\/uploads\/2024\/10\/WebDesktop_CC24_Cartell_ES-1536x625.png 1536w, https:\/\/www.cruillaconcerts.cat\/wp-content\/uploads\/2024\/10\/WebDesktop_CC24_Cartell_ES-2048x833.png 2048w, https:\/\/www.cruillaconcerts.cat\/wp-content\/uploads\/2024\/10\/WebDesktop_CC24_Cartell_ES-300x122.png 300w, https:\/\/www.cruillaconcerts.cat\/wp-content\/uploads\/2024\/10\/WebDesktop_CC24_Cartell_ES-1500x610.png 1500w\" sizes=\"auto, (max-width: 3000px) 100vw, 3000px\" \/><\/p>\n<hr \/>\n<p style=\"text-align: center;\"><strong><em>Compra aqu\u00ed tus entradas para el Cru\u00eflla Com\u00e8dia 2024:<\/em><\/strong><\/p>\n<p style=\"text-align: center;\"><a class=\"efsbutton button \" target=\"_blank\">ENTRADAS<\/a><\/p>\n<hr \/>\n<p>Este a\u00f1o el festival incluir\u00e1 dos <strong>Roasts<\/strong>: durante el primero, cinco c\u00f3mics y un ex diputado pondr\u00e1n a caldo <strong>David Fern\u00e0ndez<\/strong> y \u00e9l se podr\u00e1 volver con cari\u00f1o pero sin piedad, mientras que el segundo tendr\u00e1 un formato de <strong>torneo<\/strong> presentado por <strong>Marc Sarrats<\/strong> y contar\u00e1 con ocho c\u00f3mics enfrent\u00e1ndose por parejas y con un jurado que, con la ayuda del p\u00fablico, decidir\u00e1 cu\u00e1les pasan a la siguiente ronda.<\/p>\n<p>Por otro lado, podremos ver dos espect\u00e1culos que se realizar\u00e1n por primera vez en catal\u00e1n. El primero ser\u00e1 el de <strong>Yunez Chaib,<\/strong> el c\u00f3mic mallorqu\u00edn que llevar\u00e1 nos llevar\u00e1 su cuidada hora, y el segundo el espect\u00e1culo &#8216;Crema Catalana&#8217;, que unir\u00e1 <strong>Xavi Daura y Facu D\u00edaz<\/strong> sobre el escenario por primera vez en catal\u00e1n.<\/p>\n<p>Por primera vez contaremos con un <strong>Cineclub<\/strong> protagonizado por <strong>Ana Polo<\/strong>, que destripar\u00e1 con su fina iron\u00eda la <strong>pel\u00edcula &#8216;Sufre Mam\u00f3n&#8217; de Homes G<\/strong>, y con un <strong>podcast en directo<\/strong>, concretamente <strong>&#8216;Pena y P\u00e1nico&#8217;<\/strong> de <strong>Raquel Herv\u00e1s y La Prados en formato live show.<\/strong><\/p>\n<p><strong>Roger Coma<\/strong> estrenar\u00e1 su primer espect\u00e1culo de stand-up <strong>&#8216;No ho hauria de fer, prepararnt el discurs del funeral&#8217;<\/strong> en el Cru\u00eflla Com\u00e8dia 2024, que tambi\u00e9n acoger\u00e1 <strong>&#8216;Grosso Modo&#8217;<\/strong>, la hora del c\u00f3mic argentino <strong>Andr\u00e9s Fajngold<\/strong>, el concierto de <strong>Jordi Ganchitos<\/strong> con las sesiones de <strong>DJ Hochi y Maestro Xavier b2b Shorsh<\/strong> y el <strong>doble DJ set de Maadraassoo y N\u00f2vies.<\/strong><\/p>\n<p>Adem\u00e1s, un a\u00f1o m\u00e1s, contaremos con <strong>cinco micr\u00f3fonos abiertos gratuitos<\/strong> que se celebrar\u00e1n los d\u00edas <strong>14, 15 y 16 de noviembre<\/strong> en los <strong>bares Calders, Imprfcto y Rouge Cocktail Bar<\/strong>. \u00a1Res\u00e9rvate las fechas en la agenda para no perd\u00e9rtelos!<\/p>\n<p><img loading=\"lazy\" decoding=\"async\" class=\"aligncenter wp-image-7583 size-large\" src=\"https:\/\/www.cruillaconcerts.cat\/wp-content\/uploads\/2024\/10\/Post_CC24_XXSS_Mapa-1-1024x624.jpg\" alt=\"\" width=\"900\" height=\"548\" srcset=\"https:\/\/www.cruillaconcerts.cat\/wp-content\/uploads\/2024\/10\/Post_CC24_XXSS_Mapa-1-1024x624.jpg 1024w, https:\/\/www.cruillaconcerts.cat\/wp-content\/uploads\/2024\/10\/Post_CC24_XXSS_Mapa-1-768x468.jpg 768w, https:\/\/www.cruillaconcerts.cat\/wp-content\/uploads\/2024\/10\/Post_CC24_XXSS_Mapa-1-1536x936.jpg 1536w, https:\/\/www.cruillaconcerts.cat\/wp-content\/uploads\/2024\/10\/Post_CC24_XXSS_Mapa-1-300x183.jpg 300w, https:\/\/www.cruillaconcerts.cat\/wp-content\/uploads\/2024\/10\/Post_CC24_XXSS_Mapa-1-1500x914.jpg 1500w, https:\/\/www.cruillaconcerts.cat\/wp-content\/uploads\/2024\/10\/Post_CC24_XXSS_Mapa-1.jpg 1813w\" sizes=\"auto, (max-width: 900px) 100vw, 900px\" \/><\/p>\n","protected":false},"excerpt":{"rendered":"<p>El Cru\u00eflla Com\u00e8dia es el festival de stand-up en catal\u00e1n de Barcelona. Su segunda edici\u00f3n se celebrar\u00e1 del 13 al 17 de noviembre en el Paral\u00b7lel. [&hellip;]<\/p>\n","protected":false},"author":3,"featured_media":7385,"parent":0,"menu_order":0,"comment_status":"closed","ping_status":"closed","template":"page-templates\/page-landing.php","meta":{"_acf_changed":false,"footnotes":""},"class_list":["post-3498","page","type-page","status-publish","has-post-thumbnail","hentry"],"acf":[],"yoast_head":"<!-- This site is optimized with the Yoast SEO plugin v27.3 - https:\/\/yoast.com\/product\/yoast-seo-wordpress\/ -->\n<title>Cru\u00eflla Com\u00e8dia - El festival de stand up en catal\u00e1n<\/title>\n<meta name=\"description\" content=\"\u00a1No te pierdas el festival Cru\u00eflla Com\u00e8dia 2024, del 13 al 17 de noviembre en el Paral\u00b7lel con los mejores shows de comedia de Barcelona!\" \/>\n<meta name=\"robots\" content=\"index, follow, max-snippet:-1, max-image-preview:large, max-video-preview:-1\" \/>\n<link rel=\"canonical\" href=\"https:\/\/www.cruillaconcerts.cat\/es\/cruilla-comedia\/\" \/>\n<meta property=\"og:locale\" content=\"es_ES\" \/>\n<meta property=\"og:type\" content=\"article\" \/>\n<meta property=\"og:title\" content=\"Cru\u00eflla Com\u00e8dia - El festival de stand up en catal\u00e1n\" \/>\n<meta property=\"og:description\" content=\"\u00a1No te pierdas el festival Cru\u00eflla Com\u00e8dia 2024, del 13 al 17 de noviembre en el Paral\u00b7lel con los mejores shows de comedia de Barcelona!\" \/>\n<meta property=\"og:url\" content=\"https:\/\/www.cruillaconcerts.cat\/es\/cruilla-comedia\/\" \/>\n<meta property=\"og:site_name\" content=\"Cru\u00eflla Concerts\" \/>\n<meta property=\"article:modified_time\" content=\"2024-10-03T15:31:00+00:00\" \/>\n<meta property=\"og:image\" content=\"https:\/\/www.cruillaconcerts.cat\/wp-content\/uploads\/2024\/10\/Landings_Comedia24_General_ES.jpg\" \/>\n\t<meta property=\"og:image:width\" content=\"1500\" \/>\n\t<meta property=\"og:image:height\" content=\"500\" \/>\n\t<meta property=\"og:image:type\" content=\"image\/jpeg\" \/>\n<meta name=\"twitter:card\" content=\"summary_large_image\" \/>\n<meta name=\"twitter:label1\" content=\"Tiempo de lectura\" \/>\n\t<meta name=\"twitter:data1\" content=\"3 minutos\" \/>\n<script type=\"application\/ld+json\" class=\"yoast-schema-graph\">{\"@context\":\"https:\\\/\\\/schema.org\",\"@graph\":[{\"@type\":\"WebPage\",\"@id\":\"https:\\\/\\\/www.cruillaconcerts.cat\\\/es\\\/cruilla-comedia\\\/\",\"url\":\"https:\\\/\\\/www.cruillaconcerts.cat\\\/es\\\/cruilla-comedia\\\/\",\"name\":\"Cru\u00eflla Com\u00e8dia - El festival de stand up en catal\u00e1n\",\"isPartOf\":{\"@id\":\"https:\\\/\\\/www.cruillaconcerts.cat\\\/es\\\/#website\"},\"primaryImageOfPage\":{\"@id\":\"https:\\\/\\\/www.cruillaconcerts.cat\\\/es\\\/cruilla-comedia\\\/#primaryimage\"},\"image\":{\"@id\":\"https:\\\/\\\/www.cruillaconcerts.cat\\\/es\\\/cruilla-comedia\\\/#primaryimage\"},\"thumbnailUrl\":\"https:\\\/\\\/www.cruillaconcerts.cat\\\/wp-content\\\/uploads\\\/2024\\\/10\\\/Landings_Comedia24_General_ES.jpg\",\"datePublished\":\"2023-09-21T10:41:14+00:00\",\"dateModified\":\"2024-10-03T15:31:00+00:00\",\"description\":\"\u00a1No te pierdas el festival Cru\u00eflla Com\u00e8dia 2024, del 13 al 17 de noviembre en el Paral\u00b7lel con los mejores shows de comedia de Barcelona!\",\"breadcrumb\":{\"@id\":\"https:\\\/\\\/www.cruillaconcerts.cat\\\/es\\\/cruilla-comedia\\\/#breadcrumb\"},\"inLanguage\":\"es\",\"potentialAction\":[{\"@type\":\"ReadAction\",\"target\":[\"https:\\\/\\\/www.cruillaconcerts.cat\\\/es\\\/cruilla-comedia\\\/\"]}]},{\"@type\":\"ImageObject\",\"inLanguage\":\"es\",\"@id\":\"https:\\\/\\\/www.cruillaconcerts.cat\\\/es\\\/cruilla-comedia\\\/#primaryimage\",\"url\":\"https:\\\/\\\/www.cruillaconcerts.cat\\\/wp-content\\\/uploads\\\/2024\\\/10\\\/Landings_Comedia24_General_ES.jpg\",\"contentUrl\":\"https:\\\/\\\/www.cruillaconcerts.cat\\\/wp-content\\\/uploads\\\/2024\\\/10\\\/Landings_Comedia24_General_ES.jpg\",\"width\":1500,\"height\":500},{\"@type\":\"BreadcrumbList\",\"@id\":\"https:\\\/\\\/www.cruillaconcerts.cat\\\/es\\\/cruilla-comedia\\\/#breadcrumb\",\"itemListElement\":[{\"@type\":\"ListItem\",\"position\":1,\"name\":\"Home\",\"item\":\"https:\\\/\\\/www.cruillaconcerts.cat\\\/es\\\/\"},{\"@type\":\"ListItem\",\"position\":2,\"name\":\"Cru\u00eflla Com\u00e8dia\"}]},{\"@type\":\"WebSite\",\"@id\":\"https:\\\/\\\/www.cruillaconcerts.cat\\\/es\\\/#website\",\"url\":\"https:\\\/\\\/www.cruillaconcerts.cat\\\/es\\\/\",\"name\":\"Cru\u00eflla Concerts\",\"description\":\"\",\"potentialAction\":[{\"@type\":\"SearchAction\",\"target\":{\"@type\":\"EntryPoint\",\"urlTemplate\":\"https:\\\/\\\/www.cruillaconcerts.cat\\\/es\\\/?s={search_term_string}\"},\"query-input\":{\"@type\":\"PropertyValueSpecification\",\"valueRequired\":true,\"valueName\":\"search_term_string\"}}],\"inLanguage\":\"es\"}]}<\/script>\n<!-- \/ Yoast SEO plugin. -->","yoast_head_json":{"title":"Cru\u00eflla Com\u00e8dia - El festival de stand up en catal\u00e1n","description":"\u00a1No te pierdas el festival Cru\u00eflla Com\u00e8dia 2024, del 13 al 17 de noviembre en el Paral\u00b7lel con los mejores shows de comedia de Barcelona!","robots":{"index":"index","follow":"follow","max-snippet":"max-snippet:-1","max-image-preview":"max-image-preview:large","max-video-preview":"max-video-preview:-1"},"canonical":"https:\/\/www.cruillaconcerts.cat\/es\/cruilla-comedia\/","og_locale":"es_ES","og_type":"article","og_title":"Cru\u00eflla Com\u00e8dia - El festival de stand up en catal\u00e1n","og_description":"\u00a1No te pierdas el festival Cru\u00eflla Com\u00e8dia 2024, del 13 al 17 de noviembre en el Paral\u00b7lel con los mejores shows de comedia de Barcelona!","og_url":"https:\/\/www.cruillaconcerts.cat\/es\/cruilla-comedia\/","og_site_name":"Cru\u00eflla Concerts","article_modified_time":"2024-10-03T15:31:00+00:00","og_image":[{"width":1500,"height":500,"url":"https:\/\/www.cruillaconcerts.cat\/wp-content\/uploads\/2024\/10\/Landings_Comedia24_General_ES.jpg","type":"image\/jpeg"}],"twitter_card":"summary_large_image","twitter_misc":{"Tiempo de lectura":"3 minutos"},"schema":{"@context":"https:\/\/schema.org","@graph":[{"@type":"WebPage","@id":"https:\/\/www.cruillaconcerts.cat\/es\/cruilla-comedia\/","url":"https:\/\/www.cruillaconcerts.cat\/es\/cruilla-comedia\/","name":"Cru\u00eflla Com\u00e8dia - El festival de stand up en catal\u00e1n","isPartOf":{"@id":"https:\/\/www.cruillaconcerts.cat\/es\/#website"},"primaryImageOfPage":{"@id":"https:\/\/www.cruillaconcerts.cat\/es\/cruilla-comedia\/#primaryimage"},"image":{"@id":"https:\/\/www.cruillaconcerts.cat\/es\/cruilla-comedia\/#primaryimage"},"thumbnailUrl":"https:\/\/www.cruillaconcerts.cat\/wp-content\/uploads\/2024\/10\/Landings_Comedia24_General_ES.jpg","datePublished":"2023-09-21T10:41:14+00:00","dateModified":"2024-10-03T15:31:00+00:00","description":"\u00a1No te pierdas el festival Cru\u00eflla Com\u00e8dia 2024, del 13 al 17 de noviembre en el Paral\u00b7lel con los mejores shows de comedia de Barcelona!","breadcrumb":{"@id":"https:\/\/www.cruillaconcerts.cat\/es\/cruilla-comedia\/#breadcrumb"},"inLanguage":"es","potentialAction":[{"@type":"ReadAction","target":["https:\/\/www.cruillaconcerts.cat\/es\/cruilla-comedia\/"]}]},{"@type":"ImageObject","inLanguage":"es","@id":"https:\/\/www.cruillaconcerts.cat\/es\/cruilla-comedia\/#primaryimage","url":"https:\/\/www.cruillaconcerts.cat\/wp-content\/uploads\/2024\/10\/Landings_Comedia24_General_ES.jpg","contentUrl":"https:\/\/www.cruillaconcerts.cat\/wp-content\/uploads\/2024\/10\/Landings_Comedia24_General_ES.jpg","width":1500,"height":500},{"@type":"BreadcrumbList","@id":"https:\/\/www.cruillaconcerts.cat\/es\/cruilla-comedia\/#breadcrumb","itemListElement":[{"@type":"ListItem","position":1,"name":"Home","item":"https:\/\/www.cruillaconcerts.cat\/es\/"},{"@type":"ListItem","position":2,"name":"Cru\u00eflla Com\u00e8dia"}]},{"@type":"WebSite","@id":"https:\/\/www.cruillaconcerts.cat\/es\/#website","url":"https:\/\/www.cruillaconcerts.cat\/es\/","name":"Cru\u00eflla Concerts","description":"","potentialAction":[{"@type":"SearchAction","target":{"@type":"EntryPoint","urlTemplate":"https:\/\/www.cruillaconcerts.cat\/es\/?s={search_term_string}"},"query-input":{"@type":"PropertyValueSpecification","valueRequired":true,"valueName":"search_term_string"}}],"inLanguage":"es"}]}},"_links":{"self":[{"href":"https:\/\/www.cruillaconcerts.cat\/es\/wp-json\/wp\/v2\/pages\/3498","targetHints":{"allow":["GET"]}}],"collection":[{"href":"https:\/\/www.cruillaconcerts.cat\/es\/wp-json\/wp\/v2\/pages"}],"about":[{"href":"https:\/\/www.cruillaconcerts.cat\/es\/wp-json\/wp\/v2\/types\/page"}],"author":[{"embeddable":true,"href":"https:\/\/www.cruillaconcerts.cat\/es\/wp-json\/wp\/v2\/users\/3"}],"replies":[{"embeddable":true,"href":"https:\/\/www.cruillaconcerts.cat\/es\/wp-json\/wp\/v2\/comments?post=3498"}],"version-history":[{"count":5,"href":"https:\/\/www.cruillaconcerts.cat\/es\/wp-json\/wp\/v2\/pages\/3498\/revisions"}],"predecessor-version":[{"id":7585,"href":"https:\/\/www.cruillaconcerts.cat\/es\/wp-json\/wp\/v2\/pages\/3498\/revisions\/7585"}],"wp:featuredmedia":[{"embeddable":true,"href":"https:\/\/www.cruillaconcerts.cat\/es\/wp-json\/wp\/v2\/media\/7385"}],"wp:attachment":[{"href":"https:\/\/www.cruillaconcerts.cat\/es\/wp-json\/wp\/v2\/media?parent=3498"}],"curies":[{"name":"wp","href":"https:\/\/api.w.org\/{rel}","templated":true}]}}