{"id":3508,"date":"2023-09-21T11:21:39","date_gmt":"2023-09-21T11:21:39","guid":{"rendered":"https:\/\/www.cruillaconcerts.cat\/?page_id=3508"},"modified":"2024-10-02T09:54:44","modified_gmt":"2024-10-02T09:54:44","slug":"micros-abiertos","status":"publish","type":"page","link":"https:\/\/www.cruillaconcerts.cat\/es\/micros-abiertos\/","title":{"rendered":"Micros Abiertos"},"content":{"rendered":"<p>El\u00a0<strong>Cru\u00eflla Com\u00e8dia<\/strong> es el\u00a0<strong>festival de stand-up en catal\u00e1n de Barcelona. Del 13 al 17 de noviembre<\/strong> de 2024 se celebrar\u00e1 su segunda edici\u00f3n en el <strong>Paral\u00b7lel<\/strong>.<\/p>\n<p>Aparte de los shows especiales de c\u00f3micos de renombre, otro de los platos fuertes del festival ser\u00e1n <strong>cinco de los mejores micr\u00f3fonos abiertos<\/strong> <strong>de Barcelona<\/strong>, \u200b\u200bque durante ese fin de semana se trasladar\u00e1n al <strong>Bar Calders, el Bar Imprfcto y el Rouge Cocktail Club,<\/strong> celebr\u00e1ndose <strong>gratuitamente<\/strong> en el marco del festival.<\/p>\n<p>En definitiva, los micros abiertos ser\u00e1n el espacio para todos los que quieran o\u00edr antes que nadie los nuevos chistes de sus c\u00f3micos favoritos, descubrir la mejor comedia emergente de Catalu\u00f1a e, incluso, subir al escenario para presumir de sus propios chistes. <strong>Comedia con un 100% de pureza.<\/strong><\/p>\n<p><img loading=\"lazy\" decoding=\"async\" width=\"3000\" height=\"1220\" class=\"size-full wp-image-7365 aligncenter\" src=\"https:\/\/www.cruillaconcerts.cat\/wp-content\/uploads\/2024\/10\/WebDesktop_CC24_Cartell_ES.png\" alt=\"\" srcset=\"https:\/\/www.cruillaconcerts.cat\/wp-content\/uploads\/2024\/10\/WebDesktop_CC24_Cartell_ES.png 3000w, https:\/\/www.cruillaconcerts.cat\/wp-content\/uploads\/2024\/10\/WebDesktop_CC24_Cartell_ES-1024x416.png 1024w, https:\/\/www.cruillaconcerts.cat\/wp-content\/uploads\/2024\/10\/WebDesktop_CC24_Cartell_ES-768x312.png 768w, https:\/\/www.cruillaconcerts.cat\/wp-content\/uploads\/2024\/10\/WebDesktop_CC24_Cartell_ES-1536x625.png 1536w, https:\/\/www.cruillaconcerts.cat\/wp-content\/uploads\/2024\/10\/WebDesktop_CC24_Cartell_ES-2048x833.png 2048w, https:\/\/www.cruillaconcerts.cat\/wp-content\/uploads\/2024\/10\/WebDesktop_CC24_Cartell_ES-300x122.png 300w, https:\/\/www.cruillaconcerts.cat\/wp-content\/uploads\/2024\/10\/WebDesktop_CC24_Cartell_ES-1500x610.png 1500w\" sizes=\"auto, (max-width: 3000px) 100vw, 3000px\" \/><\/p>\n","protected":false},"excerpt":{"rendered":"<p>El\u00a0Cru\u00eflla Com\u00e8dia es el\u00a0festival de stand-up en catal\u00e1n de Barcelona. Del 13 al 17 de noviembre de 2024 se celebrar\u00e1 su segunda edici\u00f3n en el Paral\u00b7lel. [&hellip;]<\/p>\n","protected":false},"author":3,"featured_media":7406,"parent":0,"menu_order":0,"comment_status":"closed","ping_status":"closed","template":"page-templates\/page-landing.php","meta":{"_acf_changed":false,"footnotes":""},"class_list":["post-3508","page","type-page","status-publish","has-post-thumbnail","hentry"],"acf":[],"yoast_head":"<!-- This site is optimized with the Yoast SEO plugin v27.3 - https:\/\/yoast.com\/product\/yoast-seo-wordpress\/ -->\n<title>Micros Abiertos - Cru\u00eflla Concerts<\/title>\n<meta name=\"description\" content=\"No te pierdas los Micros Abiertos del Cru\u00eflla Com\u00e8dia 2024, del 13 al 17 de noviembre en el Bar Calders, el Bar Imprfcto y el Rouge Cocktail Club, Barcelona. Entrada gratuita.\" \/>\n<meta name=\"robots\" content=\"index, follow, max-snippet:-1, max-image-preview:large, max-video-preview:-1\" \/>\n<link rel=\"canonical\" href=\"https:\/\/www.cruillaconcerts.cat\/es\/micros-abiertos\/\" \/>\n<meta property=\"og:locale\" content=\"es_ES\" \/>\n<meta property=\"og:type\" content=\"article\" \/>\n<meta property=\"og:title\" content=\"Micros Abiertos - Cru\u00eflla Concerts\" \/>\n<meta property=\"og:description\" content=\"No te pierdas los Micros Abiertos del Cru\u00eflla Com\u00e8dia 2024, del 13 al 17 de noviembre en el Bar Calders, el Bar Imprfcto y el Rouge Cocktail Club, Barcelona. Entrada gratuita.\" \/>\n<meta property=\"og:url\" content=\"https:\/\/www.cruillaconcerts.cat\/es\/micros-abiertos\/\" \/>\n<meta property=\"og:site_name\" content=\"Cru\u00eflla Concerts\" \/>\n<meta property=\"article:modified_time\" content=\"2024-10-02T09:54:44+00:00\" \/>\n<meta property=\"og:image\" content=\"https:\/\/www.cruillaconcerts.cat\/wp-content\/uploads\/2024\/10\/Landings_Comedia24_Opens_Desktop.jpg\" \/>\n\t<meta property=\"og:image:width\" content=\"1500\" \/>\n\t<meta property=\"og:image:height\" content=\"500\" \/>\n\t<meta property=\"og:image:type\" content=\"image\/jpeg\" \/>\n<meta name=\"twitter:card\" content=\"summary_large_image\" \/>\n<meta name=\"twitter:label1\" content=\"Tiempo de lectura\" \/>\n\t<meta name=\"twitter:data1\" content=\"2 minutos\" \/>\n<script type=\"application\/ld+json\" class=\"yoast-schema-graph\">{\"@context\":\"https:\\\/\\\/schema.org\",\"@graph\":[{\"@type\":\"WebPage\",\"@id\":\"https:\\\/\\\/www.cruillaconcerts.cat\\\/es\\\/micros-abiertos\\\/\",\"url\":\"https:\\\/\\\/www.cruillaconcerts.cat\\\/es\\\/micros-abiertos\\\/\",\"name\":\"Micros Abiertos - Cru\u00eflla Concerts\",\"isPartOf\":{\"@id\":\"https:\\\/\\\/www.cruillaconcerts.cat\\\/es\\\/#website\"},\"primaryImageOfPage\":{\"@id\":\"https:\\\/\\\/www.cruillaconcerts.cat\\\/es\\\/micros-abiertos\\\/#primaryimage\"},\"image\":{\"@id\":\"https:\\\/\\\/www.cruillaconcerts.cat\\\/es\\\/micros-abiertos\\\/#primaryimage\"},\"thumbnailUrl\":\"https:\\\/\\\/www.cruillaconcerts.cat\\\/wp-content\\\/uploads\\\/2024\\\/10\\\/Landings_Comedia24_Opens_Desktop.jpg\",\"datePublished\":\"2023-09-21T11:21:39+00:00\",\"dateModified\":\"2024-10-02T09:54:44+00:00\",\"description\":\"No te pierdas los Micros Abiertos del Cru\u00eflla Com\u00e8dia 2024, del 13 al 17 de noviembre en el Bar Calders, el Bar Imprfcto y el Rouge Cocktail Club, Barcelona. Entrada gratuita.\",\"breadcrumb\":{\"@id\":\"https:\\\/\\\/www.cruillaconcerts.cat\\\/es\\\/micros-abiertos\\\/#breadcrumb\"},\"inLanguage\":\"es\",\"potentialAction\":[{\"@type\":\"ReadAction\",\"target\":[\"https:\\\/\\\/www.cruillaconcerts.cat\\\/es\\\/micros-abiertos\\\/\"]}]},{\"@type\":\"ImageObject\",\"inLanguage\":\"es\",\"@id\":\"https:\\\/\\\/www.cruillaconcerts.cat\\\/es\\\/micros-abiertos\\\/#primaryimage\",\"url\":\"https:\\\/\\\/www.cruillaconcerts.cat\\\/wp-content\\\/uploads\\\/2024\\\/10\\\/Landings_Comedia24_Opens_Desktop.jpg\",\"contentUrl\":\"https:\\\/\\\/www.cruillaconcerts.cat\\\/wp-content\\\/uploads\\\/2024\\\/10\\\/Landings_Comedia24_Opens_Desktop.jpg\",\"width\":1500,\"height\":500},{\"@type\":\"BreadcrumbList\",\"@id\":\"https:\\\/\\\/www.cruillaconcerts.cat\\\/es\\\/micros-abiertos\\\/#breadcrumb\",\"itemListElement\":[{\"@type\":\"ListItem\",\"position\":1,\"name\":\"Home\",\"item\":\"https:\\\/\\\/www.cruillaconcerts.cat\\\/es\\\/\"},{\"@type\":\"ListItem\",\"position\":2,\"name\":\"Micros Abiertos\"}]},{\"@type\":\"WebSite\",\"@id\":\"https:\\\/\\\/www.cruillaconcerts.cat\\\/es\\\/#website\",\"url\":\"https:\\\/\\\/www.cruillaconcerts.cat\\\/es\\\/\",\"name\":\"Cru\u00eflla Concerts\",\"description\":\"\",\"potentialAction\":[{\"@type\":\"SearchAction\",\"target\":{\"@type\":\"EntryPoint\",\"urlTemplate\":\"https:\\\/\\\/www.cruillaconcerts.cat\\\/es\\\/?s={search_term_string}\"},\"query-input\":{\"@type\":\"PropertyValueSpecification\",\"valueRequired\":true,\"valueName\":\"search_term_string\"}}],\"inLanguage\":\"es\"}]}<\/script>\n<!-- \/ Yoast SEO plugin. -->","yoast_head_json":{"title":"Micros Abiertos - Cru\u00eflla Concerts","description":"No te pierdas los Micros Abiertos del Cru\u00eflla Com\u00e8dia 2024, del 13 al 17 de noviembre en el Bar Calders, el Bar Imprfcto y el Rouge Cocktail Club, Barcelona. Entrada gratuita.","robots":{"index":"index","follow":"follow","max-snippet":"max-snippet:-1","max-image-preview":"max-image-preview:large","max-video-preview":"max-video-preview:-1"},"canonical":"https:\/\/www.cruillaconcerts.cat\/es\/micros-abiertos\/","og_locale":"es_ES","og_type":"article","og_title":"Micros Abiertos - Cru\u00eflla Concerts","og_description":"No te pierdas los Micros Abiertos del Cru\u00eflla Com\u00e8dia 2024, del 13 al 17 de noviembre en el Bar Calders, el Bar Imprfcto y el Rouge Cocktail Club, Barcelona. Entrada gratuita.","og_url":"https:\/\/www.cruillaconcerts.cat\/es\/micros-abiertos\/","og_site_name":"Cru\u00eflla Concerts","article_modified_time":"2024-10-02T09:54:44+00:00","og_image":[{"width":1500,"height":500,"url":"https:\/\/www.cruillaconcerts.cat\/wp-content\/uploads\/2024\/10\/Landings_Comedia24_Opens_Desktop.jpg","type":"image\/jpeg"}],"twitter_card":"summary_large_image","twitter_misc":{"Tiempo de lectura":"2 minutos"},"schema":{"@context":"https:\/\/schema.org","@graph":[{"@type":"WebPage","@id":"https:\/\/www.cruillaconcerts.cat\/es\/micros-abiertos\/","url":"https:\/\/www.cruillaconcerts.cat\/es\/micros-abiertos\/","name":"Micros Abiertos - Cru\u00eflla Concerts","isPartOf":{"@id":"https:\/\/www.cruillaconcerts.cat\/es\/#website"},"primaryImageOfPage":{"@id":"https:\/\/www.cruillaconcerts.cat\/es\/micros-abiertos\/#primaryimage"},"image":{"@id":"https:\/\/www.cruillaconcerts.cat\/es\/micros-abiertos\/#primaryimage"},"thumbnailUrl":"https:\/\/www.cruillaconcerts.cat\/wp-content\/uploads\/2024\/10\/Landings_Comedia24_Opens_Desktop.jpg","datePublished":"2023-09-21T11:21:39+00:00","dateModified":"2024-10-02T09:54:44+00:00","description":"No te pierdas los Micros Abiertos del Cru\u00eflla Com\u00e8dia 2024, del 13 al 17 de noviembre en el Bar Calders, el Bar Imprfcto y el Rouge Cocktail Club, Barcelona. Entrada gratuita.","breadcrumb":{"@id":"https:\/\/www.cruillaconcerts.cat\/es\/micros-abiertos\/#breadcrumb"},"inLanguage":"es","potentialAction":[{"@type":"ReadAction","target":["https:\/\/www.cruillaconcerts.cat\/es\/micros-abiertos\/"]}]},{"@type":"ImageObject","inLanguage":"es","@id":"https:\/\/www.cruillaconcerts.cat\/es\/micros-abiertos\/#primaryimage","url":"https:\/\/www.cruillaconcerts.cat\/wp-content\/uploads\/2024\/10\/Landings_Comedia24_Opens_Desktop.jpg","contentUrl":"https:\/\/www.cruillaconcerts.cat\/wp-content\/uploads\/2024\/10\/Landings_Comedia24_Opens_Desktop.jpg","width":1500,"height":500},{"@type":"BreadcrumbList","@id":"https:\/\/www.cruillaconcerts.cat\/es\/micros-abiertos\/#breadcrumb","itemListElement":[{"@type":"ListItem","position":1,"name":"Home","item":"https:\/\/www.cruillaconcerts.cat\/es\/"},{"@type":"ListItem","position":2,"name":"Micros Abiertos"}]},{"@type":"WebSite","@id":"https:\/\/www.cruillaconcerts.cat\/es\/#website","url":"https:\/\/www.cruillaconcerts.cat\/es\/","name":"Cru\u00eflla Concerts","description":"","potentialAction":[{"@type":"SearchAction","target":{"@type":"EntryPoint","urlTemplate":"https:\/\/www.cruillaconcerts.cat\/es\/?s={search_term_string}"},"query-input":{"@type":"PropertyValueSpecification","valueRequired":true,"valueName":"search_term_string"}}],"inLanguage":"es"}]}},"_links":{"self":[{"href":"https:\/\/www.cruillaconcerts.cat\/es\/wp-json\/wp\/v2\/pages\/3508","targetHints":{"allow":["GET"]}}],"collection":[{"href":"https:\/\/www.cruillaconcerts.cat\/es\/wp-json\/wp\/v2\/pages"}],"about":[{"href":"https:\/\/www.cruillaconcerts.cat\/es\/wp-json\/wp\/v2\/types\/page"}],"author":[{"embeddable":true,"href":"https:\/\/www.cruillaconcerts.cat\/es\/wp-json\/wp\/v2\/users\/3"}],"replies":[{"embeddable":true,"href":"https:\/\/www.cruillaconcerts.cat\/es\/wp-json\/wp\/v2\/comments?post=3508"}],"version-history":[{"count":5,"href":"https:\/\/www.cruillaconcerts.cat\/es\/wp-json\/wp\/v2\/pages\/3508\/revisions"}],"predecessor-version":[{"id":7414,"href":"https:\/\/www.cruillaconcerts.cat\/es\/wp-json\/wp\/v2\/pages\/3508\/revisions\/7414"}],"wp:featuredmedia":[{"embeddable":true,"href":"https:\/\/www.cruillaconcerts.cat\/es\/wp-json\/wp\/v2\/media\/7406"}],"wp:attachment":[{"href":"https:\/\/www.cruillaconcerts.cat\/es\/wp-json\/wp\/v2\/media?parent=3508"}],"curies":[{"name":"wp","href":"https:\/\/api.w.org\/{rel}","templated":true}]}}