{"id":4089,"date":"2023-11-02T12:02:14","date_gmt":"2023-11-02T12:02:14","guid":{"rendered":"https:\/\/www.cruillaconcerts.cat\/?page_id=4089"},"modified":"2023-12-22T12:07:58","modified_gmt":"2023-12-22T12:07:58","slug":"concert-green-day-madrid","status":"publish","type":"page","link":"https:\/\/www.cruillaconcerts.cat\/es\/concert-green-day-madrid\/","title":{"rendered":"Concert Green Day &#8211; Madrid"},"content":{"rendered":"<p style=\"text-align: center;\"><span style=\"color: #ff0000;\"><strong>SOLD OUT<\/strong><\/span><\/p>\n<h2 style=\"text-align: center;\"><b>\u00a1No te pierdas a Green Day en Madrid el 1 de junio 2024!<\/b><\/h2>\n<p><span style=\"font-weight: 400;\">No, no lo est\u00e1s leyendo mal: \u00a1el pr\u00f3ximo <\/span><b>1 de junio de 2024 Green Day actuar\u00e1 en la Caja M\u00e1gica de Madrid!<\/b><\/p>\n<p><span style=\"font-weight: 400;\">Este concierto est\u00e1 organizado por <\/span><b>R\u00edo Babel<\/b><span style=\"font-weight: 400;\">, uno de los festivales <\/span><b>amigos<\/b><span style=\"font-weight: 400;\"> del Cru\u00eflla. Las entradas se pondr\u00e1n a la venta el viernes 10 de noviembr, pero <\/span><b>por ser cru\u00efller<\/b><span style=\"font-weight: 400;\"> podr\u00e1s acceder a la <\/span><b>preventa del d\u00eda 8, a partir de las 10:30h <\/b><span style=\"font-weight: 400;\">\ud83d\udca3<\/span><\/p>\n<p><span style=\"font-weight: 400;\">Para acceder a la preventa tienes que <\/span><b>registrarte<\/b><span style=\"font-weight: 400;\"> previamente antes del <\/span><b>7 de noviembre a les 18h. <\/b><span style=\"font-weight: 400;\">Podr\u00e1s comprar <\/span><b>hasta 4 entradas<\/b><span style=\"font-weight: 400;\"> con el n\u00famero de referencia que recibir\u00e1s en tu correo electr\u00f3nico cuando te registres.<\/span><\/p>\n<p><span style=\"font-weight: 400;\">L<\/span><span>a banda de Estados Unidos acaba de estrenar <\/span><b>\u201cThe American Dream is Killing Me\u201d<\/b><span>, el primer avance del que ser\u00e1 su nuevo disco <\/span><b><i>Saviours<\/i><\/b><span>, \u00a1que se publicar\u00e0 el <\/span><b>19 de enero de 2024 <\/b><span>y que presentar\u00e1n en Espa\u00f1a en este concierto en la Caja M\u00e1gica el 1 de junio!\u00a0<\/span><\/p>\n<p><span style=\"font-weight: 400;\">Ven a escuchar las <\/span><b>15 nuevas canciones<\/b><span style=\"font-weight: 400;\"> que formar\u00e1n parte de \u00e9l y los mejores \u00e9xitos de su carrera de m\u00e1s de tres d\u00e9cadas como <\/span><b>\u201cAmerican Idiot\u201d, \u201cWake Me Up When September Ends\u201d o \u201cBasket Case\u201d<\/b><span style=\"font-weight: 400;\">.<\/span><\/p>\n<p><img loading=\"lazy\" decoding=\"async\" class=\" wp-image-4281 aligncenter\" src=\"https:\/\/www.cruillaconcerts.cat\/wp-content\/uploads\/2023\/11\/1x1_RTRB-1.jpg\" alt=\"\" width=\"685\" height=\"685\" srcset=\"https:\/\/www.cruillaconcerts.cat\/wp-content\/uploads\/2023\/11\/1x1_RTRB-1.jpg 1080w, https:\/\/www.cruillaconcerts.cat\/wp-content\/uploads\/2023\/11\/1x1_RTRB-1-1024x1024.jpg 1024w, https:\/\/www.cruillaconcerts.cat\/wp-content\/uploads\/2023\/11\/1x1_RTRB-1-150x150.jpg 150w, https:\/\/www.cruillaconcerts.cat\/wp-content\/uploads\/2023\/11\/1x1_RTRB-1-768x768.jpg 768w, https:\/\/www.cruillaconcerts.cat\/wp-content\/uploads\/2023\/11\/1x1_RTRB-1-300x300.jpg 300w, https:\/\/www.cruillaconcerts.cat\/wp-content\/uploads\/2023\/11\/1x1_RTRB-1-600x600.jpg 600w\" sizes=\"auto, (max-width: 685px) 100vw, 685px\" \/><\/p>\n<h3 style=\"text-align: center;\"><b>\u00a1Nos vemos en el concierto de Green Day en 2024!<\/b><\/h3>\n","protected":false},"excerpt":{"rendered":"<p>SOLD OUT \u00a1No te pierdas a Green Day en Madrid el 1 de junio 2024! No, no lo est\u00e1s leyendo mal: \u00a1el pr\u00f3ximo 1 de junio [&hellip;]<\/p>\n","protected":false},"author":3,"featured_media":4103,"parent":0,"menu_order":0,"comment_status":"closed","ping_status":"closed","template":"page-templates\/page-landing.php","meta":{"_acf_changed":false,"footnotes":""},"class_list":["post-4089","page","type-page","status-publish","has-post-thumbnail","hentry"],"acf":[],"yoast_head":"<!-- This site is optimized with the Yoast SEO plugin v27.3 - https:\/\/yoast.com\/product\/yoast-seo-wordpress\/ -->\n<title>Concert Green Day - Madrid - Cru\u00eflla Concerts<\/title>\n<meta name=\"robots\" content=\"index, follow, max-snippet:-1, max-image-preview:large, max-video-preview:-1\" \/>\n<link rel=\"canonical\" href=\"https:\/\/www.cruillaconcerts.cat\/es\/concert-green-day-madrid\/\" \/>\n<meta property=\"og:locale\" content=\"es_ES\" \/>\n<meta property=\"og:type\" content=\"article\" \/>\n<meta property=\"og:title\" content=\"Concert Green Day - Madrid - Cru\u00eflla Concerts\" \/>\n<meta property=\"og:description\" content=\"SOLD OUT \u00a1No te pierdas a Green Day en Madrid el 1 de junio 2024! No, no lo est\u00e1s leyendo mal: \u00a1el pr\u00f3ximo 1 de junio [&hellip;]\" \/>\n<meta property=\"og:url\" content=\"https:\/\/www.cruillaconcerts.cat\/es\/concert-green-day-madrid\/\" \/>\n<meta property=\"og:site_name\" content=\"Cru\u00eflla Concerts\" \/>\n<meta property=\"article:modified_time\" content=\"2023-12-22T12:07:58+00:00\" \/>\n<meta property=\"og:image\" content=\"https:\/\/www.cruillaconcerts.cat\/wp-content\/uploads\/2023\/11\/GreenDay_Web_Desktop-scaled.jpg\" \/>\n\t<meta property=\"og:image:width\" content=\"2560\" \/>\n\t<meta property=\"og:image:height\" content=\"1041\" \/>\n\t<meta property=\"og:image:type\" content=\"image\/jpeg\" \/>\n<meta name=\"twitter:card\" content=\"summary_large_image\" \/>\n<meta name=\"twitter:label1\" content=\"Tiempo de lectura\" \/>\n\t<meta name=\"twitter:data1\" content=\"2 minutos\" \/>\n<script type=\"application\/ld+json\" class=\"yoast-schema-graph\">{\"@context\":\"https:\\\/\\\/schema.org\",\"@graph\":[{\"@type\":\"WebPage\",\"@id\":\"https:\\\/\\\/www.cruillaconcerts.cat\\\/es\\\/concert-green-day-madrid\\\/\",\"url\":\"https:\\\/\\\/www.cruillaconcerts.cat\\\/es\\\/concert-green-day-madrid\\\/\",\"name\":\"Concert Green Day - Madrid - Cru\u00eflla Concerts\",\"isPartOf\":{\"@id\":\"https:\\\/\\\/www.cruillaconcerts.cat\\\/es\\\/#website\"},\"primaryImageOfPage\":{\"@id\":\"https:\\\/\\\/www.cruillaconcerts.cat\\\/es\\\/concert-green-day-madrid\\\/#primaryimage\"},\"image\":{\"@id\":\"https:\\\/\\\/www.cruillaconcerts.cat\\\/es\\\/concert-green-day-madrid\\\/#primaryimage\"},\"thumbnailUrl\":\"https:\\\/\\\/www.cruillaconcerts.cat\\\/wp-content\\\/uploads\\\/2023\\\/11\\\/GreenDay_Web_Desktop-scaled.jpg\",\"datePublished\":\"2023-11-02T12:02:14+00:00\",\"dateModified\":\"2023-12-22T12:07:58+00:00\",\"breadcrumb\":{\"@id\":\"https:\\\/\\\/www.cruillaconcerts.cat\\\/es\\\/concert-green-day-madrid\\\/#breadcrumb\"},\"inLanguage\":\"es\",\"potentialAction\":[{\"@type\":\"ReadAction\",\"target\":[\"https:\\\/\\\/www.cruillaconcerts.cat\\\/es\\\/concert-green-day-madrid\\\/\"]}]},{\"@type\":\"ImageObject\",\"inLanguage\":\"es\",\"@id\":\"https:\\\/\\\/www.cruillaconcerts.cat\\\/es\\\/concert-green-day-madrid\\\/#primaryimage\",\"url\":\"https:\\\/\\\/www.cruillaconcerts.cat\\\/wp-content\\\/uploads\\\/2023\\\/11\\\/GreenDay_Web_Desktop-scaled.jpg\",\"contentUrl\":\"https:\\\/\\\/www.cruillaconcerts.cat\\\/wp-content\\\/uploads\\\/2023\\\/11\\\/GreenDay_Web_Desktop-scaled.jpg\",\"width\":2560,\"height\":1041},{\"@type\":\"BreadcrumbList\",\"@id\":\"https:\\\/\\\/www.cruillaconcerts.cat\\\/es\\\/concert-green-day-madrid\\\/#breadcrumb\",\"itemListElement\":[{\"@type\":\"ListItem\",\"position\":1,\"name\":\"Home\",\"item\":\"https:\\\/\\\/www.cruillaconcerts.cat\\\/es\\\/\"},{\"@type\":\"ListItem\",\"position\":2,\"name\":\"Concert Green Day &#8211; Madrid\"}]},{\"@type\":\"WebSite\",\"@id\":\"https:\\\/\\\/www.cruillaconcerts.cat\\\/es\\\/#website\",\"url\":\"https:\\\/\\\/www.cruillaconcerts.cat\\\/es\\\/\",\"name\":\"Cru\u00eflla Concerts\",\"description\":\"\",\"potentialAction\":[{\"@type\":\"SearchAction\",\"target\":{\"@type\":\"EntryPoint\",\"urlTemplate\":\"https:\\\/\\\/www.cruillaconcerts.cat\\\/es\\\/?s={search_term_string}\"},\"query-input\":{\"@type\":\"PropertyValueSpecification\",\"valueRequired\":true,\"valueName\":\"search_term_string\"}}],\"inLanguage\":\"es\"}]}<\/script>\n<!-- \/ Yoast SEO plugin. -->","yoast_head_json":{"title":"Concert Green Day - Madrid - Cru\u00eflla Concerts","robots":{"index":"index","follow":"follow","max-snippet":"max-snippet:-1","max-image-preview":"max-image-preview:large","max-video-preview":"max-video-preview:-1"},"canonical":"https:\/\/www.cruillaconcerts.cat\/es\/concert-green-day-madrid\/","og_locale":"es_ES","og_type":"article","og_title":"Concert Green Day - Madrid - Cru\u00eflla Concerts","og_description":"SOLD OUT \u00a1No te pierdas a Green Day en Madrid el 1 de junio 2024! No, no lo est\u00e1s leyendo mal: \u00a1el pr\u00f3ximo 1 de junio [&hellip;]","og_url":"https:\/\/www.cruillaconcerts.cat\/es\/concert-green-day-madrid\/","og_site_name":"Cru\u00eflla Concerts","article_modified_time":"2023-12-22T12:07:58+00:00","og_image":[{"width":2560,"height":1041,"url":"https:\/\/www.cruillaconcerts.cat\/wp-content\/uploads\/2023\/11\/GreenDay_Web_Desktop-scaled.jpg","type":"image\/jpeg"}],"twitter_card":"summary_large_image","twitter_misc":{"Tiempo de lectura":"2 minutos"},"schema":{"@context":"https:\/\/schema.org","@graph":[{"@type":"WebPage","@id":"https:\/\/www.cruillaconcerts.cat\/es\/concert-green-day-madrid\/","url":"https:\/\/www.cruillaconcerts.cat\/es\/concert-green-day-madrid\/","name":"Concert Green Day - Madrid - Cru\u00eflla Concerts","isPartOf":{"@id":"https:\/\/www.cruillaconcerts.cat\/es\/#website"},"primaryImageOfPage":{"@id":"https:\/\/www.cruillaconcerts.cat\/es\/concert-green-day-madrid\/#primaryimage"},"image":{"@id":"https:\/\/www.cruillaconcerts.cat\/es\/concert-green-day-madrid\/#primaryimage"},"thumbnailUrl":"https:\/\/www.cruillaconcerts.cat\/wp-content\/uploads\/2023\/11\/GreenDay_Web_Desktop-scaled.jpg","datePublished":"2023-11-02T12:02:14+00:00","dateModified":"2023-12-22T12:07:58+00:00","breadcrumb":{"@id":"https:\/\/www.cruillaconcerts.cat\/es\/concert-green-day-madrid\/#breadcrumb"},"inLanguage":"es","potentialAction":[{"@type":"ReadAction","target":["https:\/\/www.cruillaconcerts.cat\/es\/concert-green-day-madrid\/"]}]},{"@type":"ImageObject","inLanguage":"es","@id":"https:\/\/www.cruillaconcerts.cat\/es\/concert-green-day-madrid\/#primaryimage","url":"https:\/\/www.cruillaconcerts.cat\/wp-content\/uploads\/2023\/11\/GreenDay_Web_Desktop-scaled.jpg","contentUrl":"https:\/\/www.cruillaconcerts.cat\/wp-content\/uploads\/2023\/11\/GreenDay_Web_Desktop-scaled.jpg","width":2560,"height":1041},{"@type":"BreadcrumbList","@id":"https:\/\/www.cruillaconcerts.cat\/es\/concert-green-day-madrid\/#breadcrumb","itemListElement":[{"@type":"ListItem","position":1,"name":"Home","item":"https:\/\/www.cruillaconcerts.cat\/es\/"},{"@type":"ListItem","position":2,"name":"Concert Green Day &#8211; Madrid"}]},{"@type":"WebSite","@id":"https:\/\/www.cruillaconcerts.cat\/es\/#website","url":"https:\/\/www.cruillaconcerts.cat\/es\/","name":"Cru\u00eflla Concerts","description":"","potentialAction":[{"@type":"SearchAction","target":{"@type":"EntryPoint","urlTemplate":"https:\/\/www.cruillaconcerts.cat\/es\/?s={search_term_string}"},"query-input":{"@type":"PropertyValueSpecification","valueRequired":true,"valueName":"search_term_string"}}],"inLanguage":"es"}]}},"_links":{"self":[{"href":"https:\/\/www.cruillaconcerts.cat\/es\/wp-json\/wp\/v2\/pages\/4089","targetHints":{"allow":["GET"]}}],"collection":[{"href":"https:\/\/www.cruillaconcerts.cat\/es\/wp-json\/wp\/v2\/pages"}],"about":[{"href":"https:\/\/www.cruillaconcerts.cat\/es\/wp-json\/wp\/v2\/types\/page"}],"author":[{"embeddable":true,"href":"https:\/\/www.cruillaconcerts.cat\/es\/wp-json\/wp\/v2\/users\/3"}],"replies":[{"embeddable":true,"href":"https:\/\/www.cruillaconcerts.cat\/es\/wp-json\/wp\/v2\/comments?post=4089"}],"version-history":[{"count":5,"href":"https:\/\/www.cruillaconcerts.cat\/es\/wp-json\/wp\/v2\/pages\/4089\/revisions"}],"predecessor-version":[{"id":4753,"href":"https:\/\/www.cruillaconcerts.cat\/es\/wp-json\/wp\/v2\/pages\/4089\/revisions\/4753"}],"wp:featuredmedia":[{"embeddable":true,"href":"https:\/\/www.cruillaconcerts.cat\/es\/wp-json\/wp\/v2\/media\/4103"}],"wp:attachment":[{"href":"https:\/\/www.cruillaconcerts.cat\/es\/wp-json\/wp\/v2\/media?parent=4089"}],"curies":[{"name":"wp","href":"https:\/\/api.w.org\/{rel}","templated":true}]}}