{"id":4552,"date":"2023-12-22T10:38:38","date_gmt":"2023-12-22T10:38:38","guid":{"rendered":"https:\/\/www.cruillaconcerts.cat\/?page_id=4552"},"modified":"2024-04-25T09:33:22","modified_gmt":"2024-04-25T09:33:22","slug":"cruilla-baix-segre","status":"publish","type":"page","link":"https:\/\/www.cruillaconcerts.cat\/es\/cruilla-baix-segre\/","title":{"rendered":"Cru\u00eflla Baix Segre"},"content":{"rendered":"<h2 style=\"text-align: center;\">LOS CONCIERTOS DE LA FIESTA DE LA FLORACI\u00d3N<\/h2>\n<p>Unos d\u00edas antes de que empiece oficialmente, el Cru\u00eflla se traslada al<strong> Baix Segre<\/strong> para vivir el <strong>incio de la primavera<\/strong> en todo su esplendor, en un nuevo formato de festival que coincide con la \u201c<strong>Fiesta de la floraci\u00f3n<\/strong>\u201d, un evento natural, cultural , gastron\u00f3mico y agr\u00edcola que celebra la floraci\u00f3n de \u00e1rboles frutales como los melocotoneros, las nectarinas o los <em>paraguayos<\/em>\u00a0y, especialmente, el espect\u00e1culo de colores rosados que regalan al territorio.<\/p>\n<p>La primera edici\u00f3n del <strong>Cru\u00eflla Baix Segre<\/strong>, celebrada el <strong>9 de marzo de 2024<\/strong>, llev\u00f3 a m\u00e1s de 5.000 personas a acercarse a los conciertos de una programaci\u00f3n id\u00f3nea para este entorno id\u00edlico!<\/p>\n<p><img loading=\"lazy\" decoding=\"async\" class=\"aligncenter wp-image-5181 \" src=\"https:\/\/www.cruillaconcerts.cat\/wp-content\/uploads\/2024\/01\/SBS24_Cartell_Post_ES-1024x1024.jpg\" alt=\"\" width=\"665\" height=\"665\" srcset=\"https:\/\/www.cruillaconcerts.cat\/wp-content\/uploads\/2024\/01\/SBS24_Cartell_Post_ES-1024x1024.jpg 1024w, https:\/\/www.cruillaconcerts.cat\/wp-content\/uploads\/2024\/01\/SBS24_Cartell_Post_ES-150x150.jpg 150w, https:\/\/www.cruillaconcerts.cat\/wp-content\/uploads\/2024\/01\/SBS24_Cartell_Post_ES-768x768.jpg 768w, https:\/\/www.cruillaconcerts.cat\/wp-content\/uploads\/2024\/01\/SBS24_Cartell_Post_ES-300x300.jpg 300w, https:\/\/www.cruillaconcerts.cat\/wp-content\/uploads\/2024\/01\/SBS24_Cartell_Post_ES-600x600.jpg 600w, https:\/\/www.cruillaconcerts.cat\/wp-content\/uploads\/2024\/01\/SBS24_Cartell_Post_ES.jpg 1200w\" sizes=\"auto, (max-width: 665px) 100vw, 665px\" \/><\/p>\n<p>El pistoletazo de salida de la jornada se dio desde el <strong>Espai Village de Alcarr\u00e0s<\/strong>, donde varios DJ&#8217;s dieron la primera nota del d\u00eda. Poco despu\u00e9s, una <strong>Julia Colom<\/strong> \u00edntima y ardiente en el monasterio de Avinganya, y las armon\u00edas sensibles y frescas de <strong>Renaldo y Clara<\/strong> desde un mirador buc\u00f3lico entre campos floridos, dieron inicio a los conciertos del festival.<\/p>\n<p>Un poco m\u00e1s tarde y en puntas diferentes de la comarca, otros tres conciertos cobijaron al p\u00fablico del momento m\u00e1s lluvioso del d\u00eda. Mientras <strong>Clara Peya<\/strong> entre cajas de fruta hipnotizaba a una audiencia absolutamente entregada con la presentaci\u00f3n de su \u00faltimo proyecto &#8216;Cors\u00e9&#8217;, <strong>La Mercabanda <\/strong>y <strong>Joan Garriga<\/strong> hac\u00edan bailar a los visitantes de Soses y La Granja de Escarp en dos conciertos llenos de energ\u00eda y buen ambiente.<\/p>\n<p>A partir de la tarde, el tiempo dio tregua y, mientras el sol empez\u00f3 a vislumbrarse entre los \u00e1rboles floridos, <strong>David Carab\u00e9n <\/strong>y<strong> Delaf\u00e9<\/strong> ofrecieron una mezcla de melancol\u00eda y buen rollo ideal para todos aquellos que se acercaron a Alcarr\u00e0s y Massalcoreig.<\/p>\n<p>La traca final tuvo lugar en el campo de f\u00fatbol de Aitona, donde una multitud de gente bail\u00f3 hasta bien entrada la noche a ritmo de los temas de <strong>Stay Homas<\/strong>, la rumba de <strong>Albert Pla<\/strong>, y los platos de <strong>Miqui Puig.<\/strong><\/p>\n<p><iframe loading=\"lazy\" title=\"Cruilla Baix Segre 2024 - Aftermovie\" width=\"1200\" height=\"675\" src=\"https:\/\/www.youtube.com\/embed\/y9NgNyh4TGo?feature=oembed\" frameborder=\"0\" allow=\"accelerometer; autoplay; clipboard-write; encrypted-media; gyroscope; picture-in-picture; web-share\" referrerpolicy=\"strict-origin-when-cross-origin\" allowfullscreen><\/iframe><\/p>\n<p>&nbsp;<\/p>\n<p>El entorno florecido y te\u00f1ido de blancos y rosas, ofreci\u00f3 un marco id\u00edlico para el festival. La <strong>Fiesta de la floraci\u00f3n fue<\/strong> el escenario perfecto para celebrar una jornada llena de m\u00fasica y est\u00e1 destinada a convertirse en una fecha esencial en el calendario de turismo de Catalu\u00f1a.<\/p>\n","protected":false},"excerpt":{"rendered":"<p>LOS CONCIERTOS DE LA FIESTA DE LA FLORACI\u00d3N Unos d\u00edas antes de que empiece oficialmente, el Cru\u00eflla se traslada al Baix Segre para vivir el incio [&hellip;]<\/p>\n","protected":false},"author":3,"featured_media":4622,"parent":0,"menu_order":0,"comment_status":"closed","ping_status":"closed","template":"page-templates\/page-landing.php","meta":{"_acf_changed":false,"footnotes":""},"class_list":["post-4552","page","type-page","status-publish","has-post-thumbnail","hentry"],"acf":[],"yoast_head":"<!-- This site is optimized with the Yoast SEO plugin v27.3 - https:\/\/yoast.com\/product\/yoast-seo-wordpress\/ -->\n<title>Festival Cru\u00eflla Baix Segre - 9 de marzo 2024<\/title>\n<meta name=\"description\" content=\"La 1\u00aa edici\u00f3n del Cru\u00eflla Baix Segre, celebrada el 9 de marzo de 2024, llev\u00f3 a m\u00e1s de 5.000 personas a los conciertos en un entorno id\u00edlico\" \/>\n<meta name=\"robots\" content=\"index, follow, max-snippet:-1, max-image-preview:large, max-video-preview:-1\" \/>\n<link rel=\"canonical\" href=\"https:\/\/www.cruillaconcerts.cat\/es\/cruilla-baix-segre\/\" \/>\n<meta property=\"og:locale\" content=\"es_ES\" \/>\n<meta property=\"og:type\" content=\"article\" \/>\n<meta property=\"og:title\" content=\"Festival Cru\u00eflla Baix Segre - 9 de marzo 2024\" \/>\n<meta property=\"og:description\" content=\"La 1\u00aa edici\u00f3n del Cru\u00eflla Baix Segre, celebrada el 9 de marzo de 2024, llev\u00f3 a m\u00e1s de 5.000 personas a los conciertos en un entorno id\u00edlico\" \/>\n<meta property=\"og:url\" content=\"https:\/\/www.cruillaconcerts.cat\/es\/cruilla-baix-segre\/\" \/>\n<meta property=\"og:site_name\" content=\"Cru\u00eflla Concerts\" \/>\n<meta property=\"article:modified_time\" content=\"2024-04-25T09:33:22+00:00\" \/>\n<meta property=\"og:image\" content=\"https:\/\/www.cruillaconcerts.cat\/wp-content\/uploads\/2023\/12\/SBS24_LandingWeb_Capcalera_ES-1.jpg\" \/>\n\t<meta property=\"og:image:width\" content=\"1500\" \/>\n\t<meta property=\"og:image:height\" content=\"500\" \/>\n\t<meta property=\"og:image:type\" content=\"image\/jpeg\" \/>\n<meta name=\"twitter:card\" content=\"summary_large_image\" \/>\n<meta name=\"twitter:label1\" content=\"Tiempo de lectura\" \/>\n\t<meta name=\"twitter:data1\" content=\"3 minutos\" \/>\n<script type=\"application\/ld+json\" class=\"yoast-schema-graph\">{\"@context\":\"https:\\\/\\\/schema.org\",\"@graph\":[{\"@type\":\"WebPage\",\"@id\":\"https:\\\/\\\/www.cruillaconcerts.cat\\\/es\\\/cruilla-baix-segre\\\/\",\"url\":\"https:\\\/\\\/www.cruillaconcerts.cat\\\/es\\\/cruilla-baix-segre\\\/\",\"name\":\"Festival Cru\u00eflla Baix Segre - 9 de marzo 2024\",\"isPartOf\":{\"@id\":\"https:\\\/\\\/www.cruillaconcerts.cat\\\/es\\\/#website\"},\"primaryImageOfPage\":{\"@id\":\"https:\\\/\\\/www.cruillaconcerts.cat\\\/es\\\/cruilla-baix-segre\\\/#primaryimage\"},\"image\":{\"@id\":\"https:\\\/\\\/www.cruillaconcerts.cat\\\/es\\\/cruilla-baix-segre\\\/#primaryimage\"},\"thumbnailUrl\":\"https:\\\/\\\/www.cruillaconcerts.cat\\\/wp-content\\\/uploads\\\/2023\\\/12\\\/SBS24_LandingWeb_Capcalera_ES-1.jpg\",\"datePublished\":\"2023-12-22T10:38:38+00:00\",\"dateModified\":\"2024-04-25T09:33:22+00:00\",\"description\":\"La 1\u00aa edici\u00f3n del Cru\u00eflla Baix Segre, celebrada el 9 de marzo de 2024, llev\u00f3 a m\u00e1s de 5.000 personas a los conciertos en un entorno id\u00edlico\",\"breadcrumb\":{\"@id\":\"https:\\\/\\\/www.cruillaconcerts.cat\\\/es\\\/cruilla-baix-segre\\\/#breadcrumb\"},\"inLanguage\":\"es\",\"potentialAction\":[{\"@type\":\"ReadAction\",\"target\":[\"https:\\\/\\\/www.cruillaconcerts.cat\\\/es\\\/cruilla-baix-segre\\\/\"]}]},{\"@type\":\"ImageObject\",\"inLanguage\":\"es\",\"@id\":\"https:\\\/\\\/www.cruillaconcerts.cat\\\/es\\\/cruilla-baix-segre\\\/#primaryimage\",\"url\":\"https:\\\/\\\/www.cruillaconcerts.cat\\\/wp-content\\\/uploads\\\/2023\\\/12\\\/SBS24_LandingWeb_Capcalera_ES-1.jpg\",\"contentUrl\":\"https:\\\/\\\/www.cruillaconcerts.cat\\\/wp-content\\\/uploads\\\/2023\\\/12\\\/SBS24_LandingWeb_Capcalera_ES-1.jpg\",\"width\":1500,\"height\":500},{\"@type\":\"BreadcrumbList\",\"@id\":\"https:\\\/\\\/www.cruillaconcerts.cat\\\/es\\\/cruilla-baix-segre\\\/#breadcrumb\",\"itemListElement\":[{\"@type\":\"ListItem\",\"position\":1,\"name\":\"Home\",\"item\":\"https:\\\/\\\/www.cruillaconcerts.cat\\\/es\\\/\"},{\"@type\":\"ListItem\",\"position\":2,\"name\":\"Cru\u00eflla Baix Segre\"}]},{\"@type\":\"WebSite\",\"@id\":\"https:\\\/\\\/www.cruillaconcerts.cat\\\/es\\\/#website\",\"url\":\"https:\\\/\\\/www.cruillaconcerts.cat\\\/es\\\/\",\"name\":\"Cru\u00eflla Concerts\",\"description\":\"\",\"potentialAction\":[{\"@type\":\"SearchAction\",\"target\":{\"@type\":\"EntryPoint\",\"urlTemplate\":\"https:\\\/\\\/www.cruillaconcerts.cat\\\/es\\\/?s={search_term_string}\"},\"query-input\":{\"@type\":\"PropertyValueSpecification\",\"valueRequired\":true,\"valueName\":\"search_term_string\"}}],\"inLanguage\":\"es\"}]}<\/script>\n<!-- \/ Yoast SEO plugin. -->","yoast_head_json":{"title":"Festival Cru\u00eflla Baix Segre - 9 de marzo 2024","description":"La 1\u00aa edici\u00f3n del Cru\u00eflla Baix Segre, celebrada el 9 de marzo de 2024, llev\u00f3 a m\u00e1s de 5.000 personas a los conciertos en un entorno id\u00edlico","robots":{"index":"index","follow":"follow","max-snippet":"max-snippet:-1","max-image-preview":"max-image-preview:large","max-video-preview":"max-video-preview:-1"},"canonical":"https:\/\/www.cruillaconcerts.cat\/es\/cruilla-baix-segre\/","og_locale":"es_ES","og_type":"article","og_title":"Festival Cru\u00eflla Baix Segre - 9 de marzo 2024","og_description":"La 1\u00aa edici\u00f3n del Cru\u00eflla Baix Segre, celebrada el 9 de marzo de 2024, llev\u00f3 a m\u00e1s de 5.000 personas a los conciertos en un entorno id\u00edlico","og_url":"https:\/\/www.cruillaconcerts.cat\/es\/cruilla-baix-segre\/","og_site_name":"Cru\u00eflla Concerts","article_modified_time":"2024-04-25T09:33:22+00:00","og_image":[{"width":1500,"height":500,"url":"https:\/\/www.cruillaconcerts.cat\/wp-content\/uploads\/2023\/12\/SBS24_LandingWeb_Capcalera_ES-1.jpg","type":"image\/jpeg"}],"twitter_card":"summary_large_image","twitter_misc":{"Tiempo de lectura":"3 minutos"},"schema":{"@context":"https:\/\/schema.org","@graph":[{"@type":"WebPage","@id":"https:\/\/www.cruillaconcerts.cat\/es\/cruilla-baix-segre\/","url":"https:\/\/www.cruillaconcerts.cat\/es\/cruilla-baix-segre\/","name":"Festival Cru\u00eflla Baix Segre - 9 de marzo 2024","isPartOf":{"@id":"https:\/\/www.cruillaconcerts.cat\/es\/#website"},"primaryImageOfPage":{"@id":"https:\/\/www.cruillaconcerts.cat\/es\/cruilla-baix-segre\/#primaryimage"},"image":{"@id":"https:\/\/www.cruillaconcerts.cat\/es\/cruilla-baix-segre\/#primaryimage"},"thumbnailUrl":"https:\/\/www.cruillaconcerts.cat\/wp-content\/uploads\/2023\/12\/SBS24_LandingWeb_Capcalera_ES-1.jpg","datePublished":"2023-12-22T10:38:38+00:00","dateModified":"2024-04-25T09:33:22+00:00","description":"La 1\u00aa edici\u00f3n del Cru\u00eflla Baix Segre, celebrada el 9 de marzo de 2024, llev\u00f3 a m\u00e1s de 5.000 personas a los conciertos en un entorno id\u00edlico","breadcrumb":{"@id":"https:\/\/www.cruillaconcerts.cat\/es\/cruilla-baix-segre\/#breadcrumb"},"inLanguage":"es","potentialAction":[{"@type":"ReadAction","target":["https:\/\/www.cruillaconcerts.cat\/es\/cruilla-baix-segre\/"]}]},{"@type":"ImageObject","inLanguage":"es","@id":"https:\/\/www.cruillaconcerts.cat\/es\/cruilla-baix-segre\/#primaryimage","url":"https:\/\/www.cruillaconcerts.cat\/wp-content\/uploads\/2023\/12\/SBS24_LandingWeb_Capcalera_ES-1.jpg","contentUrl":"https:\/\/www.cruillaconcerts.cat\/wp-content\/uploads\/2023\/12\/SBS24_LandingWeb_Capcalera_ES-1.jpg","width":1500,"height":500},{"@type":"BreadcrumbList","@id":"https:\/\/www.cruillaconcerts.cat\/es\/cruilla-baix-segre\/#breadcrumb","itemListElement":[{"@type":"ListItem","position":1,"name":"Home","item":"https:\/\/www.cruillaconcerts.cat\/es\/"},{"@type":"ListItem","position":2,"name":"Cru\u00eflla Baix Segre"}]},{"@type":"WebSite","@id":"https:\/\/www.cruillaconcerts.cat\/es\/#website","url":"https:\/\/www.cruillaconcerts.cat\/es\/","name":"Cru\u00eflla Concerts","description":"","potentialAction":[{"@type":"SearchAction","target":{"@type":"EntryPoint","urlTemplate":"https:\/\/www.cruillaconcerts.cat\/es\/?s={search_term_string}"},"query-input":{"@type":"PropertyValueSpecification","valueRequired":true,"valueName":"search_term_string"}}],"inLanguage":"es"}]}},"_links":{"self":[{"href":"https:\/\/www.cruillaconcerts.cat\/es\/wp-json\/wp\/v2\/pages\/4552","targetHints":{"allow":["GET"]}}],"collection":[{"href":"https:\/\/www.cruillaconcerts.cat\/es\/wp-json\/wp\/v2\/pages"}],"about":[{"href":"https:\/\/www.cruillaconcerts.cat\/es\/wp-json\/wp\/v2\/types\/page"}],"author":[{"embeddable":true,"href":"https:\/\/www.cruillaconcerts.cat\/es\/wp-json\/wp\/v2\/users\/3"}],"replies":[{"embeddable":true,"href":"https:\/\/www.cruillaconcerts.cat\/es\/wp-json\/wp\/v2\/comments?post=4552"}],"version-history":[{"count":5,"href":"https:\/\/www.cruillaconcerts.cat\/es\/wp-json\/wp\/v2\/pages\/4552\/revisions"}],"predecessor-version":[{"id":6257,"href":"https:\/\/www.cruillaconcerts.cat\/es\/wp-json\/wp\/v2\/pages\/4552\/revisions\/6257"}],"wp:featuredmedia":[{"embeddable":true,"href":"https:\/\/www.cruillaconcerts.cat\/es\/wp-json\/wp\/v2\/media\/4622"}],"wp:attachment":[{"href":"https:\/\/www.cruillaconcerts.cat\/es\/wp-json\/wp\/v2\/media?parent=4552"}],"curies":[{"name":"wp","href":"https:\/\/api.w.org\/{rel}","templated":true}]}}