{"id":5164,"date":"2024-01-25T10:55:08","date_gmt":"2024-01-25T10:55:08","guid":{"rendered":"https:\/\/www.cruillaconcerts.cat\/espais-cruilla-baix-segre\/"},"modified":"2024-03-08T20:27:21","modified_gmt":"2024-03-08T20:27:21","slug":"espacios-cruilla-baix-segre","status":"publish","type":"page","link":"https:\/\/www.cruillaconcerts.cat\/es\/espacios-cruilla-baix-segre\/","title":{"rendered":"Espacios Cru\u00eflla Baix Segre"},"content":{"rendered":"<h2 style=\"text-align: left;\"><b>\u00a1DESCUBRE UN PAISAJE NATURAL Y GASTRON\u00d3MICO \u00daNICO EN EL FESTIVAL CRU\u00cfLLA BAIX SEGRE!<\/b><\/h2>\n<p>&nbsp;<\/p>\n<h3><strong>Direcci\u00f3n de los diferentes espacios:\u00a0<\/strong><\/h3>\n<div><b>Village Alcarr\u00e0s<a href=\"https:\/\/maps.app.goo.gl\/NHMUpiewZ8Fzacst5\">&#8211;&gt;Ir<\/a><\/b><\/div>\n<div>Avinguda Onze de Setembre, Alcarr\u00e0s.<\/div>\n<div><b>\u00a0<\/b><\/div>\n<div><b>J\u00falia Colom<\/b><\/div>\n<div>Monestir d&#8217;Avinganya, Ser\u00f2s<b><a href=\"https:\/\/maps.app.goo.gl\/s3PtTxVuTxjPa5Jn9\">&#8211;&gt;Ir<\/a><\/b><b><br \/>\n<\/b><\/div>\n<div>Mas de Setu. 25183, Ser\u00f2s, Lleida.<\/div>\n<div><b>\u00a0<\/b><\/div>\n<div><b>Renaldo &amp; Clara<\/b><\/div>\n<div>Tossal de Carrassumada, Torres De Segre<b><a href=\"https:\/\/maps.app.goo.gl\/vwwt8fL6WSNPAZeT6\">&#8211;&gt;Ir<\/a><\/b><b><br \/>\n<\/b><\/div>\n<div>25170, Torres de Segre, Lleida.<\/div>\n<div><b>\u00a0<\/b><\/div>\n<div><b>Clara Peya<\/b><\/div>\n<div>Aitona Gourmet, Aitona<b><a href=\"https:\/\/maps.app.goo.gl\/XTKfGWivWpuNYYfv7\">&#8211;&gt;Ir<\/a><\/b><b><br \/>\n<\/b><\/div>\n<div>Carrer Carratal\u00e0, s\/n. 25182, Aitona, Lleida.<\/div>\n<div><b>\u00a0<\/b><\/div>\n<div><b>Joan Garriga<\/b><\/div>\n<div>Centre C\u00edvic \u00abLo Ball\u00bb, La Granja d&#8217;Escarp<b><a href=\"https:\/\/maps.app.goo.gl\/yLhAEtC7xCFzNGc57\">&#8211;&gt;Ir<\/a><\/b><b><br \/>\n<\/b><\/div>\n<div>Avinguda del Segre, 6. 25185, La Granja d&#8217;Escarp.<\/div>\n<div><b>\u00a0<\/b><\/div>\n<div><b>Delaf\u00e9<\/b><\/div>\n<div>Casal de Massalcoreig, Massalcoreig<b><a href=\"https:\/\/maps.app.goo.gl\/6SaW4r9x7KDbbyVz6\">&#8211;&gt;Ir<\/a><\/b><\/div>\n<div>Carrer de la Barceloneta, 4, 25184 Massalcoreig, Lleida.\u00a0<b><br \/>\n<\/b><\/div>\n<div><b>\u00a0<\/b><\/div>\n<div><b>David Carab\u00e9n<\/b><\/div>\n<div>CCM Lo Casino d&#8217;Alcarr\u00e0s<b><a href=\"https:\/\/maps.app.goo.gl\/F3qd2PoAtTgKQ4jk9\">&#8211;&gt;Ir<\/a><\/b><b><br \/>\n<\/b><\/div>\n<div>Carrer Major, 84. 25180, Alcarr\u00e0s, Lleida.<\/div>\n<div><b>\u00a0<\/b><\/div>\n<div><b>Stay Homas\u00a0+ Albert Pla<\/b><\/div>\n<div>Camp de Futbol d&#8217;Aitona<b><a href=\"https:\/\/maps.app.goo.gl\/sHxxyG7Ncke2A82A7\">&#8211;&gt;Ir<\/a><\/b><b><br \/>\n<\/b><\/div>\n<div>Carrer Joan XXIII, 34. 25182, Aitona, Lleida.<\/div>\n<div><\/div>\n<div><b>Mercabanda<\/b><\/div>\n<div>\n<div>Club de Futbol de Soses<b><a href=\"https:\/\/maps.app.goo.gl\/652vaj7SYdCQXuk5A\">&#8211;&gt;Ir<\/a><\/b><\/div>\n<div>Partida Poligono 2, 15, 25181 Soses, Lleida<\/div>\n<\/div>\n<p>&nbsp;<\/p>\n<p><span style=\"font-weight: 400;\">El pr\u00f3ximo <\/span><b>9 de marzo<\/b><span style=\"font-weight: 400;\"> se celebrar\u00e1 en la comarca lleidatana del <\/span><b>Segri\u00e0<\/b><span style=\"font-weight: 400;\"> el festival <\/span><b>Cru\u00eflla Baix Segre<\/b><span style=\"font-weight: 400;\">, que unir\u00e1 la esencia del <\/span><b>Festival Cru\u00eflla<\/b><span style=\"font-weight: 400;\"> con la <\/span><b>Fiesta de la Floraci\u00f3n<\/b><span style=\"font-weight: 400;\">, el evento natural ef\u00edmero que tiene lugar anualmente en esta zona de Catalunya y que celebra la floraci\u00f3n de los <\/span><b>\u00e1rboles<\/b> <b>fruteros<\/b><span style=\"font-weight: 400;\"> y la <\/span><b>tarea<\/b> <b>agr\u00edcola<\/b><span style=\"font-weight: 400;\"> que se lleva a cabo en este territorio.\u00a0<\/span><\/p>\n<p><span style=\"font-weight: 400;\">A lo largo de la jornada, sus asistentes podr\u00e1n disfrutar de los conciertos de <\/span><b>m\u00e1s de una decena de artistas catalanes<\/b><span style=\"font-weight: 400;\">, desde propuestas m\u00e1s cercanas al pop y a la fiesta hasta las m\u00e1s arriesgadas y transgresoras, en varios espacios emblem\u00e1ticos del Baix Segre. \u00a1<\/span><b>Desc\u00fabrelos a continuaci\u00f3n <\/b><span style=\"font-weight: 400;\">y ven a disfrutarlos de primera mano el pr\u00f3ximo 9 de marzo!<\/span> <span style=\"font-weight: 400;\">\ud83d\udc47<\/span><\/p>\n<p><img loading=\"lazy\" decoding=\"async\" class=\"aligncenter wp-image-5126\" src=\"https:\/\/www.cruillaconcerts.cat\/wp-content\/uploads\/2024\/01\/EspaiVillage-1024x1024.jpg\" alt=\"\" width=\"300\" height=\"300\" srcset=\"https:\/\/www.cruillaconcerts.cat\/wp-content\/uploads\/2024\/01\/EspaiVillage-1024x1024.jpg 1024w, https:\/\/www.cruillaconcerts.cat\/wp-content\/uploads\/2024\/01\/EspaiVillage-150x150.jpg 150w, https:\/\/www.cruillaconcerts.cat\/wp-content\/uploads\/2024\/01\/EspaiVillage-768x768.jpg 768w, https:\/\/www.cruillaconcerts.cat\/wp-content\/uploads\/2024\/01\/EspaiVillage-300x300.jpg 300w, https:\/\/www.cruillaconcerts.cat\/wp-content\/uploads\/2024\/01\/EspaiVillage-600x600.jpg 600w, https:\/\/www.cruillaconcerts.cat\/wp-content\/uploads\/2024\/01\/EspaiVillage.jpg 1200w\" sizes=\"auto, (max-width: 300px) 100vw, 300px\" \/><\/p>\n<p><span style=\"font-weight: 400;\">El <\/span><b>Espai Village de Alcarr\u00e0s<\/b><span style=\"font-weight: 400;\"> dar\u00e1 el pistoletazo de salida a la programaci\u00f3n musical del Cru\u00eflla Baix Segre. Este ser\u00e1 el lugar donde de 10h a 18h los asistentes del festival podr\u00e1n descansar, comer algo en alguna de las foodtrucks del territorio, informarse sobre los conciertos y las rutas de la floraci\u00f3n y seguir disfrutando de la m\u00fasica en directo con <\/span><b>Selva Nua, UK Ventura, Ponent Roots y Carlitos Mi\u00f1arro.<\/b><\/p>\n<p><img loading=\"lazy\" decoding=\"async\" class=\"aligncenter wp-image-5132\" src=\"https:\/\/www.cruillaconcerts.cat\/wp-content\/uploads\/2024\/01\/Alzina.jpg\" alt=\"\" width=\"300\" height=\"298\" srcset=\"https:\/\/www.cruillaconcerts.cat\/wp-content\/uploads\/2024\/01\/Alzina.jpg 1207w, https:\/\/www.cruillaconcerts.cat\/wp-content\/uploads\/2024\/01\/Alzina-1024x1018.jpg 1024w, https:\/\/www.cruillaconcerts.cat\/wp-content\/uploads\/2024\/01\/Alzina-150x150.jpg 150w, https:\/\/www.cruillaconcerts.cat\/wp-content\/uploads\/2024\/01\/Alzina-768x764.jpg 768w, https:\/\/www.cruillaconcerts.cat\/wp-content\/uploads\/2024\/01\/Alzina-300x298.jpg 300w\" sizes=\"auto, (max-width: 300px) 100vw, 300px\" \/><\/p>\n<p><span style=\"font-weight: 400;\">Alcarr\u00e0s tambi\u00e9n acoger\u00e1 el concierto de <\/span><b>David Carab\u00e9n<\/b><span style=\"font-weight: 400;\"> bajo la <\/span><b>Alzina Centen\u00e0ria<\/b><span style=\"font-weight: 400;\"> a las 16h, uno de los emblemas de este municipio. Se trata de una encina que da nombre al lugar donde se ubica, el Pla de l\u2019alzina, y que creci\u00f3 en la antiguamente conocida como Partida del Coscollar donde no hab\u00eda ning\u00fan otro \u00e1rbol antes que esta. Para llegar all\u00ed har\u00e1 falta coger uno de los <\/span><b>buses lanzadera en el Espai Village de Alcarr\u00e1s a las 14:45h o 15:30h<\/b><span style=\"font-weight: 400;\"> que se habr\u00e1n reservado en el momento de hacer la compra de las entradas. Este espacio no es accesible para personas con movilidad reducida.<\/span><\/p>\n<p><img loading=\"lazy\" decoding=\"async\" class=\"aligncenter wp-image-5141\" src=\"https:\/\/www.cruillaconcerts.cat\/wp-content\/uploads\/2024\/01\/Massalcoreig.jpg\" alt=\"\" width=\"300\" height=\"300\" srcset=\"https:\/\/www.cruillaconcerts.cat\/wp-content\/uploads\/2024\/01\/Massalcoreig.jpg 1200w, https:\/\/www.cruillaconcerts.cat\/wp-content\/uploads\/2024\/01\/Massalcoreig-1024x1024.jpg 1024w, https:\/\/www.cruillaconcerts.cat\/wp-content\/uploads\/2024\/01\/Massalcoreig-150x150.jpg 150w, https:\/\/www.cruillaconcerts.cat\/wp-content\/uploads\/2024\/01\/Massalcoreig-768x768.jpg 768w, https:\/\/www.cruillaconcerts.cat\/wp-content\/uploads\/2024\/01\/Massalcoreig-300x300.jpg 300w, https:\/\/www.cruillaconcerts.cat\/wp-content\/uploads\/2024\/01\/Massalcoreig-600x600.jpg 600w\" sizes=\"auto, (max-width: 300px) 100vw, 300px\" \/><\/p>\n<p><span style=\"font-weight: 400;\">A las 16h tambi\u00e9n tendr\u00e1 lugar el concierto de <\/span><b>Delaf\u00e9<\/b><span style=\"font-weight: 400;\"> en el <\/span><b>Casal de Massalcoreig<\/b><span style=\"font-weight: 400;\">, un antiguo molino rodeado de plazas, terrazas y paisajes que actualmente est\u00e1 habilitado como local social y punto de encuentro de los habitantes del municipio. Adem\u00e1s, el Ayuntamiento dle municipio ofrecer\u00e1 por la ma\u00f1ana una ruta por la floraci\u00f3n y los paisajes de la pel\u00edcula <\/span><i><span style=\"font-weight: 400;\">Alcarr\u00e0s<\/span><\/i><span style=\"font-weight: 400;\"> con desayuno y vermut inclu\u00eddos para calentar motores antes del concierto. Este espacio no es accesible para personas con movilidad reducida.<\/span><\/p>\n<p><img loading=\"lazy\" decoding=\"async\" class=\"aligncenter wp-image-5144\" src=\"https:\/\/www.cruillaconcerts.cat\/wp-content\/uploads\/2024\/01\/Seros.jpg\" alt=\"\" width=\"300\" height=\"300\" srcset=\"https:\/\/www.cruillaconcerts.cat\/wp-content\/uploads\/2024\/01\/Seros.jpg 1200w, https:\/\/www.cruillaconcerts.cat\/wp-content\/uploads\/2024\/01\/Seros-1024x1024.jpg 1024w, https:\/\/www.cruillaconcerts.cat\/wp-content\/uploads\/2024\/01\/Seros-150x150.jpg 150w, https:\/\/www.cruillaconcerts.cat\/wp-content\/uploads\/2024\/01\/Seros-768x768.jpg 768w, https:\/\/www.cruillaconcerts.cat\/wp-content\/uploads\/2024\/01\/Seros-300x300.jpg 300w, https:\/\/www.cruillaconcerts.cat\/wp-content\/uploads\/2024\/01\/Seros-600x600.jpg 600w\" sizes=\"auto, (max-width: 300px) 100vw, 300px\" \/><\/p>\n<p><span style=\"font-weight: 400;\">Ser\u00f2s ser\u00e1 otro de los municipios que acoger\u00e1n un concierto del Cru\u00eflla Baix Segre, concretamente el de la mallorquina <\/span><b>J\u00falia Colom<\/b><span style=\"font-weight: 400;\"> a las 11:30h. El espacio donde se celebrar\u00e1 ser\u00e1 el <\/span><b>Monestir d\u2019Avinganya<\/b><span style=\"font-weight: 400;\">, el primer monasterio trinitario de la Pen\u00ednsula Ib\u00e9rica fechado en el siglo XIII, desde el cual se puede disfrutar de un paisaje natural y arquitect\u00f3nico incomparable. Adem\u00e1s, el Ayuntamiento de <\/span><b>Ser\u00f2s<\/b><span style=\"font-weight: 400;\"> tambi\u00e9n ofrecer\u00e1 rutas por la floraci\u00f3n de los \u00e1rboles fruteros.<\/span><\/p>\n<p><img loading=\"lazy\" decoding=\"async\" class=\"aligncenter wp-image-5150\" src=\"https:\/\/www.cruillaconcerts.cat\/wp-content\/uploads\/2024\/01\/Torres-de-Segre.jpg\" alt=\"\" width=\"300\" height=\"300\" srcset=\"https:\/\/www.cruillaconcerts.cat\/wp-content\/uploads\/2024\/01\/Torres-de-Segre.jpg 1200w, https:\/\/www.cruillaconcerts.cat\/wp-content\/uploads\/2024\/01\/Torres-de-Segre-1024x1024.jpg 1024w, https:\/\/www.cruillaconcerts.cat\/wp-content\/uploads\/2024\/01\/Torres-de-Segre-150x150.jpg 150w, https:\/\/www.cruillaconcerts.cat\/wp-content\/uploads\/2024\/01\/Torres-de-Segre-768x768.jpg 768w, https:\/\/www.cruillaconcerts.cat\/wp-content\/uploads\/2024\/01\/Torres-de-Segre-300x300.jpg 300w, https:\/\/www.cruillaconcerts.cat\/wp-content\/uploads\/2024\/01\/Torres-de-Segre-600x600.jpg 600w\" sizes=\"auto, (max-width: 300px) 100vw, 300px\" \/><\/p>\n<p><span style=\"font-weight: 400;\">A las 11:30h tambi\u00e9n tendr\u00e1 lugar el concierto de la leridana <\/span><b>Renaldo &amp; Clara<\/b><span style=\"font-weight: 400;\"> en el <\/span><b>Tossal de Carrassumada, en Torres de Segre. <\/b><span style=\"font-weight: 400;\">Desde este lugar se podr\u00e1 disfrutar de unas vistas 360\u00ba del Espacio Natural de los Secanos del Segri\u00e0 y Utxesa. Adem\u00e1s, el Ayuntamiento de Torres de Segre organiza una caminada por la floraci\u00f3n que acabar\u00e1 en el lugar del concierto.<\/span><\/p>\n<p><img loading=\"lazy\" decoding=\"async\" class=\"aligncenter wp-image-5147\" src=\"https:\/\/www.cruillaconcerts.cat\/wp-content\/uploads\/2024\/01\/Soses.jpg\" alt=\"\" width=\"300\" height=\"300\" srcset=\"https:\/\/www.cruillaconcerts.cat\/wp-content\/uploads\/2024\/01\/Soses.jpg 1200w, https:\/\/www.cruillaconcerts.cat\/wp-content\/uploads\/2024\/01\/Soses-1024x1024.jpg 1024w, https:\/\/www.cruillaconcerts.cat\/wp-content\/uploads\/2024\/01\/Soses-150x150.jpg 150w, https:\/\/www.cruillaconcerts.cat\/wp-content\/uploads\/2024\/01\/Soses-768x768.jpg 768w, https:\/\/www.cruillaconcerts.cat\/wp-content\/uploads\/2024\/01\/Soses-300x300.jpg 300w, https:\/\/www.cruillaconcerts.cat\/wp-content\/uploads\/2024\/01\/Soses-600x600.jpg 600w\" sizes=\"auto, (max-width: 300px) 100vw, 300px\" \/><\/p>\n<p><span style=\"font-weight: 400;\">A las 13:15h tambi\u00e9n podremos disfrutar del concierto gratuito del grupo de versiones <\/span><b>La Mercabanda<\/b><span style=\"font-weight: 400;\"> en la <\/span><b>pinada del Campo de F\u00fatbol de Soses. <\/b><span style=\"font-weight: 400;\">El espacio estar\u00e1 dividido en una zona para el escenario y otra para la comida popular que organizar\u00e1 el Ayuntamiento que consistir\u00e1 en una <\/span><b>caracolada<\/b><span style=\"font-weight: 400;\"> y una <\/span><b>butifarrada<\/b><span style=\"font-weight: 400;\">. Adem\u00e1s, el consistorio organizar\u00e1 visitas guiadas al poblado ib\u00e9rico de Gebut y a los entornos floridos del municipio. <\/span><\/p>\n<p><img loading=\"lazy\" decoding=\"async\" class=\"aligncenter wp-image-5138\" src=\"https:\/\/www.cruillaconcerts.cat\/wp-content\/uploads\/2024\/01\/La-Granja-dEscarp.jpg\" alt=\"\" width=\"300\" height=\"300\" srcset=\"https:\/\/www.cruillaconcerts.cat\/wp-content\/uploads\/2024\/01\/La-Granja-dEscarp.jpg 1200w, https:\/\/www.cruillaconcerts.cat\/wp-content\/uploads\/2024\/01\/La-Granja-dEscarp-1024x1024.jpg 1024w, https:\/\/www.cruillaconcerts.cat\/wp-content\/uploads\/2024\/01\/La-Granja-dEscarp-150x150.jpg 150w, https:\/\/www.cruillaconcerts.cat\/wp-content\/uploads\/2024\/01\/La-Granja-dEscarp-768x768.jpg 768w, https:\/\/www.cruillaconcerts.cat\/wp-content\/uploads\/2024\/01\/La-Granja-dEscarp-300x300.jpg 300w, https:\/\/www.cruillaconcerts.cat\/wp-content\/uploads\/2024\/01\/La-Granja-dEscarp-600x600.jpg 600w\" sizes=\"auto, (max-width: 300px) 100vw, 300px\" \/><\/p>\n<p><b>Joan Garriga i el Mariatxi Gal\u00e0ctic<\/b><span style=\"font-weight: 400;\"> actuar\u00e1n tambi\u00e9n a las 13:15h en la zona deportiva de <\/span><b>La Granja d\u2019Escarp<\/b><span style=\"font-weight: 400;\">, el municipio participante del Cru\u00eflla Baix Segre m\u00e1s cercano a Arag\u00f3n, desde el cual se podr\u00e1n observar la flora y la fauna del espacio natural del Aiguabarreig Segre-Cinca y tambi\u00e9n disfrutar de<strong> bocadillos a la brasa<\/strong><\/span><span style=\"font-weight: 400;\"><strong>\u00a0<\/strong>a la hora de comer.<\/span><\/p>\n<p><img loading=\"lazy\" decoding=\"async\" class=\"aligncenter wp-image-5129\" src=\"https:\/\/www.cruillaconcerts.cat\/wp-content\/uploads\/2024\/01\/Aitona-Gourmet.jpg\" alt=\"\" width=\"300\" height=\"300\" srcset=\"https:\/\/www.cruillaconcerts.cat\/wp-content\/uploads\/2024\/01\/Aitona-Gourmet.jpg 1200w, https:\/\/www.cruillaconcerts.cat\/wp-content\/uploads\/2024\/01\/Aitona-Gourmet-1024x1024.jpg 1024w, https:\/\/www.cruillaconcerts.cat\/wp-content\/uploads\/2024\/01\/Aitona-Gourmet-150x150.jpg 150w, https:\/\/www.cruillaconcerts.cat\/wp-content\/uploads\/2024\/01\/Aitona-Gourmet-768x768.jpg 768w, https:\/\/www.cruillaconcerts.cat\/wp-content\/uploads\/2024\/01\/Aitona-Gourmet-300x300.jpg 300w, https:\/\/www.cruillaconcerts.cat\/wp-content\/uploads\/2024\/01\/Aitona-Gourmet-600x600.jpg 600w\" sizes=\"auto, (max-width: 300px) 100vw, 300px\" \/><\/p>\n<p><span style=\"font-weight: 400;\">El \u00faltimo concierto antes de comer ser\u00e1 el de <\/span><b>Clara Peya <\/b><span style=\"font-weight: 400;\">a las 13:15h en el espacio <\/span><b>Aitona Gourmet<\/b><span style=\"font-weight: 400;\">, donde se pondr\u00e1 en valor la tarea agr\u00edcola del Baix Segre. El mismo municipio de Aitona tambi\u00e9n acoger\u00e1 los \u00faltimos conciertos de la jornada en el Campo de F\u00fatbol, donde actuar\u00e1n <\/span><b>Stay Homas, Albert Pla y el DJ Miqui Puig.\u00a0<\/b><\/p>\n<p><span style=\"font-weight: 400;\">All\u00ed tambi\u00e9n podr\u00e1s chuparte los dedos con la oferta de <\/span><b>foodtrucks <\/b><span style=\"font-weight: 400;\">que encontrar\u00e1s en el recinto y en el pabell\u00f3n deportivo de al lado tambi\u00e9n podr\u00e1s degustar varios productos de la zona e informarte sobre las visitas a la floraci\u00f3n y a otros espacios patrimoniales de Aitona.<\/span><\/p>\n<p>&nbsp;<\/p>\n<p>&nbsp;<\/p>\n<hr \/>\n<p style=\"text-align: center;\"><strong><em>Compra aqu\u00ed tus entradas para el Cru\u00eflla Baix Segre a partir de 5\u20ac:<\/em><\/strong><\/p>\n<p style=\"text-align: center;\"><a class=\"efsbutton button \" target=\"_blank\">ENTRADAS<\/a><\/p>\n<hr \/>\n<p>&nbsp;<\/p>\n","protected":false},"excerpt":{"rendered":"<p>\u00a1DESCUBRE UN PAISAJE NATURAL Y GASTRON\u00d3MICO \u00daNICO EN EL FESTIVAL CRU\u00cfLLA BAIX SEGRE! &nbsp; Direcci\u00f3n de los diferentes espacios:\u00a0 Village Alcarr\u00e0s&#8211;&gt;Ir Avinguda Onze de Setembre, Alcarr\u00e0s. [&hellip;]<\/p>\n","protected":false},"author":3,"featured_media":5198,"parent":0,"menu_order":0,"comment_status":"closed","ping_status":"closed","template":"page-templates\/page-landing.php","meta":{"_acf_changed":false,"footnotes":""},"class_list":["post-5164","page","type-page","status-publish","has-post-thumbnail","hentry"],"acf":[],"yoast_head":"<!-- This site is optimized with the Yoast SEO plugin v27.3 - https:\/\/yoast.com\/product\/yoast-seo-wordpress\/ -->\n<title>Espacios Cru\u00eflla Baix Segre - Cru\u00eflla Concerts<\/title>\n<meta name=\"robots\" content=\"index, follow, max-snippet:-1, max-image-preview:large, max-video-preview:-1\" \/>\n<link rel=\"canonical\" href=\"https:\/\/www.cruillaconcerts.cat\/es\/espacios-cruilla-baix-segre\/\" \/>\n<meta property=\"og:locale\" content=\"es_ES\" \/>\n<meta property=\"og:type\" content=\"article\" \/>\n<meta property=\"og:title\" content=\"Espacios Cru\u00eflla Baix Segre - Cru\u00eflla Concerts\" \/>\n<meta property=\"og:description\" content=\"\u00a1DESCUBRE UN PAISAJE NATURAL Y GASTRON\u00d3MICO \u00daNICO EN EL FESTIVAL CRU\u00cfLLA BAIX SEGRE! &nbsp; Direcci\u00f3n de los diferentes espacios:\u00a0 Village Alcarr\u00e0s&#8211;&gt;Ir Avinguda Onze de Setembre, Alcarr\u00e0s. [&hellip;]\" \/>\n<meta property=\"og:url\" content=\"https:\/\/www.cruillaconcerts.cat\/es\/espacios-cruilla-baix-segre\/\" \/>\n<meta property=\"og:site_name\" content=\"Cru\u00eflla Concerts\" \/>\n<meta property=\"article:modified_time\" content=\"2024-03-08T20:27:21+00:00\" \/>\n<meta property=\"og:image\" content=\"https:\/\/www.cruillaconcerts.cat\/wp-content\/uploads\/2024\/01\/SBS24_LandingWeb_Epais_ES.jpg\" \/>\n\t<meta property=\"og:image:width\" content=\"1500\" \/>\n\t<meta property=\"og:image:height\" content=\"420\" \/>\n\t<meta property=\"og:image:type\" content=\"image\/jpeg\" \/>\n<meta name=\"twitter:card\" content=\"summary_large_image\" \/>\n<meta name=\"twitter:label1\" content=\"Tiempo de lectura\" \/>\n\t<meta name=\"twitter:data1\" content=\"7 minutos\" \/>\n<script type=\"application\/ld+json\" class=\"yoast-schema-graph\">{\"@context\":\"https:\\\/\\\/schema.org\",\"@graph\":[{\"@type\":\"WebPage\",\"@id\":\"https:\\\/\\\/www.cruillaconcerts.cat\\\/es\\\/espacios-cruilla-baix-segre\\\/\",\"url\":\"https:\\\/\\\/www.cruillaconcerts.cat\\\/es\\\/espacios-cruilla-baix-segre\\\/\",\"name\":\"Espacios Cru\u00eflla Baix Segre - Cru\u00eflla Concerts\",\"isPartOf\":{\"@id\":\"https:\\\/\\\/www.cruillaconcerts.cat\\\/es\\\/#website\"},\"primaryImageOfPage\":{\"@id\":\"https:\\\/\\\/www.cruillaconcerts.cat\\\/es\\\/espacios-cruilla-baix-segre\\\/#primaryimage\"},\"image\":{\"@id\":\"https:\\\/\\\/www.cruillaconcerts.cat\\\/es\\\/espacios-cruilla-baix-segre\\\/#primaryimage\"},\"thumbnailUrl\":\"https:\\\/\\\/www.cruillaconcerts.cat\\\/wp-content\\\/uploads\\\/2024\\\/01\\\/SBS24_LandingWeb_Epais_ES.jpg\",\"datePublished\":\"2024-01-25T10:55:08+00:00\",\"dateModified\":\"2024-03-08T20:27:21+00:00\",\"breadcrumb\":{\"@id\":\"https:\\\/\\\/www.cruillaconcerts.cat\\\/es\\\/espacios-cruilla-baix-segre\\\/#breadcrumb\"},\"inLanguage\":\"es\",\"potentialAction\":[{\"@type\":\"ReadAction\",\"target\":[\"https:\\\/\\\/www.cruillaconcerts.cat\\\/es\\\/espacios-cruilla-baix-segre\\\/\"]}]},{\"@type\":\"ImageObject\",\"inLanguage\":\"es\",\"@id\":\"https:\\\/\\\/www.cruillaconcerts.cat\\\/es\\\/espacios-cruilla-baix-segre\\\/#primaryimage\",\"url\":\"https:\\\/\\\/www.cruillaconcerts.cat\\\/wp-content\\\/uploads\\\/2024\\\/01\\\/SBS24_LandingWeb_Epais_ES.jpg\",\"contentUrl\":\"https:\\\/\\\/www.cruillaconcerts.cat\\\/wp-content\\\/uploads\\\/2024\\\/01\\\/SBS24_LandingWeb_Epais_ES.jpg\",\"width\":1500,\"height\":420},{\"@type\":\"BreadcrumbList\",\"@id\":\"https:\\\/\\\/www.cruillaconcerts.cat\\\/es\\\/espacios-cruilla-baix-segre\\\/#breadcrumb\",\"itemListElement\":[{\"@type\":\"ListItem\",\"position\":1,\"name\":\"Home\",\"item\":\"https:\\\/\\\/www.cruillaconcerts.cat\\\/es\\\/\"},{\"@type\":\"ListItem\",\"position\":2,\"name\":\"Espacios Cru\u00eflla Baix Segre\"}]},{\"@type\":\"WebSite\",\"@id\":\"https:\\\/\\\/www.cruillaconcerts.cat\\\/es\\\/#website\",\"url\":\"https:\\\/\\\/www.cruillaconcerts.cat\\\/es\\\/\",\"name\":\"Cru\u00eflla Concerts\",\"description\":\"\",\"potentialAction\":[{\"@type\":\"SearchAction\",\"target\":{\"@type\":\"EntryPoint\",\"urlTemplate\":\"https:\\\/\\\/www.cruillaconcerts.cat\\\/es\\\/?s={search_term_string}\"},\"query-input\":{\"@type\":\"PropertyValueSpecification\",\"valueRequired\":true,\"valueName\":\"search_term_string\"}}],\"inLanguage\":\"es\"}]}<\/script>\n<!-- \/ Yoast SEO plugin. -->","yoast_head_json":{"title":"Espacios Cru\u00eflla Baix Segre - Cru\u00eflla Concerts","robots":{"index":"index","follow":"follow","max-snippet":"max-snippet:-1","max-image-preview":"max-image-preview:large","max-video-preview":"max-video-preview:-1"},"canonical":"https:\/\/www.cruillaconcerts.cat\/es\/espacios-cruilla-baix-segre\/","og_locale":"es_ES","og_type":"article","og_title":"Espacios Cru\u00eflla Baix Segre - Cru\u00eflla Concerts","og_description":"\u00a1DESCUBRE UN PAISAJE NATURAL Y GASTRON\u00d3MICO \u00daNICO EN EL FESTIVAL CRU\u00cfLLA BAIX SEGRE! &nbsp; Direcci\u00f3n de los diferentes espacios:\u00a0 Village Alcarr\u00e0s&#8211;&gt;Ir Avinguda Onze de Setembre, Alcarr\u00e0s. [&hellip;]","og_url":"https:\/\/www.cruillaconcerts.cat\/es\/espacios-cruilla-baix-segre\/","og_site_name":"Cru\u00eflla Concerts","article_modified_time":"2024-03-08T20:27:21+00:00","og_image":[{"width":1500,"height":420,"url":"https:\/\/www.cruillaconcerts.cat\/wp-content\/uploads\/2024\/01\/SBS24_LandingWeb_Epais_ES.jpg","type":"image\/jpeg"}],"twitter_card":"summary_large_image","twitter_misc":{"Tiempo de lectura":"7 minutos"},"schema":{"@context":"https:\/\/schema.org","@graph":[{"@type":"WebPage","@id":"https:\/\/www.cruillaconcerts.cat\/es\/espacios-cruilla-baix-segre\/","url":"https:\/\/www.cruillaconcerts.cat\/es\/espacios-cruilla-baix-segre\/","name":"Espacios Cru\u00eflla Baix Segre - Cru\u00eflla Concerts","isPartOf":{"@id":"https:\/\/www.cruillaconcerts.cat\/es\/#website"},"primaryImageOfPage":{"@id":"https:\/\/www.cruillaconcerts.cat\/es\/espacios-cruilla-baix-segre\/#primaryimage"},"image":{"@id":"https:\/\/www.cruillaconcerts.cat\/es\/espacios-cruilla-baix-segre\/#primaryimage"},"thumbnailUrl":"https:\/\/www.cruillaconcerts.cat\/wp-content\/uploads\/2024\/01\/SBS24_LandingWeb_Epais_ES.jpg","datePublished":"2024-01-25T10:55:08+00:00","dateModified":"2024-03-08T20:27:21+00:00","breadcrumb":{"@id":"https:\/\/www.cruillaconcerts.cat\/es\/espacios-cruilla-baix-segre\/#breadcrumb"},"inLanguage":"es","potentialAction":[{"@type":"ReadAction","target":["https:\/\/www.cruillaconcerts.cat\/es\/espacios-cruilla-baix-segre\/"]}]},{"@type":"ImageObject","inLanguage":"es","@id":"https:\/\/www.cruillaconcerts.cat\/es\/espacios-cruilla-baix-segre\/#primaryimage","url":"https:\/\/www.cruillaconcerts.cat\/wp-content\/uploads\/2024\/01\/SBS24_LandingWeb_Epais_ES.jpg","contentUrl":"https:\/\/www.cruillaconcerts.cat\/wp-content\/uploads\/2024\/01\/SBS24_LandingWeb_Epais_ES.jpg","width":1500,"height":420},{"@type":"BreadcrumbList","@id":"https:\/\/www.cruillaconcerts.cat\/es\/espacios-cruilla-baix-segre\/#breadcrumb","itemListElement":[{"@type":"ListItem","position":1,"name":"Home","item":"https:\/\/www.cruillaconcerts.cat\/es\/"},{"@type":"ListItem","position":2,"name":"Espacios Cru\u00eflla Baix Segre"}]},{"@type":"WebSite","@id":"https:\/\/www.cruillaconcerts.cat\/es\/#website","url":"https:\/\/www.cruillaconcerts.cat\/es\/","name":"Cru\u00eflla Concerts","description":"","potentialAction":[{"@type":"SearchAction","target":{"@type":"EntryPoint","urlTemplate":"https:\/\/www.cruillaconcerts.cat\/es\/?s={search_term_string}"},"query-input":{"@type":"PropertyValueSpecification","valueRequired":true,"valueName":"search_term_string"}}],"inLanguage":"es"}]}},"_links":{"self":[{"href":"https:\/\/www.cruillaconcerts.cat\/es\/wp-json\/wp\/v2\/pages\/5164","targetHints":{"allow":["GET"]}}],"collection":[{"href":"https:\/\/www.cruillaconcerts.cat\/es\/wp-json\/wp\/v2\/pages"}],"about":[{"href":"https:\/\/www.cruillaconcerts.cat\/es\/wp-json\/wp\/v2\/types\/page"}],"author":[{"embeddable":true,"href":"https:\/\/www.cruillaconcerts.cat\/es\/wp-json\/wp\/v2\/users\/3"}],"replies":[{"embeddable":true,"href":"https:\/\/www.cruillaconcerts.cat\/es\/wp-json\/wp\/v2\/comments?post=5164"}],"version-history":[{"count":5,"href":"https:\/\/www.cruillaconcerts.cat\/es\/wp-json\/wp\/v2\/pages\/5164\/revisions"}],"predecessor-version":[{"id":5954,"href":"https:\/\/www.cruillaconcerts.cat\/es\/wp-json\/wp\/v2\/pages\/5164\/revisions\/5954"}],"wp:featuredmedia":[{"embeddable":true,"href":"https:\/\/www.cruillaconcerts.cat\/es\/wp-json\/wp\/v2\/media\/5198"}],"wp:attachment":[{"href":"https:\/\/www.cruillaconcerts.cat\/es\/wp-json\/wp\/v2\/media?parent=5164"}],"curies":[{"name":"wp","href":"https:\/\/api.w.org\/{rel}","templated":true}]}}