{"id":5621,"date":"2024-02-27T11:42:45","date_gmt":"2024-02-27T11:42:45","guid":{"rendered":"https:\/\/www.cruillaconcerts.cat\/?page_id=5621"},"modified":"2024-02-27T11:45:22","modified_gmt":"2024-02-27T11:45:22","slug":"ressons-penedes-2024","status":"publish","type":"page","link":"https:\/\/www.cruillaconcerts.cat\/es\/ressons-penedes-2024\/","title":{"rendered":"Ressons Pened\u00e8s 2024"},"content":{"rendered":"<h2><b>\u00a1EL RESSONS PENED\u00c8S BY CRU\u00cfLLA VUELVE EL 3, 4 Y 5 DE MAYO!<\/b><\/h2>\n<p><span style=\"font-weight: 400;\">Despu\u00e9s de una primera edici\u00f3n inolvidable celebrada en abril de 2023, el <\/span><b>Ressons Pened\u00e8s by Cru\u00eflla<\/b><span style=\"font-weight: 400;\"> vuelve con nuevos artistas y parajes \u00fanicos para descubrirte <\/span><b>del 3 al 5 de mayo de 2024. <\/b><span style=\"font-weight: 400;\">Una vez m\u00e1s, el festival fusionar\u00e1 el vino y el cava con la m\u00fasica, haciendo llegar la esencia del Festival Cru\u00eflla hasta los vi\u00f1edos, bodegas y plazas del Alt Pened\u00e8s.<\/span><\/p>\n<p><span style=\"font-weight: 400;\">Se trata de una nueva edici\u00f3n del <\/span><b>festival que suena diferente<\/b><span style=\"font-weight: 400;\">, que volver\u00e1 a motivar la puesta en ruta del Cru\u00eflla para multiplicar la experiencia de este festival barcelon\u00e9s y hacerla maridar con los paisajes, bodegas y ubicaciones emblem\u00e1ticas de esta comarca catalana que combina historia, patrimonio arquitect\u00f3nico, propuestas gastron\u00f3micas, legado cultural y, sobre todo, una incomparable oferta de vinos y cavas.<\/span><\/p>\n<p><span style=\"font-weight: 400;\">Casi <\/span><b>una treintena de artistas<\/b><span style=\"font-weight: 400;\"> de todos los g\u00e9neros musicales actuar\u00e1n en el Ressons Pened\u00e8s by Cru\u00eflla, que contar\u00e1 con m\u00e1s de <\/span><b>una veintena de escenarios<\/b><span style=\"font-weight: 400;\"> diferentes: desde las calles y las plazas de <\/span><b>13 municipios<\/b><span style=\"font-weight: 400;\"> de la comarca hasta los rincones con m\u00e1s encanto de <\/span><b>diez de sus bodegas m\u00e1s emblem\u00e1ticas<\/b><span style=\"font-weight: 400;\"> los acoger\u00e1n.<\/span><\/p>\n<hr \/>\n<p style=\"text-align: center;\"><strong><em>Compra aqu\u00ed tus entradas para el Ressons Pened\u00e8s:<\/em><\/strong><\/p>\n<p style=\"text-align: center;\"><a class=\"efsbutton button \" target=\"_blank\">ENTRADAS<\/a><\/p>\n<hr \/>\n<p><img loading=\"lazy\" decoding=\"async\" class=\"aligncenter wp-image-5656 size-large\" src=\"https:\/\/www.cruillaconcerts.cat\/wp-content\/uploads\/2024\/02\/SRP24_CartellDies_WebQuadrat_ES-1024x1024.jpg\" alt=\"\" width=\"900\" height=\"900\" srcset=\"https:\/\/www.cruillaconcerts.cat\/wp-content\/uploads\/2024\/02\/SRP24_CartellDies_WebQuadrat_ES-1024x1024.jpg 1024w, https:\/\/www.cruillaconcerts.cat\/wp-content\/uploads\/2024\/02\/SRP24_CartellDies_WebQuadrat_ES-150x150.jpg 150w, https:\/\/www.cruillaconcerts.cat\/wp-content\/uploads\/2024\/02\/SRP24_CartellDies_WebQuadrat_ES-768x768.jpg 768w, https:\/\/www.cruillaconcerts.cat\/wp-content\/uploads\/2024\/02\/SRP24_CartellDies_WebQuadrat_ES-300x300.jpg 300w, https:\/\/www.cruillaconcerts.cat\/wp-content\/uploads\/2024\/02\/SRP24_CartellDies_WebQuadrat_ES-600x600.jpg 600w, https:\/\/www.cruillaconcerts.cat\/wp-content\/uploads\/2024\/02\/SRP24_CartellDies_WebQuadrat_ES.jpg 1200w\" sizes=\"auto, (max-width: 900px) 100vw, 900px\" \/><\/p>\n<p><span style=\"font-weight: 400;\">El festival se iniciar\u00e1 con el concierto inaugural de <\/span><b>Marala<\/b><span style=\"font-weight: 400;\"> y el primero de los conciertos de gran formato con <\/span><b>Morochos, La Pegatina y Ladilla Rusa<\/b><span style=\"font-weight: 400;\"> el viernes 3 de mayo. El s\u00e1bado 4 de mayo <\/span><b>The Tyets y Mushkaa<\/b><span style=\"font-weight: 400;\"> ser\u00e1n los protagonistas del segundo concierto de gran formato, mientras que <\/span><b>Cris Juanico, David Carab\u00e9n, Dani Nel\u00b7lo + Organ Trio, Gemma Humet y Sergi Carbonell <\/b><span style=\"font-weight: 400;\">actuar\u00e1n en varias bodegas de la comarca y <\/span><b>Ca\u00efm Riba , Carlota Fl\u00e2neur, River Omelet, la Sidral Brass Band y la Sunday&#8217;s Ska Jazz<\/b><span style=\"font-weight: 400;\"> lo har\u00e1n en las calles y plazas de algunos de sus municipios.<\/span><\/p>\n<p><span style=\"font-weight: 400;\">El domingo 5 de mayo <\/span><b>Azucarillo Kings, Chano Dom\u00ednguez, DJ Trapella, Ferran Palau y Joan Garriga i el Mariatxi gal\u00e0ctic<\/b><span style=\"font-weight: 400;\"> despedir\u00e1n la segunda edici\u00f3n del Ressons Pened\u00e8s desde las bodegas de la comarca, mientras que <\/span><b>Cinta, Ian Sala, Les Salvatges, Marta Knight, OKDW y Vecinos<\/b><span style=\"font-weight: 400;\"> lo har\u00e1n desde las plazas y calles de algunos pueblos del Alt Pened\u00e8s.<\/span><\/p>\n<p><span style=\"font-weight: 400;\">Los conciertos que se celebrar\u00e1n en las calles y plazas ser\u00e1n <\/span><b>gratuitos<\/b><span style=\"font-weight: 400;\">, mientras que las bodegas y el inaugural tienen un precio de <\/span><b>5\u20ac <\/b><span style=\"font-weight: 400;\">+ gastos de gesti\u00f3n. Las primeras 100 entradas para el concierto de <\/span><b>The Tyets y Mushkaa<\/b><span style=\"font-weight: 400;\"> tienen un precio de <\/span><b>12\u20ac<\/b><span style=\"font-weight: 400;\">, que despu\u00e9s subir\u00e1 a 15\u20ac, y las primeras 100 para el concierto de <\/span><b>Morochos, La Pegatina y Ladilla Rusa <\/b><span style=\"font-weight: 400;\">inicialmente costar\u00e1n <\/span><b>15\u20ac<\/b><span style=\"font-weight: 400;\">, mientras que el resto tendr\u00e1n un coste de 18\u20ac. Los primeros <\/span><b>abonos<\/b><span style=\"font-weight: 400;\"> para asistir a las dos grandes noches del Ressons Pened\u00e8s by Cru\u00eflla costar\u00e1n <\/span><b>25\u20ac<\/b><span style=\"font-weight: 400;\">, un precio que m\u00e1s adelante subir\u00e1 a 30\u20ac. \u00a1Consigue ahora tus entradas y abonos!<\/span><\/p>\n<p style=\"text-align: center;\">[efsflexvideo type=\u00bbyoutube\u00bb url=\u00bbhttps:\/\/www.youtube.com\/watch?v=RXYdKIH9rJI\u00bb allowfullscreen=\u00bbyes\u00bb widescreen=\u00bbyes\u00bb width=\u00bb420&#8243; height=\u00bb315&#8243;\/]<\/p>\n","protected":false},"excerpt":{"rendered":"<p>\u00a1EL RESSONS PENED\u00c8S BY CRU\u00cfLLA VUELVE EL 3, 4 Y 5 DE MAYO! Despu\u00e9s de una primera edici\u00f3n inolvidable celebrada en abril de 2023, el Ressons [&hellip;]<\/p>\n","protected":false},"author":3,"featured_media":5663,"parent":0,"menu_order":0,"comment_status":"closed","ping_status":"closed","template":"page-templates\/page-landing.php","meta":{"_acf_changed":false,"footnotes":""},"class_list":["post-5621","page","type-page","status-publish","has-post-thumbnail","hentry"],"acf":[],"yoast_head":"<!-- This site is optimized with the Yoast SEO plugin v27.3 - https:\/\/yoast.com\/product\/yoast-seo-wordpress\/ -->\n<title>Ressons Pened\u00e9s 2024 - 3, 4 y 5 de mayo<\/title>\n<meta name=\"description\" content=\"\u00a1Compra entradas para el Festival Ressons Pened\u00e9s by Cru\u00eflla, el 3, 4 y 5 de mayo con The Tyets, Mushkaa, La Pegatina, Ladilla Rusa, Marala y muchos m\u00e1s!\" \/>\n<meta name=\"robots\" content=\"index, follow, max-snippet:-1, max-image-preview:large, max-video-preview:-1\" \/>\n<link rel=\"canonical\" href=\"https:\/\/www.cruillaconcerts.cat\/es\/ressons-penedes-2024\/\" \/>\n<meta property=\"og:locale\" content=\"es_ES\" \/>\n<meta property=\"og:type\" content=\"article\" \/>\n<meta property=\"og:title\" content=\"Ressons Pened\u00e9s 2024 - 3, 4 y 5 de mayo\" \/>\n<meta property=\"og:description\" content=\"\u00a1Compra entradas para el Festival Ressons Pened\u00e9s by Cru\u00eflla, el 3, 4 y 5 de mayo con The Tyets, Mushkaa, La Pegatina, Ladilla Rusa, Marala y muchos m\u00e1s!\" \/>\n<meta property=\"og:url\" content=\"https:\/\/www.cruillaconcerts.cat\/es\/ressons-penedes-2024\/\" \/>\n<meta property=\"og:site_name\" content=\"Cru\u00eflla Concerts\" \/>\n<meta property=\"article:modified_time\" content=\"2024-02-27T11:45:22+00:00\" \/>\n<meta property=\"og:image\" content=\"https:\/\/www.cruillaconcerts.cat\/wp-content\/uploads\/2024\/02\/SRP24_Web_ImatgeCapcalera_03_ES-1024x323.jpg\" \/>\n\t<meta property=\"og:image:width\" content=\"1024\" \/>\n\t<meta property=\"og:image:height\" content=\"323\" \/>\n\t<meta property=\"og:image:type\" content=\"image\/jpeg\" \/>\n<meta name=\"twitter:card\" content=\"summary_large_image\" \/>\n<meta name=\"twitter:label1\" content=\"Tiempo de lectura\" \/>\n\t<meta name=\"twitter:data1\" content=\"4 minutos\" \/>\n<script type=\"application\/ld+json\" class=\"yoast-schema-graph\">{\"@context\":\"https:\\\/\\\/schema.org\",\"@graph\":[{\"@type\":\"WebPage\",\"@id\":\"https:\\\/\\\/www.cruillaconcerts.cat\\\/es\\\/ressons-penedes-2024\\\/\",\"url\":\"https:\\\/\\\/www.cruillaconcerts.cat\\\/es\\\/ressons-penedes-2024\\\/\",\"name\":\"Ressons Pened\u00e9s 2024 - 3, 4 y 5 de mayo\",\"isPartOf\":{\"@id\":\"https:\\\/\\\/www.cruillaconcerts.cat\\\/es\\\/#website\"},\"primaryImageOfPage\":{\"@id\":\"https:\\\/\\\/www.cruillaconcerts.cat\\\/es\\\/ressons-penedes-2024\\\/#primaryimage\"},\"image\":{\"@id\":\"https:\\\/\\\/www.cruillaconcerts.cat\\\/es\\\/ressons-penedes-2024\\\/#primaryimage\"},\"thumbnailUrl\":\"https:\\\/\\\/www.cruillaconcerts.cat\\\/wp-content\\\/uploads\\\/2024\\\/02\\\/SRP24_Web_ImatgeCapcalera_03_ES.jpg\",\"datePublished\":\"2024-02-27T11:42:45+00:00\",\"dateModified\":\"2024-02-27T11:45:22+00:00\",\"description\":\"\u00a1Compra entradas para el Festival Ressons Pened\u00e9s by Cru\u00eflla, el 3, 4 y 5 de mayo con The Tyets, Mushkaa, La Pegatina, Ladilla Rusa, Marala y muchos m\u00e1s!\",\"breadcrumb\":{\"@id\":\"https:\\\/\\\/www.cruillaconcerts.cat\\\/es\\\/ressons-penedes-2024\\\/#breadcrumb\"},\"inLanguage\":\"es\",\"potentialAction\":[{\"@type\":\"ReadAction\",\"target\":[\"https:\\\/\\\/www.cruillaconcerts.cat\\\/es\\\/ressons-penedes-2024\\\/\"]}]},{\"@type\":\"ImageObject\",\"inLanguage\":\"es\",\"@id\":\"https:\\\/\\\/www.cruillaconcerts.cat\\\/es\\\/ressons-penedes-2024\\\/#primaryimage\",\"url\":\"https:\\\/\\\/www.cruillaconcerts.cat\\\/wp-content\\\/uploads\\\/2024\\\/02\\\/SRP24_Web_ImatgeCapcalera_03_ES.jpg\",\"contentUrl\":\"https:\\\/\\\/www.cruillaconcerts.cat\\\/wp-content\\\/uploads\\\/2024\\\/02\\\/SRP24_Web_ImatgeCapcalera_03_ES.jpg\",\"width\":2560,\"height\":807},{\"@type\":\"BreadcrumbList\",\"@id\":\"https:\\\/\\\/www.cruillaconcerts.cat\\\/es\\\/ressons-penedes-2024\\\/#breadcrumb\",\"itemListElement\":[{\"@type\":\"ListItem\",\"position\":1,\"name\":\"Home\",\"item\":\"https:\\\/\\\/www.cruillaconcerts.cat\\\/es\\\/\"},{\"@type\":\"ListItem\",\"position\":2,\"name\":\"Ressons Pened\u00e8s 2024\"}]},{\"@type\":\"WebSite\",\"@id\":\"https:\\\/\\\/www.cruillaconcerts.cat\\\/es\\\/#website\",\"url\":\"https:\\\/\\\/www.cruillaconcerts.cat\\\/es\\\/\",\"name\":\"Cru\u00eflla Concerts\",\"description\":\"\",\"potentialAction\":[{\"@type\":\"SearchAction\",\"target\":{\"@type\":\"EntryPoint\",\"urlTemplate\":\"https:\\\/\\\/www.cruillaconcerts.cat\\\/es\\\/?s={search_term_string}\"},\"query-input\":{\"@type\":\"PropertyValueSpecification\",\"valueRequired\":true,\"valueName\":\"search_term_string\"}}],\"inLanguage\":\"es\"}]}<\/script>\n<!-- \/ Yoast SEO plugin. -->","yoast_head_json":{"title":"Ressons Pened\u00e9s 2024 - 3, 4 y 5 de mayo","description":"\u00a1Compra entradas para el Festival Ressons Pened\u00e9s by Cru\u00eflla, el 3, 4 y 5 de mayo con The Tyets, Mushkaa, La Pegatina, Ladilla Rusa, Marala y muchos m\u00e1s!","robots":{"index":"index","follow":"follow","max-snippet":"max-snippet:-1","max-image-preview":"max-image-preview:large","max-video-preview":"max-video-preview:-1"},"canonical":"https:\/\/www.cruillaconcerts.cat\/es\/ressons-penedes-2024\/","og_locale":"es_ES","og_type":"article","og_title":"Ressons Pened\u00e9s 2024 - 3, 4 y 5 de mayo","og_description":"\u00a1Compra entradas para el Festival Ressons Pened\u00e9s by Cru\u00eflla, el 3, 4 y 5 de mayo con The Tyets, Mushkaa, La Pegatina, Ladilla Rusa, Marala y muchos m\u00e1s!","og_url":"https:\/\/www.cruillaconcerts.cat\/es\/ressons-penedes-2024\/","og_site_name":"Cru\u00eflla Concerts","article_modified_time":"2024-02-27T11:45:22+00:00","og_image":[{"width":1024,"height":323,"url":"https:\/\/www.cruillaconcerts.cat\/wp-content\/uploads\/2024\/02\/SRP24_Web_ImatgeCapcalera_03_ES-1024x323.jpg","type":"image\/jpeg"}],"twitter_card":"summary_large_image","twitter_misc":{"Tiempo de lectura":"4 minutos"},"schema":{"@context":"https:\/\/schema.org","@graph":[{"@type":"WebPage","@id":"https:\/\/www.cruillaconcerts.cat\/es\/ressons-penedes-2024\/","url":"https:\/\/www.cruillaconcerts.cat\/es\/ressons-penedes-2024\/","name":"Ressons Pened\u00e9s 2024 - 3, 4 y 5 de mayo","isPartOf":{"@id":"https:\/\/www.cruillaconcerts.cat\/es\/#website"},"primaryImageOfPage":{"@id":"https:\/\/www.cruillaconcerts.cat\/es\/ressons-penedes-2024\/#primaryimage"},"image":{"@id":"https:\/\/www.cruillaconcerts.cat\/es\/ressons-penedes-2024\/#primaryimage"},"thumbnailUrl":"https:\/\/www.cruillaconcerts.cat\/wp-content\/uploads\/2024\/02\/SRP24_Web_ImatgeCapcalera_03_ES.jpg","datePublished":"2024-02-27T11:42:45+00:00","dateModified":"2024-02-27T11:45:22+00:00","description":"\u00a1Compra entradas para el Festival Ressons Pened\u00e9s by Cru\u00eflla, el 3, 4 y 5 de mayo con The Tyets, Mushkaa, La Pegatina, Ladilla Rusa, Marala y muchos m\u00e1s!","breadcrumb":{"@id":"https:\/\/www.cruillaconcerts.cat\/es\/ressons-penedes-2024\/#breadcrumb"},"inLanguage":"es","potentialAction":[{"@type":"ReadAction","target":["https:\/\/www.cruillaconcerts.cat\/es\/ressons-penedes-2024\/"]}]},{"@type":"ImageObject","inLanguage":"es","@id":"https:\/\/www.cruillaconcerts.cat\/es\/ressons-penedes-2024\/#primaryimage","url":"https:\/\/www.cruillaconcerts.cat\/wp-content\/uploads\/2024\/02\/SRP24_Web_ImatgeCapcalera_03_ES.jpg","contentUrl":"https:\/\/www.cruillaconcerts.cat\/wp-content\/uploads\/2024\/02\/SRP24_Web_ImatgeCapcalera_03_ES.jpg","width":2560,"height":807},{"@type":"BreadcrumbList","@id":"https:\/\/www.cruillaconcerts.cat\/es\/ressons-penedes-2024\/#breadcrumb","itemListElement":[{"@type":"ListItem","position":1,"name":"Home","item":"https:\/\/www.cruillaconcerts.cat\/es\/"},{"@type":"ListItem","position":2,"name":"Ressons Pened\u00e8s 2024"}]},{"@type":"WebSite","@id":"https:\/\/www.cruillaconcerts.cat\/es\/#website","url":"https:\/\/www.cruillaconcerts.cat\/es\/","name":"Cru\u00eflla Concerts","description":"","potentialAction":[{"@type":"SearchAction","target":{"@type":"EntryPoint","urlTemplate":"https:\/\/www.cruillaconcerts.cat\/es\/?s={search_term_string}"},"query-input":{"@type":"PropertyValueSpecification","valueRequired":true,"valueName":"search_term_string"}}],"inLanguage":"es"}]}},"_links":{"self":[{"href":"https:\/\/www.cruillaconcerts.cat\/es\/wp-json\/wp\/v2\/pages\/5621","targetHints":{"allow":["GET"]}}],"collection":[{"href":"https:\/\/www.cruillaconcerts.cat\/es\/wp-json\/wp\/v2\/pages"}],"about":[{"href":"https:\/\/www.cruillaconcerts.cat\/es\/wp-json\/wp\/v2\/types\/page"}],"author":[{"embeddable":true,"href":"https:\/\/www.cruillaconcerts.cat\/es\/wp-json\/wp\/v2\/users\/3"}],"replies":[{"embeddable":true,"href":"https:\/\/www.cruillaconcerts.cat\/es\/wp-json\/wp\/v2\/comments?post=5621"}],"version-history":[{"count":3,"href":"https:\/\/www.cruillaconcerts.cat\/es\/wp-json\/wp\/v2\/pages\/5621\/revisions"}],"predecessor-version":[{"id":5716,"href":"https:\/\/www.cruillaconcerts.cat\/es\/wp-json\/wp\/v2\/pages\/5621\/revisions\/5716"}],"wp:featuredmedia":[{"embeddable":true,"href":"https:\/\/www.cruillaconcerts.cat\/es\/wp-json\/wp\/v2\/media\/5663"}],"wp:attachment":[{"href":"https:\/\/www.cruillaconcerts.cat\/es\/wp-json\/wp\/v2\/media?parent=5621"}],"curies":[{"name":"wp","href":"https:\/\/api.w.org\/{rel}","templated":true}]}}