{"id":6658,"date":"2024-07-23T09:46:21","date_gmt":"2024-07-23T09:46:21","guid":{"rendered":"https:\/\/www.cruillaconcerts.cat\/?page_id=6658"},"modified":"2024-09-10T09:27:09","modified_gmt":"2024-09-10T09:27:09","slug":"espacios-delta-de-lebre","status":"publish","type":"page","link":"https:\/\/www.cruillaconcerts.cat\/es\/espacios-delta-de-lebre\/","title":{"rendered":"Espacios Delta de l&#8217;Ebre"},"content":{"rendered":"<h1 style=\"text-align: center;\">\u00a1Ven a descubrir el Delta del Ebro!<\/h1>\n<p>El pr\u00f3ximo<strong>\u00a05 de octubre<\/strong>\u00a0el\u00a0<strong>Festival Cru\u00eflla<\/strong> nos trasladamos a uno de los parajes m\u00e1s bonitos de Catalu\u00f1a, entre campos de arrozales y alrededor de uno de los r\u00edos m\u00e1s importantes del territorio; llega\u00a0el <strong>Cru\u00eflla\u00a0Delta de l&#8217;Ebre<\/strong>!<\/p>\n<p>A lo largo de la jornada, llenaremos espacios de este lugar con m\u00fasica, permitiendo que los asistentes descubran la<strong> riqueza y diversidad de flora y fauna<\/strong> de un ecosistema que tambi\u00e9n resulta <strong>fr\u00e1gil y en constante peligro por los efectos por el cambio clim\u00e1tico<\/strong> y que es necesario cuidar y mantener. Uno de los principales parques naturales de las tierras catalanas famoso por sus humedales y su <strong>cultivo de arroz<\/strong> que \u00a1ahora abre sus puertas al Cru\u00eflla! Y ser\u00e1 justamente en torno a este alimento que se har\u00e1n celebraciones a lo largo del d\u00eda, permitiendo no s\u00f3lo disfrutar del <strong>paisaje<\/strong>, sino tambi\u00e9n de su <strong>gastronom\u00eda<\/strong>.<\/p>\n<p>Todo ello en varios espacios y poblaciones emblem\u00e1ticas del <strong>Delta del Ebro<\/strong>. \u00a1Desc\u00fabrelas a continuaci\u00f3n y ven a disfrutarlas de primera mano el pr\u00f3ximo <strong>5 de octubre<\/strong>!\u00a0\ud83d\udc47<\/p>\n<h3><img loading=\"lazy\" decoding=\"async\" class=\"aligncenter wp-image-6573 size-large\" src=\"https:\/\/www.cruillaconcerts.cat\/wp-content\/uploads\/2024\/07\/IMG_6743-1-1024x768.jpg\" alt=\"\" width=\"900\" height=\"675\" srcset=\"https:\/\/www.cruillaconcerts.cat\/wp-content\/uploads\/2024\/07\/IMG_6743-1-1024x768.jpg 1024w, https:\/\/www.cruillaconcerts.cat\/wp-content\/uploads\/2024\/07\/IMG_6743-1-768x576.jpg 768w, https:\/\/www.cruillaconcerts.cat\/wp-content\/uploads\/2024\/07\/IMG_6743-1-1536x1152.jpg 1536w, https:\/\/www.cruillaconcerts.cat\/wp-content\/uploads\/2024\/07\/IMG_6743-1-300x225.jpg 300w, https:\/\/www.cruillaconcerts.cat\/wp-content\/uploads\/2024\/07\/IMG_6743-1-1500x1125.jpg 1500w, https:\/\/www.cruillaconcerts.cat\/wp-content\/uploads\/2024\/07\/IMG_6743-1.jpg 2000w\" sizes=\"auto, (max-width: 900px) 100vw, 900px\" \/><\/h3>\n<h3 style=\"text-align: center;\">AMPOSTA<\/h3>\n<p>La Capital de la comarca del Montsi\u00e0 acoger\u00e1 el <strong>concierto principal<\/strong> de la jornada en el <strong>Escenario Parlem<\/strong>. Tres artistas referentes de la m\u00fasica catalana pasar\u00e1n por el <strong>Parc dels Xiribecs<\/strong>;\u00a0<strong>Judit Neddermann<\/strong> iniciar\u00e1 la velada a las 17:30h, desde las Baleares <strong>Ant\u00f2nia Font<\/strong> aterrizar\u00e1 a las 19h y los m\u00edticos <strong>Sopa de Cabra<\/strong> har\u00e1n el cierre a las 21h. Todo ello en un espacio que contar\u00e1 con el<strong> Village Gastron\u00f3mico by Arr\u00f2s Montsi\u00e0 <\/strong>con deliciosas propuestas gastron\u00f3micas de la zona.<\/p>\n<p><a class=\"ql-link\" href=\"https:\/\/maps.app.goo.gl\/xqeu7SQeQhTBnAqv9\" target=\"_blank\" rel=\"noopener noreferrer\">C\u00f3mo llegar.<\/a><\/p>\n<p style=\"text-align: center;\"><strong><em>Compra aqu\u00ed tus entradas para el concierto a 30\u20ac:<\/em><\/strong><\/p>\n<p style=\"text-align: center;\"><a class=\"efsbutton button \" target=\"_blank\">ENTRADAS<\/a><\/p>\n<p>&nbsp;<\/p>\n<p><img loading=\"lazy\" decoding=\"async\" class=\"aligncenter wp-image-6576 size-large\" src=\"https:\/\/www.cruillaconcerts.cat\/wp-content\/uploads\/2024\/07\/ermita-torre-1024x683.jpg\" alt=\"\" width=\"900\" height=\"600\" srcset=\"https:\/\/www.cruillaconcerts.cat\/wp-content\/uploads\/2024\/07\/ermita-torre-1024x683.jpg 1024w, https:\/\/www.cruillaconcerts.cat\/wp-content\/uploads\/2024\/07\/ermita-torre-768x512.jpg 768w, https:\/\/www.cruillaconcerts.cat\/wp-content\/uploads\/2024\/07\/ermita-torre-1536x1024.jpg 1536w, https:\/\/www.cruillaconcerts.cat\/wp-content\/uploads\/2024\/07\/ermita-torre-2048x1365.jpg 2048w, https:\/\/www.cruillaconcerts.cat\/wp-content\/uploads\/2024\/07\/ermita-torre-300x200.jpg 300w, https:\/\/www.cruillaconcerts.cat\/wp-content\/uploads\/2024\/07\/ermita-torre-1500x1000.jpg 1500w\" sizes=\"auto, (max-width: 900px) 100vw, 900px\" \/><\/p>\n<h3 style=\"text-align: center;\">L&#8217;ALDEA<\/h3>\n<p>Esta tranquila localidad famosa por sus torres acoger\u00e1 el concierto de la m\u00fasica de ra\u00edz de <strong>Myriam Swanson &amp; Jordi Mena<\/strong>, a las 11.30h en el <strong>Parc de la Vila<\/strong>.<\/p>\n<p><a class=\"ql-link\" href=\"https:\/\/maps.app.goo.gl\/K6bzeK6wdKjv1JQu6\" target=\"_blank\" rel=\"noopener noreferrer\">C\u00f3mo llegar.<\/a><\/p>\n<p>&nbsp;<\/p>\n<p><img loading=\"lazy\" decoding=\"async\" class=\"aligncenter wp-image-6652 size-large\" src=\"https:\/\/www.cruillaconcerts.cat\/wp-content\/uploads\/2024\/07\/02102022-P1470706-1024x683.jpg\" alt=\"\" width=\"900\" height=\"600\" srcset=\"https:\/\/www.cruillaconcerts.cat\/wp-content\/uploads\/2024\/07\/02102022-P1470706-1024x683.jpg 1024w, https:\/\/www.cruillaconcerts.cat\/wp-content\/uploads\/2024\/07\/02102022-P1470706-768x512.jpg 768w, https:\/\/www.cruillaconcerts.cat\/wp-content\/uploads\/2024\/07\/02102022-P1470706-1536x1024.jpg 1536w, https:\/\/www.cruillaconcerts.cat\/wp-content\/uploads\/2024\/07\/02102022-P1470706-2048x1365.jpg 2048w, https:\/\/www.cruillaconcerts.cat\/wp-content\/uploads\/2024\/07\/02102022-P1470706-300x200.jpg 300w, https:\/\/www.cruillaconcerts.cat\/wp-content\/uploads\/2024\/07\/02102022-P1470706-1500x1000.jpg 1500w\" sizes=\"auto, (max-width: 900px) 100vw, 900px\" \/><\/p>\n<h3 style=\"text-align: center;\">DELTEBRE<\/h3>\n<p>Este lugar cercano a la desenvocadura del r\u00edo Ebro, ser\u00e1 el escenario del jazz de <strong>Andrea Motis con Jaume Traver<\/strong>, a las 11:30h en el <strong>Parque Fluvial<\/strong>.<\/p>\n<p><a class=\"ql-link\" href=\"https:\/\/maps.app.goo.gl\/89azy7eGCmkm81zM6\" target=\"_blank\" rel=\"noopener noreferrer\">C\u00f3mo llegar.<\/a><\/p>\n<p>&nbsp;<\/p>\n<p><img loading=\"lazy\" decoding=\"async\" class=\"aligncenter wp-image-6649 size-large\" src=\"https:\/\/www.cruillaconcerts.cat\/wp-content\/uploads\/2024\/07\/Feaapp1-1-1024x683.jpg\" alt=\"\" width=\"900\" height=\"600\" srcset=\"https:\/\/www.cruillaconcerts.cat\/wp-content\/uploads\/2024\/07\/Feaapp1-1-1024x683.jpg 1024w, https:\/\/www.cruillaconcerts.cat\/wp-content\/uploads\/2024\/07\/Feaapp1-1-768x512.jpg 768w, https:\/\/www.cruillaconcerts.cat\/wp-content\/uploads\/2024\/07\/Feaapp1-1-1536x1024.jpg 1536w, https:\/\/www.cruillaconcerts.cat\/wp-content\/uploads\/2024\/07\/Feaapp1-1-2048x1365.jpg 2048w, https:\/\/www.cruillaconcerts.cat\/wp-content\/uploads\/2024\/07\/Feaapp1-1-300x200.jpg 300w, https:\/\/www.cruillaconcerts.cat\/wp-content\/uploads\/2024\/07\/Feaapp1-1-1500x1000.jpg 1500w\" sizes=\"auto, (max-width: 900px) 100vw, 900px\" \/><\/p>\n<h3 style=\"text-align: center;\">CAMARLES<\/h3>\n<p>Esta poblaci\u00f3n cargada de historia recibir\u00e1 el concierto de <strong>Pepet i Marieta<\/strong> en la emblem\u00e1tica <strong>Torre de Camarles<\/strong> a las 13:15h.<\/p>\n<p><a class=\"ql-link\" href=\"https:\/\/maps.app.goo.gl\/Qw5NsXx53MSwJ5d27\" target=\"_blank\" rel=\"noopener noreferrer\">C\u00f3mo llegar.<\/a><\/p>\n<p>&nbsp;<\/p>\n<p><img loading=\"lazy\" decoding=\"async\" class=\"aligncenter wp-image-6645\" src=\"https:\/\/www.cruillaconcerts.cat\/wp-content\/uploads\/2024\/07\/arbreMigjorn-Buda-BR-1024x683-1.jpg\" alt=\"\" width=\"900\" height=\"600\" srcset=\"https:\/\/www.cruillaconcerts.cat\/wp-content\/uploads\/2024\/07\/arbreMigjorn-Buda-BR-1024x683-1.jpg 1024w, https:\/\/www.cruillaconcerts.cat\/wp-content\/uploads\/2024\/07\/arbreMigjorn-Buda-BR-1024x683-1-768x512.jpg 768w, https:\/\/www.cruillaconcerts.cat\/wp-content\/uploads\/2024\/07\/arbreMigjorn-Buda-BR-1024x683-1-300x200.jpg 300w\" sizes=\"auto, (max-width: 900px) 100vw, 900px\" \/><\/p>\n<h3 style=\"text-align: center;\">SANT JAUME D\u2019ENVEJA<\/h3>\n<p>Este lugar costero acoger\u00e1 en la <strong>Pla\u00e7a de la Vila<\/strong> entre sus arrozales el tr\u00edo folk <strong>Pla\u00e7a de la Vila<\/strong> a las 13:15h.<\/p>\n<p><a class=\"ql-link\" href=\"https:\/\/maps.app.goo.gl\/bh7Vxunga7A16wq8A\" target=\"_blank\" rel=\"noopener noreferrer\">C\u00f3mo llegar.<\/a><\/p>\n<p>&nbsp;<\/p>\n<p><img loading=\"lazy\" decoding=\"async\" class=\"aligncenter wp-image-6582 size-large\" src=\"https:\/\/www.cruillaconcerts.cat\/wp-content\/uploads\/2024\/07\/Panoramica-des-de-la-Marina-1-1024x512.jpg\" alt=\"\" width=\"900\" height=\"450\" srcset=\"https:\/\/www.cruillaconcerts.cat\/wp-content\/uploads\/2024\/07\/Panoramica-des-de-la-Marina-1-1024x512.jpg 1024w, https:\/\/www.cruillaconcerts.cat\/wp-content\/uploads\/2024\/07\/Panoramica-des-de-la-Marina-1-768x384.jpg 768w, https:\/\/www.cruillaconcerts.cat\/wp-content\/uploads\/2024\/07\/Panoramica-des-de-la-Marina-1-1536x768.jpg 1536w, https:\/\/www.cruillaconcerts.cat\/wp-content\/uploads\/2024\/07\/Panoramica-des-de-la-Marina-1-2048x1024.jpg 2048w, https:\/\/www.cruillaconcerts.cat\/wp-content\/uploads\/2024\/07\/Panoramica-des-de-la-Marina-1-300x150.jpg 300w, https:\/\/www.cruillaconcerts.cat\/wp-content\/uploads\/2024\/07\/Panoramica-des-de-la-Marina-1-1500x750.jpg 1500w\" sizes=\"auto, (max-width: 900px) 100vw, 900px\" \/><\/p>\n<h3 style=\"text-align: center;\">LA R\u00c0PITA<\/h3>\n<p>Las hermosas playas de esta poblaci\u00f3n, recibir\u00e1n al artista\u00a0<strong>Dani Nel\u00b7lo &amp; Organ Trio<\/strong>\u00a0que llenar\u00e1 la <strong>Avenida dels Alfacs<\/strong>\u00a0con las melod\u00edas de su saxof\u00f3n a las 16h.<\/p>\n<p><a class=\"ql-link\" href=\"https:\/\/maps.app.goo.gl\/DgMt1CAfYwTdrwSe9\" target=\"_blank\" rel=\"noopener noreferrer\">C\u00f3mo llegar.<\/a><\/p>\n<p>&nbsp;<\/p>\n<p><img loading=\"lazy\" decoding=\"async\" class=\"aligncenter wp-image-6579 size-large\" src=\"https:\/\/www.cruillaconcerts.cat\/wp-content\/uploads\/2024\/07\/BADIA-FANGAR-VIVERS-DE-MARISC-1-1024x575.jpg\" alt=\"\" width=\"900\" height=\"505\" srcset=\"https:\/\/www.cruillaconcerts.cat\/wp-content\/uploads\/2024\/07\/BADIA-FANGAR-VIVERS-DE-MARISC-1-1024x575.jpg 1024w, https:\/\/www.cruillaconcerts.cat\/wp-content\/uploads\/2024\/07\/BADIA-FANGAR-VIVERS-DE-MARISC-1-768x431.jpg 768w, https:\/\/www.cruillaconcerts.cat\/wp-content\/uploads\/2024\/07\/BADIA-FANGAR-VIVERS-DE-MARISC-1-1536x863.jpg 1536w, https:\/\/www.cruillaconcerts.cat\/wp-content\/uploads\/2024\/07\/BADIA-FANGAR-VIVERS-DE-MARISC-1-2048x1151.jpg 2048w, https:\/\/www.cruillaconcerts.cat\/wp-content\/uploads\/2024\/07\/BADIA-FANGAR-VIVERS-DE-MARISC-1-300x169.jpg 300w, https:\/\/www.cruillaconcerts.cat\/wp-content\/uploads\/2024\/07\/BADIA-FANGAR-VIVERS-DE-MARISC-1-1500x843.jpg 1500w\" sizes=\"auto, (max-width: 900px) 100vw, 900px\" \/><\/p>\n<h3 style=\"text-align: center;\">L&#8217;AMPOLLA<\/h3>\n<p>Este otro bonito pueblo costero ser\u00e1 el escenario del concierto lleno de versos de <strong>Delaf\u00e9<\/strong> en el <strong>Puerto Pesquero<\/strong> a las 16h.<\/p>\n<p><a class=\"ql-link\" href=\"https:\/\/maps.app.goo.gl\/Bb3XWLUig96znE3M7\" target=\"_blank\" rel=\"noopener noreferrer\">C\u00f3mo llegar.<\/a><\/p>\n","protected":false},"excerpt":{"rendered":"<p>\u00a1Ven a descubrir el Delta del Ebro! El pr\u00f3ximo\u00a05 de octubre\u00a0el\u00a0Festival Cru\u00eflla nos trasladamos a uno de los parajes m\u00e1s bonitos de Catalu\u00f1a, entre campos de [&hellip;]<\/p>\n","protected":false},"author":3,"featured_media":6701,"parent":0,"menu_order":0,"comment_status":"closed","ping_status":"closed","template":"page-templates\/page-landing.php","meta":{"_acf_changed":false,"footnotes":""},"class_list":["post-6658","page","type-page","status-publish","has-post-thumbnail","hentry"],"acf":[],"yoast_head":"<!-- This site is optimized with the Yoast SEO plugin v27.3 - https:\/\/yoast.com\/product\/yoast-seo-wordpress\/ -->\n<title>Todos los espacios del Cru\u00eflla Delta de l&#039;Ebre<\/title>\n<meta name=\"description\" content=\"\u00a1Ven a descubrir el territorio del Delta del Ebro a trav\u00e9s de la m\u00fasica el 5 de octubre en el Cru\u00eflla Delta del Ebre!\" \/>\n<meta name=\"robots\" content=\"index, follow, max-snippet:-1, max-image-preview:large, max-video-preview:-1\" \/>\n<link rel=\"canonical\" href=\"https:\/\/www.cruillaconcerts.cat\/es\/espacios-delta-de-lebre\/\" \/>\n<meta property=\"og:locale\" content=\"es_ES\" \/>\n<meta property=\"og:type\" content=\"article\" \/>\n<meta property=\"og:title\" content=\"Todos los espacios del Cru\u00eflla Delta de l&#039;Ebre\" \/>\n<meta property=\"og:description\" content=\"\u00a1Ven a descubrir el territorio del Delta del Ebro a trav\u00e9s de la m\u00fasica el 5 de octubre en el Cru\u00eflla Delta del Ebre!\" \/>\n<meta property=\"og:url\" content=\"https:\/\/www.cruillaconcerts.cat\/es\/espacios-delta-de-lebre\/\" \/>\n<meta property=\"og:site_name\" content=\"Cru\u00eflla Concerts\" \/>\n<meta property=\"article:modified_time\" content=\"2024-09-10T09:27:09+00:00\" \/>\n<meta property=\"og:image\" content=\"https:\/\/www.cruillaconcerts.cat\/wp-content\/uploads\/2024\/07\/SDE24_Landing_Espais_ES.jpg\" \/>\n\t<meta property=\"og:image:width\" content=\"1500\" \/>\n\t<meta property=\"og:image:height\" content=\"500\" \/>\n\t<meta property=\"og:image:type\" content=\"image\/jpeg\" \/>\n<meta name=\"twitter:card\" content=\"summary_large_image\" \/>\n<meta name=\"twitter:label1\" content=\"Tiempo de lectura\" \/>\n\t<meta name=\"twitter:data1\" content=\"5 minutos\" \/>\n<script type=\"application\/ld+json\" class=\"yoast-schema-graph\">{\"@context\":\"https:\\\/\\\/schema.org\",\"@graph\":[{\"@type\":\"WebPage\",\"@id\":\"https:\\\/\\\/www.cruillaconcerts.cat\\\/es\\\/espacios-delta-de-lebre\\\/\",\"url\":\"https:\\\/\\\/www.cruillaconcerts.cat\\\/es\\\/espacios-delta-de-lebre\\\/\",\"name\":\"Todos los espacios del Cru\u00eflla Delta de l'Ebre\",\"isPartOf\":{\"@id\":\"https:\\\/\\\/www.cruillaconcerts.cat\\\/es\\\/#website\"},\"primaryImageOfPage\":{\"@id\":\"https:\\\/\\\/www.cruillaconcerts.cat\\\/es\\\/espacios-delta-de-lebre\\\/#primaryimage\"},\"image\":{\"@id\":\"https:\\\/\\\/www.cruillaconcerts.cat\\\/es\\\/espacios-delta-de-lebre\\\/#primaryimage\"},\"thumbnailUrl\":\"https:\\\/\\\/www.cruillaconcerts.cat\\\/wp-content\\\/uploads\\\/2024\\\/07\\\/SDE24_Landing_Espais_ES.jpg\",\"datePublished\":\"2024-07-23T09:46:21+00:00\",\"dateModified\":\"2024-09-10T09:27:09+00:00\",\"description\":\"\u00a1Ven a descubrir el territorio del Delta del Ebro a trav\u00e9s de la m\u00fasica el 5 de octubre en el Cru\u00eflla Delta del Ebre!\",\"breadcrumb\":{\"@id\":\"https:\\\/\\\/www.cruillaconcerts.cat\\\/es\\\/espacios-delta-de-lebre\\\/#breadcrumb\"},\"inLanguage\":\"es\",\"potentialAction\":[{\"@type\":\"ReadAction\",\"target\":[\"https:\\\/\\\/www.cruillaconcerts.cat\\\/es\\\/espacios-delta-de-lebre\\\/\"]}]},{\"@type\":\"ImageObject\",\"inLanguage\":\"es\",\"@id\":\"https:\\\/\\\/www.cruillaconcerts.cat\\\/es\\\/espacios-delta-de-lebre\\\/#primaryimage\",\"url\":\"https:\\\/\\\/www.cruillaconcerts.cat\\\/wp-content\\\/uploads\\\/2024\\\/07\\\/SDE24_Landing_Espais_ES.jpg\",\"contentUrl\":\"https:\\\/\\\/www.cruillaconcerts.cat\\\/wp-content\\\/uploads\\\/2024\\\/07\\\/SDE24_Landing_Espais_ES.jpg\",\"width\":1500,\"height\":500},{\"@type\":\"BreadcrumbList\",\"@id\":\"https:\\\/\\\/www.cruillaconcerts.cat\\\/es\\\/espacios-delta-de-lebre\\\/#breadcrumb\",\"itemListElement\":[{\"@type\":\"ListItem\",\"position\":1,\"name\":\"Home\",\"item\":\"https:\\\/\\\/www.cruillaconcerts.cat\\\/es\\\/\"},{\"@type\":\"ListItem\",\"position\":2,\"name\":\"Espacios Delta de l&#8217;Ebre\"}]},{\"@type\":\"WebSite\",\"@id\":\"https:\\\/\\\/www.cruillaconcerts.cat\\\/es\\\/#website\",\"url\":\"https:\\\/\\\/www.cruillaconcerts.cat\\\/es\\\/\",\"name\":\"Cru\u00eflla Concerts\",\"description\":\"\",\"potentialAction\":[{\"@type\":\"SearchAction\",\"target\":{\"@type\":\"EntryPoint\",\"urlTemplate\":\"https:\\\/\\\/www.cruillaconcerts.cat\\\/es\\\/?s={search_term_string}\"},\"query-input\":{\"@type\":\"PropertyValueSpecification\",\"valueRequired\":true,\"valueName\":\"search_term_string\"}}],\"inLanguage\":\"es\"}]}<\/script>\n<!-- \/ Yoast SEO plugin. -->","yoast_head_json":{"title":"Todos los espacios del Cru\u00eflla Delta de l'Ebre","description":"\u00a1Ven a descubrir el territorio del Delta del Ebro a trav\u00e9s de la m\u00fasica el 5 de octubre en el Cru\u00eflla Delta del Ebre!","robots":{"index":"index","follow":"follow","max-snippet":"max-snippet:-1","max-image-preview":"max-image-preview:large","max-video-preview":"max-video-preview:-1"},"canonical":"https:\/\/www.cruillaconcerts.cat\/es\/espacios-delta-de-lebre\/","og_locale":"es_ES","og_type":"article","og_title":"Todos los espacios del Cru\u00eflla Delta de l'Ebre","og_description":"\u00a1Ven a descubrir el territorio del Delta del Ebro a trav\u00e9s de la m\u00fasica el 5 de octubre en el Cru\u00eflla Delta del Ebre!","og_url":"https:\/\/www.cruillaconcerts.cat\/es\/espacios-delta-de-lebre\/","og_site_name":"Cru\u00eflla Concerts","article_modified_time":"2024-09-10T09:27:09+00:00","og_image":[{"width":1500,"height":500,"url":"https:\/\/www.cruillaconcerts.cat\/wp-content\/uploads\/2024\/07\/SDE24_Landing_Espais_ES.jpg","type":"image\/jpeg"}],"twitter_card":"summary_large_image","twitter_misc":{"Tiempo de lectura":"5 minutos"},"schema":{"@context":"https:\/\/schema.org","@graph":[{"@type":"WebPage","@id":"https:\/\/www.cruillaconcerts.cat\/es\/espacios-delta-de-lebre\/","url":"https:\/\/www.cruillaconcerts.cat\/es\/espacios-delta-de-lebre\/","name":"Todos los espacios del Cru\u00eflla Delta de l'Ebre","isPartOf":{"@id":"https:\/\/www.cruillaconcerts.cat\/es\/#website"},"primaryImageOfPage":{"@id":"https:\/\/www.cruillaconcerts.cat\/es\/espacios-delta-de-lebre\/#primaryimage"},"image":{"@id":"https:\/\/www.cruillaconcerts.cat\/es\/espacios-delta-de-lebre\/#primaryimage"},"thumbnailUrl":"https:\/\/www.cruillaconcerts.cat\/wp-content\/uploads\/2024\/07\/SDE24_Landing_Espais_ES.jpg","datePublished":"2024-07-23T09:46:21+00:00","dateModified":"2024-09-10T09:27:09+00:00","description":"\u00a1Ven a descubrir el territorio del Delta del Ebro a trav\u00e9s de la m\u00fasica el 5 de octubre en el Cru\u00eflla Delta del Ebre!","breadcrumb":{"@id":"https:\/\/www.cruillaconcerts.cat\/es\/espacios-delta-de-lebre\/#breadcrumb"},"inLanguage":"es","potentialAction":[{"@type":"ReadAction","target":["https:\/\/www.cruillaconcerts.cat\/es\/espacios-delta-de-lebre\/"]}]},{"@type":"ImageObject","inLanguage":"es","@id":"https:\/\/www.cruillaconcerts.cat\/es\/espacios-delta-de-lebre\/#primaryimage","url":"https:\/\/www.cruillaconcerts.cat\/wp-content\/uploads\/2024\/07\/SDE24_Landing_Espais_ES.jpg","contentUrl":"https:\/\/www.cruillaconcerts.cat\/wp-content\/uploads\/2024\/07\/SDE24_Landing_Espais_ES.jpg","width":1500,"height":500},{"@type":"BreadcrumbList","@id":"https:\/\/www.cruillaconcerts.cat\/es\/espacios-delta-de-lebre\/#breadcrumb","itemListElement":[{"@type":"ListItem","position":1,"name":"Home","item":"https:\/\/www.cruillaconcerts.cat\/es\/"},{"@type":"ListItem","position":2,"name":"Espacios Delta de l&#8217;Ebre"}]},{"@type":"WebSite","@id":"https:\/\/www.cruillaconcerts.cat\/es\/#website","url":"https:\/\/www.cruillaconcerts.cat\/es\/","name":"Cru\u00eflla Concerts","description":"","potentialAction":[{"@type":"SearchAction","target":{"@type":"EntryPoint","urlTemplate":"https:\/\/www.cruillaconcerts.cat\/es\/?s={search_term_string}"},"query-input":{"@type":"PropertyValueSpecification","valueRequired":true,"valueName":"search_term_string"}}],"inLanguage":"es"}]}},"_links":{"self":[{"href":"https:\/\/www.cruillaconcerts.cat\/es\/wp-json\/wp\/v2\/pages\/6658","targetHints":{"allow":["GET"]}}],"collection":[{"href":"https:\/\/www.cruillaconcerts.cat\/es\/wp-json\/wp\/v2\/pages"}],"about":[{"href":"https:\/\/www.cruillaconcerts.cat\/es\/wp-json\/wp\/v2\/types\/page"}],"author":[{"embeddable":true,"href":"https:\/\/www.cruillaconcerts.cat\/es\/wp-json\/wp\/v2\/users\/3"}],"replies":[{"embeddable":true,"href":"https:\/\/www.cruillaconcerts.cat\/es\/wp-json\/wp\/v2\/comments?post=6658"}],"version-history":[{"count":5,"href":"https:\/\/www.cruillaconcerts.cat\/es\/wp-json\/wp\/v2\/pages\/6658\/revisions"}],"predecessor-version":[{"id":7140,"href":"https:\/\/www.cruillaconcerts.cat\/es\/wp-json\/wp\/v2\/pages\/6658\/revisions\/7140"}],"wp:featuredmedia":[{"embeddable":true,"href":"https:\/\/www.cruillaconcerts.cat\/es\/wp-json\/wp\/v2\/media\/6701"}],"wp:attachment":[{"href":"https:\/\/www.cruillaconcerts.cat\/es\/wp-json\/wp\/v2\/media?parent=6658"}],"curies":[{"name":"wp","href":"https:\/\/api.w.org\/{rel}","templated":true}]}}