{"id":6839,"date":"2024-07-23T10:51:29","date_gmt":"2024-07-23T10:51:29","guid":{"rendered":"https:\/\/www.cruillaconcerts.cat\/?page_id=6839"},"modified":"2024-07-23T15:51:59","modified_gmt":"2024-07-23T15:51:59","slug":"politica-de-menores-cruilla-delta-de-lebre","status":"publish","type":"page","link":"https:\/\/www.cruillaconcerts.cat\/es\/faqs-cruilla-delta-de-lebre\/politica-de-menores-cruilla-delta-de-lebre\/","title":{"rendered":"Pol\u00edtica de menores &#8211; Cru\u00eflla Delta de l&#8217;Ebre"},"content":{"rendered":"<h4>Si vienes al Cru\u00eflla Delta de l&#8217;Ebre con menores de hasta 15 a\u00f1os (incluidos), deber\u00e1s rellenar <span style=\"text-decoration: underline;\"><a href=\"https:\/\/formesign.com\/public\/110926978578715032543\/all\/form\/1FAIpQLSfdefsM5ttwxGlOnaAwNnG8w7jTmNzt7jfpvl0CnhOvrshllQ\" target=\"_blank\" rel=\"noopener\">ESTE FORMULARIO<\/a><\/span> antes de asistir.<\/h4>\n<p>La pol\u00edtica de menores en el Cru\u00eflla Delta de l&#8217;Ebre es la siguiente:<\/p>\n<ul>\n<li><strong>Los menores de 0 a 2 a\u00f1os <\/strong>(incluidos) pueden acceder de forma gratuita y deber\u00e1n ir acompa\u00f1ados de padre, madre o tutor legal.<\/li>\n<li><strong>Los menores de 3 a 15 a\u00f1os <\/strong>(incluidos) deber\u00e1n comprar la entrada normal, mientras que los menores a partir de 13 a\u00f1os deber\u00e1n comprar una entrada a precio normal e ir acompa\u00f1ados de padre, madre o tutor legal.<\/li>\n<li><strong>Los menores a partir de 16 a\u00f1os <\/strong>deber\u00e1n comprar la entrada normal y podr\u00e1n entrar al recinto sin acompa\u00f1amiento ni autorizaci\u00f3n.<\/li>\n<\/ul>\n<p>Se deben presentar una serie de documentos en funci\u00f3n de qui\u00e9n acompa\u00f1e al menor al recinto:<\/p>\n<ul>\n<li>En caso de que el acompa\u00f1ante del menor sean el padre o la madre o el tutor legal se deber\u00e1n presentar <strong>DNI y libro de familia <\/strong>o\u00a0<strong>documento legal<\/strong> que acredite la relaci\u00f3n con el menor.<\/li>\n<li>En caso de que el acompa\u00f1ante no sea ni el padre, ni la madre, ni el tutor legal, se deber\u00e1 presentar una\u00a0<strong>autorizaci\u00f3n firmada por el padre, la madre o el tutor legal<\/strong>, junto con una\u00a0<strong>fotocopia del DNI del padre, madre o tutor legal y el libro de familia.<\/strong><\/li>\n<li>En ambos casos el responsable del menor deber\u00e1 rellenar este <span style=\"text-decoration: underline;\"><a href=\"https:\/\/formesign.com\/public\/110926978578715032543\/all\/form\/1FAIpQLSfdefsM5ttwxGlOnaAwNnG8w7jTmNzt7jfpvl0CnhOvrshllQ\" target=\"_blank\" rel=\"noopener\"><strong>formulario de exoneraci\u00f3n de responsabilidad<\/strong><\/a><\/span>.<\/li>\n<\/ul>\n<p>A los menores de hasta 15 a\u00f1os (incluidos) se les entregar\u00e1 un\u00a0<strong>brazalete identificativo<\/strong> en el que se apuntar\u00e1 el nombre del menor y el tel\u00e9fono de su acompa\u00f1ante. Mientras se encuentre en el recinto el menor deber\u00e1 llevar puesto el brazalete.<\/p>\n<p>La organizaci\u00f3n entregar\u00e1, en caso de que los acompa\u00f1antes de los menores as\u00ed lo soliciten,\u00a0<strong>tapones para los o\u00eddos<\/strong> o\u00a0<strong>auriculares<\/strong> para reducir los efectos del volumen del sonido. Para conseguir los\u00a0<strong>auriculares<\/strong> ser\u00e1 necesario abonar una\u00a0<strong>fianza de 20\u20ac<\/strong>, que se retornar\u00e1 cuando se devuelvan los auriculares.<\/p>\n","protected":false},"excerpt":{"rendered":"<p>Si vienes al Cru\u00eflla Delta de l&#8217;Ebre con menores de hasta 15 a\u00f1os (incluidos), deber\u00e1s rellenar ESTE FORMULARIO antes de asistir. La pol\u00edtica de menores en [&hellip;]<\/p>\n","protected":false},"author":3,"featured_media":0,"parent":6831,"menu_order":0,"comment_status":"closed","ping_status":"closed","template":"page-templates\/page-side-nav.php","meta":{"_acf_changed":false,"footnotes":""},"class_list":["post-6839","page","type-page","status-publish","hentry"],"acf":[],"yoast_head":"<!-- This site is optimized with the Yoast SEO plugin v27.3 - https:\/\/yoast.com\/product\/yoast-seo-wordpress\/ -->\n<title>Pol\u00edtica de menores - Cru\u00eflla Delta de l&#039;Ebre - Cru\u00eflla Concerts<\/title>\n<meta name=\"robots\" content=\"index, follow, max-snippet:-1, max-image-preview:large, max-video-preview:-1\" \/>\n<link rel=\"canonical\" href=\"https:\/\/www.cruillaconcerts.cat\/es\/faqs-cruilla-delta-de-lebre\/politica-de-menores-cruilla-delta-de-lebre\/\" \/>\n<meta property=\"og:locale\" content=\"es_ES\" \/>\n<meta property=\"og:type\" content=\"article\" \/>\n<meta property=\"og:title\" content=\"Pol\u00edtica de menores - Cru\u00eflla Delta de l&#039;Ebre - Cru\u00eflla Concerts\" \/>\n<meta property=\"og:description\" content=\"Si vienes al Cru\u00eflla Delta de l&#8217;Ebre con menores de hasta 15 a\u00f1os (incluidos), deber\u00e1s rellenar ESTE FORMULARIO antes de asistir. La pol\u00edtica de menores en [&hellip;]\" \/>\n<meta property=\"og:url\" content=\"https:\/\/www.cruillaconcerts.cat\/es\/faqs-cruilla-delta-de-lebre\/politica-de-menores-cruilla-delta-de-lebre\/\" \/>\n<meta property=\"og:site_name\" content=\"Cru\u00eflla Concerts\" \/>\n<meta property=\"article:modified_time\" content=\"2024-07-23T15:51:59+00:00\" \/>\n<meta name=\"twitter:card\" content=\"summary_large_image\" \/>\n<meta name=\"twitter:label1\" content=\"Tiempo de lectura\" \/>\n\t<meta name=\"twitter:data1\" content=\"2 minutos\" \/>\n<script type=\"application\/ld+json\" class=\"yoast-schema-graph\">{\"@context\":\"https:\\\/\\\/schema.org\",\"@graph\":[{\"@type\":\"WebPage\",\"@id\":\"https:\\\/\\\/www.cruillaconcerts.cat\\\/es\\\/faqs-cruilla-delta-de-lebre\\\/politica-de-menores-cruilla-delta-de-lebre\\\/\",\"url\":\"https:\\\/\\\/www.cruillaconcerts.cat\\\/es\\\/faqs-cruilla-delta-de-lebre\\\/politica-de-menores-cruilla-delta-de-lebre\\\/\",\"name\":\"Pol\u00edtica de menores - Cru\u00eflla Delta de l'Ebre - Cru\u00eflla Concerts\",\"isPartOf\":{\"@id\":\"https:\\\/\\\/www.cruillaconcerts.cat\\\/es\\\/#website\"},\"datePublished\":\"2024-07-23T10:51:29+00:00\",\"dateModified\":\"2024-07-23T15:51:59+00:00\",\"breadcrumb\":{\"@id\":\"https:\\\/\\\/www.cruillaconcerts.cat\\\/es\\\/faqs-cruilla-delta-de-lebre\\\/politica-de-menores-cruilla-delta-de-lebre\\\/#breadcrumb\"},\"inLanguage\":\"es\",\"potentialAction\":[{\"@type\":\"ReadAction\",\"target\":[\"https:\\\/\\\/www.cruillaconcerts.cat\\\/es\\\/faqs-cruilla-delta-de-lebre\\\/politica-de-menores-cruilla-delta-de-lebre\\\/\"]}]},{\"@type\":\"BreadcrumbList\",\"@id\":\"https:\\\/\\\/www.cruillaconcerts.cat\\\/es\\\/faqs-cruilla-delta-de-lebre\\\/politica-de-menores-cruilla-delta-de-lebre\\\/#breadcrumb\",\"itemListElement\":[{\"@type\":\"ListItem\",\"position\":1,\"name\":\"Home\",\"item\":\"https:\\\/\\\/www.cruillaconcerts.cat\\\/es\\\/\"},{\"@type\":\"ListItem\",\"position\":2,\"name\":\"Faqs Cru\u00eflla Delta de l&#8217;Ebre\",\"item\":\"https:\\\/\\\/www.cruillaconcerts.cat\\\/es\\\/faqs-cruilla-delta-de-lebre\\\/\"},{\"@type\":\"ListItem\",\"position\":3,\"name\":\"Pol\u00edtica de menores &#8211; Cru\u00eflla Delta de l&#8217;Ebre\"}]},{\"@type\":\"WebSite\",\"@id\":\"https:\\\/\\\/www.cruillaconcerts.cat\\\/es\\\/#website\",\"url\":\"https:\\\/\\\/www.cruillaconcerts.cat\\\/es\\\/\",\"name\":\"Cru\u00eflla Concerts\",\"description\":\"\",\"potentialAction\":[{\"@type\":\"SearchAction\",\"target\":{\"@type\":\"EntryPoint\",\"urlTemplate\":\"https:\\\/\\\/www.cruillaconcerts.cat\\\/es\\\/?s={search_term_string}\"},\"query-input\":{\"@type\":\"PropertyValueSpecification\",\"valueRequired\":true,\"valueName\":\"search_term_string\"}}],\"inLanguage\":\"es\"}]}<\/script>\n<!-- \/ Yoast SEO plugin. -->","yoast_head_json":{"title":"Pol\u00edtica de menores - Cru\u00eflla Delta de l'Ebre - Cru\u00eflla Concerts","robots":{"index":"index","follow":"follow","max-snippet":"max-snippet:-1","max-image-preview":"max-image-preview:large","max-video-preview":"max-video-preview:-1"},"canonical":"https:\/\/www.cruillaconcerts.cat\/es\/faqs-cruilla-delta-de-lebre\/politica-de-menores-cruilla-delta-de-lebre\/","og_locale":"es_ES","og_type":"article","og_title":"Pol\u00edtica de menores - Cru\u00eflla Delta de l'Ebre - Cru\u00eflla Concerts","og_description":"Si vienes al Cru\u00eflla Delta de l&#8217;Ebre con menores de hasta 15 a\u00f1os (incluidos), deber\u00e1s rellenar ESTE FORMULARIO antes de asistir. La pol\u00edtica de menores en [&hellip;]","og_url":"https:\/\/www.cruillaconcerts.cat\/es\/faqs-cruilla-delta-de-lebre\/politica-de-menores-cruilla-delta-de-lebre\/","og_site_name":"Cru\u00eflla Concerts","article_modified_time":"2024-07-23T15:51:59+00:00","twitter_card":"summary_large_image","twitter_misc":{"Tiempo de lectura":"2 minutos"},"schema":{"@context":"https:\/\/schema.org","@graph":[{"@type":"WebPage","@id":"https:\/\/www.cruillaconcerts.cat\/es\/faqs-cruilla-delta-de-lebre\/politica-de-menores-cruilla-delta-de-lebre\/","url":"https:\/\/www.cruillaconcerts.cat\/es\/faqs-cruilla-delta-de-lebre\/politica-de-menores-cruilla-delta-de-lebre\/","name":"Pol\u00edtica de menores - Cru\u00eflla Delta de l'Ebre - Cru\u00eflla Concerts","isPartOf":{"@id":"https:\/\/www.cruillaconcerts.cat\/es\/#website"},"datePublished":"2024-07-23T10:51:29+00:00","dateModified":"2024-07-23T15:51:59+00:00","breadcrumb":{"@id":"https:\/\/www.cruillaconcerts.cat\/es\/faqs-cruilla-delta-de-lebre\/politica-de-menores-cruilla-delta-de-lebre\/#breadcrumb"},"inLanguage":"es","potentialAction":[{"@type":"ReadAction","target":["https:\/\/www.cruillaconcerts.cat\/es\/faqs-cruilla-delta-de-lebre\/politica-de-menores-cruilla-delta-de-lebre\/"]}]},{"@type":"BreadcrumbList","@id":"https:\/\/www.cruillaconcerts.cat\/es\/faqs-cruilla-delta-de-lebre\/politica-de-menores-cruilla-delta-de-lebre\/#breadcrumb","itemListElement":[{"@type":"ListItem","position":1,"name":"Home","item":"https:\/\/www.cruillaconcerts.cat\/es\/"},{"@type":"ListItem","position":2,"name":"Faqs Cru\u00eflla Delta de l&#8217;Ebre","item":"https:\/\/www.cruillaconcerts.cat\/es\/faqs-cruilla-delta-de-lebre\/"},{"@type":"ListItem","position":3,"name":"Pol\u00edtica de menores &#8211; Cru\u00eflla Delta de l&#8217;Ebre"}]},{"@type":"WebSite","@id":"https:\/\/www.cruillaconcerts.cat\/es\/#website","url":"https:\/\/www.cruillaconcerts.cat\/es\/","name":"Cru\u00eflla Concerts","description":"","potentialAction":[{"@type":"SearchAction","target":{"@type":"EntryPoint","urlTemplate":"https:\/\/www.cruillaconcerts.cat\/es\/?s={search_term_string}"},"query-input":{"@type":"PropertyValueSpecification","valueRequired":true,"valueName":"search_term_string"}}],"inLanguage":"es"}]}},"_links":{"self":[{"href":"https:\/\/www.cruillaconcerts.cat\/es\/wp-json\/wp\/v2\/pages\/6839","targetHints":{"allow":["GET"]}}],"collection":[{"href":"https:\/\/www.cruillaconcerts.cat\/es\/wp-json\/wp\/v2\/pages"}],"about":[{"href":"https:\/\/www.cruillaconcerts.cat\/es\/wp-json\/wp\/v2\/types\/page"}],"author":[{"embeddable":true,"href":"https:\/\/www.cruillaconcerts.cat\/es\/wp-json\/wp\/v2\/users\/3"}],"replies":[{"embeddable":true,"href":"https:\/\/www.cruillaconcerts.cat\/es\/wp-json\/wp\/v2\/comments?post=6839"}],"version-history":[{"count":4,"href":"https:\/\/www.cruillaconcerts.cat\/es\/wp-json\/wp\/v2\/pages\/6839\/revisions"}],"predecessor-version":[{"id":6880,"href":"https:\/\/www.cruillaconcerts.cat\/es\/wp-json\/wp\/v2\/pages\/6839\/revisions\/6880"}],"up":[{"embeddable":true,"href":"https:\/\/www.cruillaconcerts.cat\/es\/wp-json\/wp\/v2\/pages\/6831"}],"wp:attachment":[{"href":"https:\/\/www.cruillaconcerts.cat\/es\/wp-json\/wp\/v2\/media?parent=6839"}],"curies":[{"name":"wp","href":"https:\/\/api.w.org\/{rel}","templated":true}]}}