{"id":7471,"date":"2024-10-02T09:54:33","date_gmt":"2024-10-02T09:54:33","guid":{"rendered":"https:\/\/www.cruillaconcerts.cat\/?page_id=7471"},"modified":"2024-11-11T09:39:59","modified_gmt":"2024-11-11T09:39:59","slug":"jornada-profesional-de-comedia","status":"publish","type":"page","link":"https:\/\/www.cruillaconcerts.cat\/es\/jornada-profesional-de-comedia\/","title":{"rendered":"Jornada Profesional de Comedia"},"content":{"rendered":"<h2 style=\"text-align: center;\"><strong>STAND-UP PRO: 1A JORNADA PROFESIONAL DE COMEDIA<\/strong><\/h2>\n<p>El pr\u00f3ximo <strong>mi\u00e9rcoles 13 de noviembre de 10h a 15h en El Molino<\/strong> tendr\u00e1 lugar el <strong>primer encuentro de profesionales del sector de la comedia en Barcelona en el marco del Cru\u00eflla Com\u00e8dia 2024.<\/strong> Podr\u00e1n asistir promotores, agentes, agencias, humoristas, representantes y festivales tanto de Catalu\u00f1a como del resto del estado Espa\u00f1ol que est\u00e9n vinculados a este sector cada vez m\u00e1s importante del circuito cultural. <strong>\u00a1<\/strong><strong>Consulta el programa!<\/strong><\/p>\n<hr \/>\n<p><strong>CONTENIDO DE LA JORNADA<\/strong><\/p>\n<ul class=\"data-monday-blocks-wrapper\">\n<li class=\"monday-block-5\" contenteditable=\"true\" data-monday-block-type=\"5\" data-monday-block-content=\"{&quot;alignment&quot;:&quot;left&quot;,&quot;direction&quot;:&quot;ltr&quot;,&quot;deltaFormat&quot;:[{&quot;insert&quot;:&quot;10:00 - 10:30:&quot;,&quot;attributes&quot;:{&quot;bold&quot;:true,&quot;sanitizedSize&quot;:&quot;16px&quot;}},{&quot;insert&quot;:&quot; Registre i acreditacions + Benvinguda.&quot;,&quot;attributes&quot;:{&quot;sanitizedSize&quot;:&quot;16px&quot;}}],&quot;base64Encoded&quot;:&quot;AQf21bLfDAAGAQl0ZXh0QmxvY2sEYm9sZAR0cnVlhvbVst8MAA1zYW5pdGl6ZWRTaXplBiIxNnB4IoT21bLfDAEOMTA6MDAgLSAxMDozMDqG9tWy3wwPBGJvbGQEbnVsbIH21bLfDBAChPbVst8MEicgUmVnaXN0cmUgaSBhY3JlZGl0YWNpb25zICsgQmVudmluZ3VkYS6G9tWy3ww5DXNhbml0aXplZFNpemUEbnVsbAH21bLfDAERAg==&quot;}\" data-monday-block-id=\"f96d674b-1eb0-4a50-9c29-b48de756f1a9\"><strong>10:00 &#8211; 10:30:<\/strong> Registro y acreditaciones + Bienvenida.<\/li>\n<\/ul>\n<p>&nbsp;<\/p>\n<ul class=\"data-monday-blocks-wrapper\">\n<li class=\"monday-block-5\" contenteditable=\"true\" data-monday-block-type=\"5\" data-monday-block-content=\"{&quot;alignment&quot;:&quot;left&quot;,&quot;direction&quot;:&quot;ltr&quot;,&quot;deltaFormat&quot;:[{&quot;insert&quot;:&quot;10:30 - 11:00:&quot;,&quot;attributes&quot;:{&quot;bold&quot;:true,&quot;sanitizedSize&quot;:&quot;16px&quot;}},{&quot;insert&quot;:&quot; Inauguraci\u00f3 i presentaci\u00f3&quot;,&quot;attributes&quot;:{&quot;sanitizedSize&quot;:&quot;16px&quot;}},{&quot;insert&quot;:&quot;.&quot;}],&quot;base64Encoded&quot;:&quot;AgfszJnPDgAGAQl0ZXh0QmxvY2sEYm9sZAR0cnVlhuzMmc8OAA1zYW5pdGl6ZWRTaXplBiIxNnB4IoTszJnPDgEOMTA6MzAgLSAxMTowMDqG7MyZzw4PBGJvbGQEbnVsbIHszJnPDhAChOzMmc8OEhwgSW5hdWd1cmFjacOzIGkgcHJlc2VudGFjacOzhuzMmc8OLA1zYW5pdGl6ZWRTaXplBG51bGwBpcirxgsAhOzMmc8OLQEuAezMmc8OAREC&quot;}\" data-monday-block-id=\"4757eff4-ef6d-4ae7-a735-7d9c3fb40e81\"><strong>10:30 &#8211; 11:00:<\/strong> Inauguraci\u00f3n y presentaci\u00f3n.<\/li>\n<\/ul>\n<p>&nbsp;<\/p>\n<ul class=\"data-monday-blocks-wrapper\">\n<li class=\"monday-block-5\" contenteditable=\"true\" data-monday-block-type=\"5\" data-monday-block-content=\"{&quot;alignment&quot;:&quot;left&quot;,&quot;direction&quot;:&quot;ltr&quot;,&quot;deltaFormat&quot;:[{&quot;insert&quot;:&quot;11:00 - 11:45:&quot;,&quot;attributes&quot;:{&quot;bold&quot;:true,&quot;sanitizedSize&quot;:&quot;16px&quot;}},{&quot;insert&quot;:&quot; &quot;,&quot;attributes&quot;:{&quot;sanitizedSize&quot;:&quot;16px&quot;}},{&quot;insert&quot;:&quot;L'stand-up en directe.&quot;,&quot;attributes&quot;:{&quot;italic&quot;:true,&quot;sanitizedSize&quot;:&quot;16px&quot;}},{&quot;insert&quot;:&quot;: e&quot;,&quot;attributes&quot;:{&quot;italic&quot;:true}},{&quot;insert&quot;:&quot;n quin moment es trob&quot;,&quot;attributes&quot;:{&quot;italic&quot;:true,&quot;sanitizedSize&quot;:&quot;16px&quot;}},{&quot;insert&quot;:&quot;a&quot;,&quot;attributes&quot;:{&quot;italic&quot;:true}},{&quot;insert&quot;:&quot; a Catalunya i Espanya&quot;,&quot;attributes&quot;:{&quot;italic&quot;:true,&quot;sanitizedSize&quot;:&quot;16px&quot;}},{&quot;insert&quot;:&quot;?&quot;,&quot;attributes&quot;:{&quot;italic&quot;:true}},{&quot;insert&quot;:&quot; &quot;},{&quot;insert&quot;:&quot;Panell de &quot;,&quot;attributes&quot;:{&quot;sanitizedSize&quot;:&quot;16px&quot;}},{&quot;insert&quot;:&quot;d&quot;},{&quot;insert&quot;:&quot;iscussi\u00f3&quot;,&quot;attributes&quot;:{&quot;sanitizedSize&quot;:&quot;16px&quot;}},{&quot;insert&quot;:&quot; i t&quot;},{&quot;insert&quot;:&quot;aula rodona per analitzar l'estat actual de l'stand-up a nivell local i estatal, i explorar les oportunitats de creixement.&quot;,&quot;attributes&quot;:{&quot;sanitizedSize&quot;:&quot;16px&quot;}}],&quot;base64Encoded&quot;:&quot;Ah7SkODfDwDBudXnog9WudXnog9XAsHSkODfDwG51eeiD1cBwdKQ4N8PAdKQ4N8PAgHG0pDg3w8CudXnog9XDXNhbml0aXplZFNpemUEbnVsbMTSkODfDwS51eeiD1cBYcbSkODfDwW51eeiD1cNc2FuaXRpemVkU2l6ZQYiMTZweCLBudXnog8oudXnog8pAsHSkODfDwi51eeiDykBwdKQ4N8PCNKQ4N8PCQHGudXnog9AudXnog9BDXNhbml0aXplZFNpemUEbnVsbMTSkODfDwu51eeiD0EBOsbSkODfDwy51eeiD0ENc2FuaXRpemVkU2l6ZQYiMTZweCLE0pDg3w8M0pDg3w8NAiBlxrnV56IPbrnV56IPbw1zYW5pdGl6ZWRTaXplBG51bGzE0pDg3w8QudXnog9vAT\/G0pDg3w8RudXnog9vDXNhbml0aXplZFNpemUGIjE2cHgixNKQ4N8PEdKQ4N8PEgEgxNKQ4N8PErnV56IPbwpQYW5lbGwgZGUgwdKQ4N8PHbnV56IPbwHE0pDg3w8eudXnog9vCWlzY3Vzc2nDs8HSkODfDya51eeiD28DxrnV56IPb7nV56IPcA1zYW5pdGl6ZWRTaXplBG51bGzE0pDg3w8qudXnog9wASDG0pDg3w8rudXnog9wDXNhbml0aXplZFNpemUGIjE2cHgixNKQ4N8PK9KQ4N8PLANpIHTG0pDg3w8e0pDg3w8fDXNhbml0aXplZFNpemUEbnVsbMTSkODfDzDSkODfDx8BZMbSkODfDzHSkODfDx8Nc2FuaXRpemVkU2l6ZQYiMTZweCLG0pDg3w8JudXnog8pBml0YWxpYwR0cnVlxtKQ4N8PEdKQ4N8PEwZpdGFsaWMEbnVsbBC51eeiDwAGAQl0ZXh0QmxvY2sEYm9sZAR0cnVlhrnV56IPAA1zYW5pdGl6ZWRTaXplBiIxNnB4IoS51eeiDwEOMTE6MDAgLSAxMTo0NTqGudXnog8PBGJvbGQEbnVsbIG51eeiDxAChLnV56IPEgEggbnV56IPExWEudXnog8oFkwnc3RhbmQtdXAgZW4gZGlyZWN0ZS6BudXnog8+AoS51eeiD0AVbiBxdWluIG1vbWVudCBlcyB0cm9igbnV56IPVQGEudXnog9WFiBhIENhdGFsdW55YSBpIEVzcGFueWGBudXnog9sAoG51eeiD24BhLnV56IPb3thdWxhIHJvZG9uYSBwZXIgYW5hbGl0emFyIGwnZXN0YXQgYWN0dWFsIGRlIGwnc3RhbmQtdXAgYSBuaXZlbGwgbG9jYWwgaSBlc3RhdGFsLCBpIGV4cGxvcmFyIGxlcyBvcG9ydHVuaXRhdHMgZGUgY3JlaXhlbWVudC6GudXnog\/qAQ1zYW5pdGl6ZWRTaXplBG51bGwCudXnog8FEQIUFT8CVgFtA9KQ4N8PBAAEBwQeAScD&quot;}\" data-monday-block-id=\"a0d63efe-c109-4ee5-bdfe-81cdafdb15db\"><strong>11:00 &#8211; 11:45:<\/strong> <em>El stand-up en directo: \u00bfen qu\u00e9 momento se encuentra en Catalu\u00f1a y Espa\u00f1a? <\/em>Panel de discusi\u00f3n y mesa redonda para analizar el estado actual del stand-up a nivel local y estatal, y explorar las oportunidades de crecimiento.<\/li>\n<\/ul>\n<p><span style=\"text-decoration: underline;\">Ponentes:<\/span><\/p>\n<p><strong>Laia Recasens Elias: <\/strong>Estudios de periodismo y g\u00e9nero, de T\u00e0rrega. Miembro de la comisi\u00f3n organizadora del Memefest desde la primera edici\u00f3n del festival, en 2019, hasta ahora.<\/p>\n<p><strong>Merc\u00e8 Puy: <\/strong>Licenciada en Arte Dram\u00e1tico por el Institut del Teatre. Productora y gestora cultural especializada en artes esc\u00e9nicas y visuales.<\/p>\n<p><strong>V\u00edctor \u00c1lvaro: <\/strong>Formado en el Institut del Teatre como actor. Director de la compa\u00f1\u00eda Gataro desde 1998 y del Almer\u00eda Teatro de 2009 a 2021 y de la sala Golem&#8217;S desde 2021.<\/p>\n<p><strong>Fel Faixedas: <\/strong>Actor, autor y humorista. Ha colaborado en diferentes programas de televisi\u00f3n y radio como TV3, RAC1 y Catalunya R\u00e0dio. Tambi\u00e9n es cofundador de Teatro de Guerrilla.<\/p>\n<p><strong>Maria Juan: <\/strong>Actriz, c\u00f3mica y presentadora. Es licenciada en Arte Dram\u00e1tico en la ESAD de Valencia. En 2019 cre\u00f3 el sello de comedia valenciano RIURES, con el foco puesto en la lengua y la diversidad.<\/p>\n<p><span style=\"text-decoration: underline;\">Modera:<\/span><\/p>\n<p><strong>Oye Sherman:<\/strong> Seccionista en el \u201cEst\u00e0 Passant\u201d de TV3 y \u201cLes dones i els dies\u201d de Catalunya R\u00e0dio. Ha formado parte del colectivo de mon\u00f3logos \u00abEl Soterrani\u00bb o del podcast \u00abOye Polo\u00bb en Radio Primavera Sound.<\/p>\n<p>&nbsp;<\/p>\n<ul class=\"data-monday-blocks-wrapper\">\n<li class=\"monday-block-5\" contenteditable=\"true\" data-monday-block-type=\"5\" data-monday-block-content=\"{&quot;alignment&quot;:&quot;left&quot;,&quot;direction&quot;:&quot;ltr&quot;,&quot;deltaFormat&quot;:[{&quot;insert&quot;:&quot;12:00 - 13:00:&quot;,&quot;attributes&quot;:{&quot;bold&quot;:true,&quot;sanitizedSize&quot;:&quot;16px&quot;}},{&quot;insert&quot;:&quot; C\u00f2ctel &quot;,&quot;attributes&quot;:{&quot;sanitizedSize&quot;:&quot;16px&quot;}},{&quot;insert&quot;:&quot;de n&quot;},{&quot;insert&quot;:&quot;etworking&quot;,&quot;attributes&quot;:{&quot;sanitizedSize&quot;:&quot;16px&quot;}},{&quot;insert&quot;:&quot;.&quot;}],&quot;base64Encoded&quot;:&quot;AgmZ4PmjDAAGAQl0ZXh0QmxvY2sEYm9sZAR0cnVlhpng+aMMAA1zYW5pdGl6ZWRTaXplBiIxNnB4IoSZ4PmjDAEOMTI6MDAgLSAxMzowMDqGmeD5owwPBGJvbGQEbnVsbIGZ4PmjDBAChJng+aMMEgkgQ8OyY3RlbCCBmeD5owwaAYSZ4PmjDBsJZXR3b3JraW5nhpng+aMMJA1zYW5pdGl6ZWRTaXplBG51bGwFt4bR7wQAxpng+aMMGpng+aMMGw1zYW5pdGl6ZWRTaXplBG51bGzEt4bR7wQAmeD5owwbAWTGt4bR7wQBmeD5owwbDXNhbml0aXplZFNpemUGIjE2cHgixLeG0e8EAbeG0e8EAgNlIG6EmeD5owwlAS4BmeD5owwCEQIbAQ==&quot;}\" data-monday-block-id=\"590ffd1e-c40f-4287-987e-4a1fa3b88802\"><strong>12:00 &#8211; 13:00:<\/strong> C\u00f3ctel\u00a0de networking.<\/li>\n<\/ul>\n<p>&nbsp;<\/p>\n<ul class=\"data-monday-blocks-wrapper\">\n<li class=\"monday-block-5\" contenteditable=\"true\" data-monday-block-type=\"5\" data-monday-block-content=\"{&quot;alignment&quot;:&quot;left&quot;,&quot;direction&quot;:&quot;ltr&quot;,&quot;deltaFormat&quot;:[{&quot;insert&quot;:&quot;13:00 - 14:00:&quot;,&quot;attributes&quot;:{&quot;bold&quot;:true,&quot;sanitizedSize&quot;:&quot;16px&quot;}},{&quot;insert&quot;:&quot; &quot;,&quot;attributes&quot;:{&quot;sanitizedSize&quot;:&quot;16px&quot;}},{&quot;insert&quot;:&quot;La producci\u00f3 audiovisual al voltant de l'stand-up&quot;,&quot;attributes&quot;:{&quot;italic&quot;:true,&quot;sanitizedSize&quot;:&quot;16px&quot;}},{&quot;insert&quot;:&quot;: e&quot;,&quot;attributes&quot;:{&quot;italic&quot;:true}},{&quot;insert&quot;:&quot;special o no especial?&quot;,&quot;attributes&quot;:{&quot;italic&quot;:true,&quot;sanitizedSize&quot;:&quot;16px&quot;}},{&quot;insert&quot;:&quot; &quot;,&quot;attributes&quot;:{&quot;sanitizedSize&quot;:&quot;16px&quot;}},{&quot;insert&quot;:&quot;Discussi\u00f3 i taula rodona &quot;},{&quot;insert&quot;:&quot;sobre els reptes i oportunitats de portar l'stand-up al format audiovisual i la seva viabilitat en diferents plataformes.&quot;,&quot;attributes&quot;:{&quot;sanitizedSize&quot;:&quot;16px&quot;}}],&quot;base64Encoded&quot;:&quot;AhDZu5LPCQDG3\/KqlgMn3\/KqlgMoBml0YWxpYwR0cnVlxt\/yqpYDcd\/yqpYDcgZpdGFsaWMEbnVsbMbf8qqWA1vf8qqWA1wNc2FuaXRpemVkU2l6ZQRudWxsxNm7ks8JAt\/yqpYDXAE6xtm7ks8JA9\/yqpYDXA1zYW5pdGl6ZWRTaXplBiIxNnB4IsTZu5LPCQPZu5LPCQQCIGXG3\/KqlgNy3\/KqlgNzDXNhbml0aXplZFNpemUEbnVsbMHZu5LPCQff8qqWA3MBxtm7ks8JCN\/yqpYDcw1zYW5pdGl6ZWRTaXplBiIxNnB4IsHZu5LPCQjZu5LPCQkMwdm7ks8JFdm7ks8JCQbB2buSzwkV2buSzwkWB8TZu5LPCSLZu5LPCRYIRGlzY3Vzc2nB2buSzwkq2buSzwkWAcTZu5LPCSrZu5LPCSsCw7PE2buSzwkr2buSzwkWECBpIHRhdWxhIHJvZG9uYSAO3\/KqlgMABgEJdGV4dEJsb2NrBGJvbGQEdHJ1ZYbf8qqWAwANc2FuaXRpemVkU2l6ZQYiMTZweCKE3\/KqlgMBDjEzOjAwIC0gMTQ6MDA6ht\/yqpYDDwRib2xkBG51bGyB3\/KqlgMQAoTf8qqWAxIBIIHf8qqWAxMUhN\/yqpYDJzJMYSBwcm9kdWNjacOzIGF1ZGlvdmlzdWFsIGFsIHZvbHRhbnQgZGUgbCdzdGFuZC11cIHf8qqWA1gDhN\/yqpYDWxZzcGVjaWFsIG8gbm8gZXNwZWNpYWw\/hN\/yqpYDcQEggd\/yqpYDcgqE3\/KqlgN8eXNvYnJlIGVscyByZXB0ZXMgaSBvcG9ydHVuaXRhdHMgZGUgcG9ydGFyIGwnc3RhbmQtdXAgYWwgZm9ybWF0IGF1ZGlvdmlzdWFsIGkgbGEgc2V2YSB2aWFiaWxpdGF0IGVuIGRpZmVyZW50cyBwbGF0YWZvcm1lcy6G3\/KqlgP1AQ1zYW5pdGl6ZWRTaXplBG51bGwC3\/KqlgMEEQIUFFkDcwrZu5LPCQMIAQoZKwE=&quot;}\" data-monday-block-id=\"7968b8dd-918a-495a-b3ca-b2e141d0a6b9\"><strong>13:00 &#8211; 14:00:<\/strong> <em>La producci\u00f3n audiovisual en torno al stand-up: \u00bfespecial o no especial? <\/em>Discusi\u00f3n y mesa redonda sobre los retos y oportunidades de llevar el stand-up al formato audiovisual y su viabilidad en diferentes plataformas.<\/li>\n<\/ul>\n<p><span style=\"text-decoration: underline;\">Ponentes:<\/span><\/p>\n<p><strong>Soraya N\u00e1rez: <\/strong>Creadora de contenido y c\u00f3mica de stand-up. Su incursi\u00f3n en la comedia empez\u00f3 en Londres, donde lleva m\u00e1s de un a\u00f1o actuando en el espacio de comedia en espa\u00f1ol \u201cComedy Por Favor\u201d.<\/p>\n<p><strong>Guillem Sans: <\/strong>Director de contenidos y comunicaci\u00f3n de Minoria Absoluta y productor ejecutivo de programas como \u201cPol\u00f2nia\u201d o \u201cEst\u00e0 Passant\u201d. Director del programa de TV3 \u201cAPM?\u201d de 2007 a 2022.<\/p>\n<p><strong>Joan L\u00f3pez Alonso: <\/strong>Editor de contenidos en Filmin y coordinador de Filmin Comedy. Director y programador del PLA, Festival de Cine Rural de Juneda. Tambi\u00e9n ha trabajado en Filmax y ha colaborado con documentales, programas y concursos de cine.<\/p>\n<p><strong>Adri\u00e0 Serra:\u00a0<\/strong>Jefe de contenidos digitales y transmedia de 3Cat.<\/p>\n<p><strong>David Lillo:<\/strong> Jefe de contenidos de El Terrat.<\/p>\n<p><span style=\"text-decoration: underline;\">Modera:<\/span><\/p>\n<p><strong>Oriol de Balanz\u00f3: <\/strong>Subdirector y guionista del programa de RAC1 \u00abLa Compet\u00e8ncia\u00bb. Director de Hil\u00e0ria y del festival Cru\u00eflla Com\u00e8dia. Miembro fundador del Americana, el festival de cine independiente estadounidense de Barcelona.<\/p>\n<p>&nbsp;<\/p>\n<ul class=\"data-monday-blocks-wrapper\">\n<li class=\"monday-block-5\" contenteditable=\"true\" data-monday-block-type=\"5\" data-monday-block-content=\"{&quot;alignment&quot;:&quot;left&quot;,&quot;direction&quot;:&quot;ltr&quot;,&quot;deltaFormat&quot;:[{&quot;insert&quot;:&quot;14:00 - 15:00:&quot;,&quot;attributes&quot;:{&quot;bold&quot;:true,&quot;sanitizedSize&quot;:&quot;16px&quot;}},{&quot;insert&quot;:&quot; Dinar&quot;,&quot;attributes&quot;:{&quot;sanitizedSize&quot;:&quot;16px&quot;}},{&quot;insert&quot;:&quot;.&quot;}],&quot;base64Encoded&quot;:&quot;AgGwxrr2CQCEt96W9QUZAS4Ht96W9QUABgEJdGV4dEJsb2NrBGJvbGQEdHJ1ZYa33pb1BQANc2FuaXRpemVkU2l6ZQYiMTZweCKEt96W9QUBDjE0OjAwIC0gMTU6MDA6hrfelvUFDwRib2xkBG51bGyBt96W9QUQAoS33pb1BRIGIERpbmFyhrfelvUFGA1zYW5pdGl6ZWRTaXplBG51bGwBt96W9QUBEQI=&quot;}\" data-monday-block-id=\"21a3d4d1-7cda-4139-a233-949be623f1c4\"><strong>14:00 &#8211; 15:00:<\/strong> Comida.<\/li>\n<\/ul>\n","protected":false},"excerpt":{"rendered":"<p>STAND-UP PRO: 1A JORNADA PROFESIONAL DE COMEDIA El pr\u00f3ximo mi\u00e9rcoles 13 de noviembre de 10h a 15h en El Molino tendr\u00e1 lugar el primer encuentro de [&hellip;]<\/p>\n","protected":false},"author":3,"featured_media":7394,"parent":0,"menu_order":0,"comment_status":"closed","ping_status":"closed","template":"page-templates\/page-landing.php","meta":{"_acf_changed":false,"footnotes":""},"class_list":["post-7471","page","type-page","status-publish","has-post-thumbnail","hentry"],"acf":[],"yoast_head":"<!-- This site is optimized with the Yoast SEO plugin v27.3 - https:\/\/yoast.com\/product\/yoast-seo-wordpress\/ -->\n<title>Jornada Profesional de Comedia - Cru\u00eflla Concerts<\/title>\n<meta name=\"robots\" content=\"index, follow, max-snippet:-1, max-image-preview:large, max-video-preview:-1\" \/>\n<link rel=\"canonical\" href=\"https:\/\/www.cruillaconcerts.cat\/es\/jornada-profesional-de-comedia\/\" \/>\n<meta property=\"og:locale\" content=\"es_ES\" \/>\n<meta property=\"og:type\" content=\"article\" \/>\n<meta property=\"og:title\" content=\"Jornada Profesional de Comedia - Cru\u00eflla Concerts\" \/>\n<meta property=\"og:description\" content=\"STAND-UP PRO: 1A JORNADA PROFESIONAL DE COMEDIA El pr\u00f3ximo mi\u00e9rcoles 13 de noviembre de 10h a 15h en El Molino tendr\u00e1 lugar el primer encuentro de [&hellip;]\" \/>\n<meta property=\"og:url\" content=\"https:\/\/www.cruillaconcerts.cat\/es\/jornada-profesional-de-comedia\/\" \/>\n<meta property=\"og:site_name\" content=\"Cru\u00eflla Concerts\" \/>\n<meta property=\"article:modified_time\" content=\"2024-11-11T09:39:59+00:00\" \/>\n<meta property=\"og:image\" content=\"https:\/\/www.cruillaconcerts.cat\/wp-content\/uploads\/2024\/10\/Landings_Comedia24_Jornades_Desktop_CA.jpg\" \/>\n\t<meta property=\"og:image:width\" content=\"1500\" \/>\n\t<meta property=\"og:image:height\" content=\"500\" \/>\n\t<meta property=\"og:image:type\" content=\"image\/jpeg\" \/>\n<meta name=\"twitter:card\" content=\"summary_large_image\" \/>\n<meta name=\"twitter:label1\" content=\"Tiempo de lectura\" \/>\n\t<meta name=\"twitter:data1\" content=\"3 minutos\" \/>\n<script type=\"application\/ld+json\" class=\"yoast-schema-graph\">{\"@context\":\"https:\\\/\\\/schema.org\",\"@graph\":[{\"@type\":\"WebPage\",\"@id\":\"https:\\\/\\\/www.cruillaconcerts.cat\\\/es\\\/jornada-profesional-de-comedia\\\/\",\"url\":\"https:\\\/\\\/www.cruillaconcerts.cat\\\/es\\\/jornada-profesional-de-comedia\\\/\",\"name\":\"Jornada Profesional de Comedia - Cru\u00eflla Concerts\",\"isPartOf\":{\"@id\":\"https:\\\/\\\/www.cruillaconcerts.cat\\\/es\\\/#website\"},\"primaryImageOfPage\":{\"@id\":\"https:\\\/\\\/www.cruillaconcerts.cat\\\/es\\\/jornada-profesional-de-comedia\\\/#primaryimage\"},\"image\":{\"@id\":\"https:\\\/\\\/www.cruillaconcerts.cat\\\/es\\\/jornada-profesional-de-comedia\\\/#primaryimage\"},\"thumbnailUrl\":\"https:\\\/\\\/www.cruillaconcerts.cat\\\/wp-content\\\/uploads\\\/2024\\\/10\\\/Landings_Comedia24_Jornades_Desktop_CA.jpg\",\"datePublished\":\"2024-10-02T09:54:33+00:00\",\"dateModified\":\"2024-11-11T09:39:59+00:00\",\"breadcrumb\":{\"@id\":\"https:\\\/\\\/www.cruillaconcerts.cat\\\/es\\\/jornada-profesional-de-comedia\\\/#breadcrumb\"},\"inLanguage\":\"es\",\"potentialAction\":[{\"@type\":\"ReadAction\",\"target\":[\"https:\\\/\\\/www.cruillaconcerts.cat\\\/es\\\/jornada-profesional-de-comedia\\\/\"]}]},{\"@type\":\"ImageObject\",\"inLanguage\":\"es\",\"@id\":\"https:\\\/\\\/www.cruillaconcerts.cat\\\/es\\\/jornada-profesional-de-comedia\\\/#primaryimage\",\"url\":\"https:\\\/\\\/www.cruillaconcerts.cat\\\/wp-content\\\/uploads\\\/2024\\\/10\\\/Landings_Comedia24_Jornades_Desktop_CA.jpg\",\"contentUrl\":\"https:\\\/\\\/www.cruillaconcerts.cat\\\/wp-content\\\/uploads\\\/2024\\\/10\\\/Landings_Comedia24_Jornades_Desktop_CA.jpg\",\"width\":1500,\"height\":500},{\"@type\":\"BreadcrumbList\",\"@id\":\"https:\\\/\\\/www.cruillaconcerts.cat\\\/es\\\/jornada-profesional-de-comedia\\\/#breadcrumb\",\"itemListElement\":[{\"@type\":\"ListItem\",\"position\":1,\"name\":\"Home\",\"item\":\"https:\\\/\\\/www.cruillaconcerts.cat\\\/es\\\/\"},{\"@type\":\"ListItem\",\"position\":2,\"name\":\"Jornada Profesional de Comedia\"}]},{\"@type\":\"WebSite\",\"@id\":\"https:\\\/\\\/www.cruillaconcerts.cat\\\/es\\\/#website\",\"url\":\"https:\\\/\\\/www.cruillaconcerts.cat\\\/es\\\/\",\"name\":\"Cru\u00eflla Concerts\",\"description\":\"\",\"potentialAction\":[{\"@type\":\"SearchAction\",\"target\":{\"@type\":\"EntryPoint\",\"urlTemplate\":\"https:\\\/\\\/www.cruillaconcerts.cat\\\/es\\\/?s={search_term_string}\"},\"query-input\":{\"@type\":\"PropertyValueSpecification\",\"valueRequired\":true,\"valueName\":\"search_term_string\"}}],\"inLanguage\":\"es\"}]}<\/script>\n<!-- \/ Yoast SEO plugin. -->","yoast_head_json":{"title":"Jornada Profesional de Comedia - Cru\u00eflla Concerts","robots":{"index":"index","follow":"follow","max-snippet":"max-snippet:-1","max-image-preview":"max-image-preview:large","max-video-preview":"max-video-preview:-1"},"canonical":"https:\/\/www.cruillaconcerts.cat\/es\/jornada-profesional-de-comedia\/","og_locale":"es_ES","og_type":"article","og_title":"Jornada Profesional de Comedia - Cru\u00eflla Concerts","og_description":"STAND-UP PRO: 1A JORNADA PROFESIONAL DE COMEDIA El pr\u00f3ximo mi\u00e9rcoles 13 de noviembre de 10h a 15h en El Molino tendr\u00e1 lugar el primer encuentro de [&hellip;]","og_url":"https:\/\/www.cruillaconcerts.cat\/es\/jornada-profesional-de-comedia\/","og_site_name":"Cru\u00eflla Concerts","article_modified_time":"2024-11-11T09:39:59+00:00","og_image":[{"width":1500,"height":500,"url":"https:\/\/www.cruillaconcerts.cat\/wp-content\/uploads\/2024\/10\/Landings_Comedia24_Jornades_Desktop_CA.jpg","type":"image\/jpeg"}],"twitter_card":"summary_large_image","twitter_misc":{"Tiempo de lectura":"3 minutos"},"schema":{"@context":"https:\/\/schema.org","@graph":[{"@type":"WebPage","@id":"https:\/\/www.cruillaconcerts.cat\/es\/jornada-profesional-de-comedia\/","url":"https:\/\/www.cruillaconcerts.cat\/es\/jornada-profesional-de-comedia\/","name":"Jornada Profesional de Comedia - Cru\u00eflla Concerts","isPartOf":{"@id":"https:\/\/www.cruillaconcerts.cat\/es\/#website"},"primaryImageOfPage":{"@id":"https:\/\/www.cruillaconcerts.cat\/es\/jornada-profesional-de-comedia\/#primaryimage"},"image":{"@id":"https:\/\/www.cruillaconcerts.cat\/es\/jornada-profesional-de-comedia\/#primaryimage"},"thumbnailUrl":"https:\/\/www.cruillaconcerts.cat\/wp-content\/uploads\/2024\/10\/Landings_Comedia24_Jornades_Desktop_CA.jpg","datePublished":"2024-10-02T09:54:33+00:00","dateModified":"2024-11-11T09:39:59+00:00","breadcrumb":{"@id":"https:\/\/www.cruillaconcerts.cat\/es\/jornada-profesional-de-comedia\/#breadcrumb"},"inLanguage":"es","potentialAction":[{"@type":"ReadAction","target":["https:\/\/www.cruillaconcerts.cat\/es\/jornada-profesional-de-comedia\/"]}]},{"@type":"ImageObject","inLanguage":"es","@id":"https:\/\/www.cruillaconcerts.cat\/es\/jornada-profesional-de-comedia\/#primaryimage","url":"https:\/\/www.cruillaconcerts.cat\/wp-content\/uploads\/2024\/10\/Landings_Comedia24_Jornades_Desktop_CA.jpg","contentUrl":"https:\/\/www.cruillaconcerts.cat\/wp-content\/uploads\/2024\/10\/Landings_Comedia24_Jornades_Desktop_CA.jpg","width":1500,"height":500},{"@type":"BreadcrumbList","@id":"https:\/\/www.cruillaconcerts.cat\/es\/jornada-profesional-de-comedia\/#breadcrumb","itemListElement":[{"@type":"ListItem","position":1,"name":"Home","item":"https:\/\/www.cruillaconcerts.cat\/es\/"},{"@type":"ListItem","position":2,"name":"Jornada Profesional de Comedia"}]},{"@type":"WebSite","@id":"https:\/\/www.cruillaconcerts.cat\/es\/#website","url":"https:\/\/www.cruillaconcerts.cat\/es\/","name":"Cru\u00eflla Concerts","description":"","potentialAction":[{"@type":"SearchAction","target":{"@type":"EntryPoint","urlTemplate":"https:\/\/www.cruillaconcerts.cat\/es\/?s={search_term_string}"},"query-input":{"@type":"PropertyValueSpecification","valueRequired":true,"valueName":"search_term_string"}}],"inLanguage":"es"}]}},"_links":{"self":[{"href":"https:\/\/www.cruillaconcerts.cat\/es\/wp-json\/wp\/v2\/pages\/7471","targetHints":{"allow":["GET"]}}],"collection":[{"href":"https:\/\/www.cruillaconcerts.cat\/es\/wp-json\/wp\/v2\/pages"}],"about":[{"href":"https:\/\/www.cruillaconcerts.cat\/es\/wp-json\/wp\/v2\/types\/page"}],"author":[{"embeddable":true,"href":"https:\/\/www.cruillaconcerts.cat\/es\/wp-json\/wp\/v2\/users\/3"}],"replies":[{"embeddable":true,"href":"https:\/\/www.cruillaconcerts.cat\/es\/wp-json\/wp\/v2\/comments?post=7471"}],"version-history":[{"count":5,"href":"https:\/\/www.cruillaconcerts.cat\/es\/wp-json\/wp\/v2\/pages\/7471\/revisions"}],"predecessor-version":[{"id":7935,"href":"https:\/\/www.cruillaconcerts.cat\/es\/wp-json\/wp\/v2\/pages\/7471\/revisions\/7935"}],"wp:featuredmedia":[{"embeddable":true,"href":"https:\/\/www.cruillaconcerts.cat\/es\/wp-json\/wp\/v2\/media\/7394"}],"wp:attachment":[{"href":"https:\/\/www.cruillaconcerts.cat\/es\/wp-json\/wp\/v2\/media?parent=7471"}],"curies":[{"name":"wp","href":"https:\/\/api.w.org\/{rel}","templated":true}]}}