{"id":7923,"date":"2024-11-08T15:25:07","date_gmt":"2024-11-08T15:25:07","guid":{"rendered":"https:\/\/www.cruillaconcerts.cat\/horaris-cruilla-comedia-2024\/"},"modified":"2024-11-12T12:22:14","modified_gmt":"2024-11-12T12:22:14","slug":"horaris-cruilla-comedia-2024","status":"publish","type":"page","link":"https:\/\/www.cruillaconcerts.cat\/es\/horaris-cruilla-comedia-2024\/","title":{"rendered":"Horarios Cru\u00eflla Com\u00e8dia 2024"},"content":{"rendered":"<p><img loading=\"lazy\" decoding=\"async\" width=\"2400\" height=\"1200\" class=\"alignnone size-full wp-image-7975\" src=\"https:\/\/www.cruillaconcerts.cat\/wp-content\/uploads\/2024\/11\/CC24_Horaris_Web-3.png\" alt=\"\" srcset=\"https:\/\/www.cruillaconcerts.cat\/wp-content\/uploads\/2024\/11\/CC24_Horaris_Web-3.png 2400w, https:\/\/www.cruillaconcerts.cat\/wp-content\/uploads\/2024\/11\/CC24_Horaris_Web-3-1024x512.png 1024w, https:\/\/www.cruillaconcerts.cat\/wp-content\/uploads\/2024\/11\/CC24_Horaris_Web-3-768x384.png 768w, https:\/\/www.cruillaconcerts.cat\/wp-content\/uploads\/2024\/11\/CC24_Horaris_Web-3-1536x768.png 1536w, https:\/\/www.cruillaconcerts.cat\/wp-content\/uploads\/2024\/11\/CC24_Horaris_Web-3-2048x1024.png 2048w, https:\/\/www.cruillaconcerts.cat\/wp-content\/uploads\/2024\/11\/CC24_Horaris_Web-3-300x150.png 300w, https:\/\/www.cruillaconcerts.cat\/wp-content\/uploads\/2024\/11\/CC24_Horaris_Web-3-1500x750.png 1500w\" sizes=\"auto, (max-width: 2400px) 100vw, 2400px\" \/><\/p>\n","protected":false},"excerpt":{"rendered":"","protected":false},"author":3,"featured_media":0,"parent":0,"menu_order":0,"comment_status":"closed","ping_status":"closed","template":"page-templates\/page-full.php","meta":{"_acf_changed":false,"footnotes":""},"class_list":["post-7923","page","type-page","status-publish","hentry"],"acf":[],"yoast_head":"<!-- This site is optimized with the Yoast SEO plugin v27.3 - https:\/\/yoast.com\/product\/yoast-seo-wordpress\/ -->\n<title>Horarios Cru\u00eflla Com\u00e8dia 2024 - Cru\u00eflla Concerts<\/title>\n<meta name=\"robots\" content=\"index, follow, max-snippet:-1, max-image-preview:large, max-video-preview:-1\" \/>\n<link rel=\"canonical\" href=\"https:\/\/www.cruillaconcerts.cat\/es\/horaris-cruilla-comedia-2024\/\" \/>\n<meta property=\"og:locale\" content=\"es_ES\" \/>\n<meta property=\"og:type\" content=\"article\" \/>\n<meta property=\"og:title\" content=\"Horarios Cru\u00eflla Com\u00e8dia 2024 - Cru\u00eflla Concerts\" \/>\n<meta property=\"og:url\" content=\"https:\/\/www.cruillaconcerts.cat\/es\/horaris-cruilla-comedia-2024\/\" \/>\n<meta property=\"og:site_name\" content=\"Cru\u00eflla Concerts\" \/>\n<meta property=\"article:modified_time\" content=\"2024-11-12T12:22:14+00:00\" \/>\n<meta property=\"og:image\" content=\"https:\/\/www.cruillaconcerts.cat\/wp-content\/uploads\/2024\/11\/CC24_Horaris_Web-3.png\" \/>\n<meta name=\"twitter:card\" content=\"summary_large_image\" \/>\n<meta name=\"twitter:label1\" content=\"Tiempo de lectura\" \/>\n\t<meta name=\"twitter:data1\" content=\"1 minuto\" \/>\n<script type=\"application\/ld+json\" class=\"yoast-schema-graph\">{\"@context\":\"https:\\\/\\\/schema.org\",\"@graph\":[{\"@type\":\"WebPage\",\"@id\":\"https:\\\/\\\/www.cruillaconcerts.cat\\\/es\\\/horaris-cruilla-comedia-2024\\\/\",\"url\":\"https:\\\/\\\/www.cruillaconcerts.cat\\\/es\\\/horaris-cruilla-comedia-2024\\\/\",\"name\":\"Horarios Cru\u00eflla Com\u00e8dia 2024 - Cru\u00eflla Concerts\",\"isPartOf\":{\"@id\":\"https:\\\/\\\/www.cruillaconcerts.cat\\\/es\\\/#website\"},\"primaryImageOfPage\":{\"@id\":\"https:\\\/\\\/www.cruillaconcerts.cat\\\/es\\\/horaris-cruilla-comedia-2024\\\/#primaryimage\"},\"image\":{\"@id\":\"https:\\\/\\\/www.cruillaconcerts.cat\\\/es\\\/horaris-cruilla-comedia-2024\\\/#primaryimage\"},\"thumbnailUrl\":\"https:\\\/\\\/www.cruillaconcerts.cat\\\/wp-content\\\/uploads\\\/2024\\\/11\\\/CC24_Horaris_Web-3.png\",\"datePublished\":\"2024-11-08T15:25:07+00:00\",\"dateModified\":\"2024-11-12T12:22:14+00:00\",\"breadcrumb\":{\"@id\":\"https:\\\/\\\/www.cruillaconcerts.cat\\\/es\\\/horaris-cruilla-comedia-2024\\\/#breadcrumb\"},\"inLanguage\":\"es\",\"potentialAction\":[{\"@type\":\"ReadAction\",\"target\":[\"https:\\\/\\\/www.cruillaconcerts.cat\\\/es\\\/horaris-cruilla-comedia-2024\\\/\"]}]},{\"@type\":\"ImageObject\",\"inLanguage\":\"es\",\"@id\":\"https:\\\/\\\/www.cruillaconcerts.cat\\\/es\\\/horaris-cruilla-comedia-2024\\\/#primaryimage\",\"url\":\"https:\\\/\\\/www.cruillaconcerts.cat\\\/wp-content\\\/uploads\\\/2024\\\/11\\\/CC24_Horaris_Web-3.png\",\"contentUrl\":\"https:\\\/\\\/www.cruillaconcerts.cat\\\/wp-content\\\/uploads\\\/2024\\\/11\\\/CC24_Horaris_Web-3.png\"},{\"@type\":\"BreadcrumbList\",\"@id\":\"https:\\\/\\\/www.cruillaconcerts.cat\\\/es\\\/horaris-cruilla-comedia-2024\\\/#breadcrumb\",\"itemListElement\":[{\"@type\":\"ListItem\",\"position\":1,\"name\":\"Home\",\"item\":\"https:\\\/\\\/www.cruillaconcerts.cat\\\/es\\\/\"},{\"@type\":\"ListItem\",\"position\":2,\"name\":\"Horarios Cru\u00eflla Com\u00e8dia 2024\"}]},{\"@type\":\"WebSite\",\"@id\":\"https:\\\/\\\/www.cruillaconcerts.cat\\\/es\\\/#website\",\"url\":\"https:\\\/\\\/www.cruillaconcerts.cat\\\/es\\\/\",\"name\":\"Cru\u00eflla Concerts\",\"description\":\"\",\"potentialAction\":[{\"@type\":\"SearchAction\",\"target\":{\"@type\":\"EntryPoint\",\"urlTemplate\":\"https:\\\/\\\/www.cruillaconcerts.cat\\\/es\\\/?s={search_term_string}\"},\"query-input\":{\"@type\":\"PropertyValueSpecification\",\"valueRequired\":true,\"valueName\":\"search_term_string\"}}],\"inLanguage\":\"es\"}]}<\/script>\n<!-- \/ Yoast SEO plugin. -->","yoast_head_json":{"title":"Horarios Cru\u00eflla Com\u00e8dia 2024 - Cru\u00eflla Concerts","robots":{"index":"index","follow":"follow","max-snippet":"max-snippet:-1","max-image-preview":"max-image-preview:large","max-video-preview":"max-video-preview:-1"},"canonical":"https:\/\/www.cruillaconcerts.cat\/es\/horaris-cruilla-comedia-2024\/","og_locale":"es_ES","og_type":"article","og_title":"Horarios Cru\u00eflla Com\u00e8dia 2024 - Cru\u00eflla Concerts","og_url":"https:\/\/www.cruillaconcerts.cat\/es\/horaris-cruilla-comedia-2024\/","og_site_name":"Cru\u00eflla Concerts","article_modified_time":"2024-11-12T12:22:14+00:00","og_image":[{"url":"https:\/\/www.cruillaconcerts.cat\/wp-content\/uploads\/2024\/11\/CC24_Horaris_Web-3.png","type":"","width":"","height":""}],"twitter_card":"summary_large_image","twitter_misc":{"Tiempo de lectura":"1 minuto"},"schema":{"@context":"https:\/\/schema.org","@graph":[{"@type":"WebPage","@id":"https:\/\/www.cruillaconcerts.cat\/es\/horaris-cruilla-comedia-2024\/","url":"https:\/\/www.cruillaconcerts.cat\/es\/horaris-cruilla-comedia-2024\/","name":"Horarios Cru\u00eflla Com\u00e8dia 2024 - Cru\u00eflla Concerts","isPartOf":{"@id":"https:\/\/www.cruillaconcerts.cat\/es\/#website"},"primaryImageOfPage":{"@id":"https:\/\/www.cruillaconcerts.cat\/es\/horaris-cruilla-comedia-2024\/#primaryimage"},"image":{"@id":"https:\/\/www.cruillaconcerts.cat\/es\/horaris-cruilla-comedia-2024\/#primaryimage"},"thumbnailUrl":"https:\/\/www.cruillaconcerts.cat\/wp-content\/uploads\/2024\/11\/CC24_Horaris_Web-3.png","datePublished":"2024-11-08T15:25:07+00:00","dateModified":"2024-11-12T12:22:14+00:00","breadcrumb":{"@id":"https:\/\/www.cruillaconcerts.cat\/es\/horaris-cruilla-comedia-2024\/#breadcrumb"},"inLanguage":"es","potentialAction":[{"@type":"ReadAction","target":["https:\/\/www.cruillaconcerts.cat\/es\/horaris-cruilla-comedia-2024\/"]}]},{"@type":"ImageObject","inLanguage":"es","@id":"https:\/\/www.cruillaconcerts.cat\/es\/horaris-cruilla-comedia-2024\/#primaryimage","url":"https:\/\/www.cruillaconcerts.cat\/wp-content\/uploads\/2024\/11\/CC24_Horaris_Web-3.png","contentUrl":"https:\/\/www.cruillaconcerts.cat\/wp-content\/uploads\/2024\/11\/CC24_Horaris_Web-3.png"},{"@type":"BreadcrumbList","@id":"https:\/\/www.cruillaconcerts.cat\/es\/horaris-cruilla-comedia-2024\/#breadcrumb","itemListElement":[{"@type":"ListItem","position":1,"name":"Home","item":"https:\/\/www.cruillaconcerts.cat\/es\/"},{"@type":"ListItem","position":2,"name":"Horarios Cru\u00eflla Com\u00e8dia 2024"}]},{"@type":"WebSite","@id":"https:\/\/www.cruillaconcerts.cat\/es\/#website","url":"https:\/\/www.cruillaconcerts.cat\/es\/","name":"Cru\u00eflla Concerts","description":"","potentialAction":[{"@type":"SearchAction","target":{"@type":"EntryPoint","urlTemplate":"https:\/\/www.cruillaconcerts.cat\/es\/?s={search_term_string}"},"query-input":{"@type":"PropertyValueSpecification","valueRequired":true,"valueName":"search_term_string"}}],"inLanguage":"es"}]}},"_links":{"self":[{"href":"https:\/\/www.cruillaconcerts.cat\/es\/wp-json\/wp\/v2\/pages\/7923","targetHints":{"allow":["GET"]}}],"collection":[{"href":"https:\/\/www.cruillaconcerts.cat\/es\/wp-json\/wp\/v2\/pages"}],"about":[{"href":"https:\/\/www.cruillaconcerts.cat\/es\/wp-json\/wp\/v2\/types\/page"}],"author":[{"embeddable":true,"href":"https:\/\/www.cruillaconcerts.cat\/es\/wp-json\/wp\/v2\/users\/3"}],"replies":[{"embeddable":true,"href":"https:\/\/www.cruillaconcerts.cat\/es\/wp-json\/wp\/v2\/comments?post=7923"}],"version-history":[{"count":4,"href":"https:\/\/www.cruillaconcerts.cat\/es\/wp-json\/wp\/v2\/pages\/7923\/revisions"}],"predecessor-version":[{"id":7979,"href":"https:\/\/www.cruillaconcerts.cat\/es\/wp-json\/wp\/v2\/pages\/7923\/revisions\/7979"}],"wp:attachment":[{"href":"https:\/\/www.cruillaconcerts.cat\/es\/wp-json\/wp\/v2\/media?parent=7923"}],"curies":[{"name":"wp","href":"https:\/\/api.w.org\/{rel}","templated":true}]}}