{"id":8424,"date":"2025-03-17T16:57:04","date_gmt":"2025-03-17T16:57:04","guid":{"rendered":"https:\/\/www.cruillaconcerts.cat\/cicles-concerts-cruilla\/"},"modified":"2025-05-13T11:47:04","modified_gmt":"2025-05-13T11:47:04","slug":"cicles-concerts-cruilla","status":"publish","type":"page","link":"https:\/\/www.cruillaconcerts.cat\/es\/cicles-concerts-cruilla\/","title":{"rendered":"Cicles Concerts Cru\u00eflla"},"content":{"rendered":"<h1 style=\"text-align: center;\"><span style=\"font-weight: 400;\">\u00a1M\u00daSICA TODO EL A\u00d1O!<\/span><\/h1>\n<p>El Festival Cru\u00eflla nos regala verano tras verano los mejores cuatro d\u00edas del a\u00f1o. Una oferta musical sin comparaci\u00f3n, ecl\u00e9ctica y diversa en todos los sentidos de la palabra, concentrada en un \u00fanico lugar, el Parc del F\u00f2rum de Barcelona, durante la primera semana de julio. Pero lejos de hartarnos de m\u00fasica en directo, el Cru\u00eflla siempre nos deja con ganas de m\u00e1s, por eso desplegamos su esencia durante el resto de estaciones del a\u00f1o por toda la ciudad. De esta manera, tanto en oto\u00f1o como en invierno podemos disfrutar de una parte del festival en diversos recintos y teatros de Barcelona, en cada rinc\u00f3n de la ciudad.<\/p>\n<p>As\u00ed, los artistas emergentes del momento comparten programaci\u00f3n con grupos de larga trayectoria, el mejor talento local y nacional con figuras de referencia internacional y representantes del pop o el rock con t\u00f3tems de la m\u00fasica tradicional o electr\u00f3nica, entre muchos otros g\u00e9neros. Todo lo que te podr\u00edas imaginar formando parte de un cartel del Festival Cru\u00eflla de verano pero con una proximidad y calidez que solo las salas de conciertos y la singularidad del resto de estaciones del a\u00f1o pueden darles. Un sabor de la experiencia de julio para olvidar por unos instantes la voracidad de la rutina e ir haciendo la boca agua pensando en el pr\u00f3ximo verano.<\/p>\n<h3>CICLO CRU\u00cfLLA TARDOR<\/h3>\n<p data-start=\"65\" data-end=\"689\">A menudo ni siquiera sabemos explicar el porqu\u00e9, pero el oto\u00f1o tiene algo que nos llena de nostalgia, nos invita al recogimiento y nos impulsa a la tranquilidad. Quiz\u00e1s sea porque el fr\u00edo empieza a asomar entre los atardeceres y las madrugadas o porque el cuerpo nos pide descanso despu\u00e9s de todo lo que hemos vivido durante el verano. El Cru\u00eflla Oto\u00f1o, pues, acompa\u00f1a inevitablemente las emociones que emana esta estaci\u00f3n: una decena de conciertos que nos invitan a reunirnos alrededor del arte, frente a un escenario y detr\u00e1s de algunos desconocidos, para embriagarnos de una calma que, de alguna manera, el alma nos pide.<\/p>\n<p data-start=\"691\" data-end=\"1346\">Una calma, sin embargo, que no tiene por qu\u00e9 ser sin\u00f3nimo de quietud, sino que tiene m\u00e1s que ver con la paz interior que nos deja un concierto de un nuevo artista que desconoc\u00edamos, un rato bailando al ritmo de nuestro grupo favorito, los versos de esa canci\u00f3n que no podemos dejar de escuchar o la sensaci\u00f3n de ir sanando la melancol\u00eda que arrastra el oto\u00f1o. As\u00ed, aunque el Festival Cru\u00eflla de verano tiene lugar durante la primera semana de julio, gracias al Cru\u00eflla Oto\u00f1o nunca llegamos a decirle adi\u00f3s del todo, ya que este primer ciclo de la temporada replica su esencia por todos los rincones de la ciudad durante los meses de noviembre y diciembre.<\/p>\n<p><img loading=\"lazy\" decoding=\"async\" class=\"wp-image-8643 size-full aligncenter\" src=\"https:\/\/www.cruillaconcerts.cat\/wp-content\/uploads\/2025\/05\/CT25_Cartell_WebDesktop_ES-2-scaled.jpg\" alt=\"\" width=\"2560\" height=\"1041\" srcset=\"https:\/\/www.cruillaconcerts.cat\/wp-content\/uploads\/2025\/05\/CT25_Cartell_WebDesktop_ES-2-scaled.jpg 2560w, https:\/\/www.cruillaconcerts.cat\/wp-content\/uploads\/2025\/05\/CT25_Cartell_WebDesktop_ES-2-1024x416.jpg 1024w, https:\/\/www.cruillaconcerts.cat\/wp-content\/uploads\/2025\/05\/CT25_Cartell_WebDesktop_ES-2-768x312.jpg 768w, https:\/\/www.cruillaconcerts.cat\/wp-content\/uploads\/2025\/05\/CT25_Cartell_WebDesktop_ES-2-1536x625.jpg 1536w, https:\/\/www.cruillaconcerts.cat\/wp-content\/uploads\/2025\/05\/CT25_Cartell_WebDesktop_ES-2-2048x833.jpg 2048w, https:\/\/www.cruillaconcerts.cat\/wp-content\/uploads\/2025\/05\/CT25_Cartell_WebDesktop_ES-2-300x122.jpg 300w, https:\/\/www.cruillaconcerts.cat\/wp-content\/uploads\/2025\/05\/CT25_Cartell_WebDesktop_ES-2-1500x610.jpg 1500w\" sizes=\"auto, (max-width: 2560px) 100vw, 2560px\" \/><\/p>\n<hr \/>\n<p style=\"text-align: center;\"><strong><em>Compra aqu\u00ed tus entradas:<\/em><\/strong><\/p>\n<p style=\"text-align: center;\"><a class=\"efsbutton button \" target=\"_blank\">ENTRADAS<\/a><\/p>\n<hr \/>\n<h3>CICLO CRU\u00cfLLA HIVERN<\/h3>\n<p data-start=\"17\" data-end=\"509\">Cada invierno el fr\u00edo se instala en nuestras vidas sin preguntar, convirtiendo el Festival Cru\u00eflla en un recuerdo m\u00e1s lejano que nunca, ya sea por el tiempo que ha pasado desde la \u00faltima edici\u00f3n como por lo que falta para que se celebre la siguiente. A partir de 2024, sin embargo, el ciclo de conciertos Cru\u00eflla Invierno se sumar\u00e1 a la fiesta que, en realidad, caracteriza esta estaci\u00f3n: la llegada de los Reyes Magos, la celebraci\u00f3n del Carnaval y, ahora, tambi\u00e9n el nuevo Cru\u00eflla Invierno.<\/p>\n<p data-start=\"511\" data-end=\"1075\">Un ciclo para recuperar el calor corporal a base de saltos en la pista, coreograf\u00edas improvisadas y el contacto con el resto de desconocidos que, cuando termine el concierto, ya lo ser\u00e1n menos, pero tambi\u00e9n para conservar intacta la llama que nos mantiene adictos a la m\u00fasica en directo. El Cru\u00eflla Invierno se convertir\u00e1 en la excusa perfecta para comenzar el a\u00f1o con fuerza y llenar\u00e1 esta estaci\u00f3n de los planes ideales para regalarnos a nosotros mismos o a las personas que amamos: los conciertos de los grupos locales, nacionales e internacionales del momento.<\/p>\n<p style=\"text-align: center;\" data-start=\"511\" data-end=\"1075\"><em>CARTEL CRU\u00cfLLA HIVERN 2025 \u00a1MUY PRONTO!<\/em><\/p>\n","protected":false},"excerpt":{"rendered":"<p>\u00a1M\u00daSICA TODO EL A\u00d1O! El Festival Cru\u00eflla nos regala verano tras verano los mejores cuatro d\u00edas del a\u00f1o. Una oferta musical sin comparaci\u00f3n, ecl\u00e9ctica y diversa [&hellip;]<\/p>\n","protected":false},"author":3,"featured_media":8420,"parent":0,"menu_order":0,"comment_status":"closed","ping_status":"closed","template":"page-templates\/page-landing.php","meta":{"_acf_changed":false,"footnotes":""},"class_list":["post-8424","page","type-page","status-publish","has-post-thumbnail","hentry"],"acf":[],"yoast_head":"<!-- This site is optimized with the Yoast SEO plugin v27.3 - https:\/\/yoast.com\/product\/yoast-seo-wordpress\/ -->\n<title>Cicles Concerts Cru\u00eflla - Cru\u00eflla Concerts<\/title>\n<meta name=\"robots\" content=\"index, follow, max-snippet:-1, max-image-preview:large, max-video-preview:-1\" \/>\n<link rel=\"canonical\" href=\"https:\/\/www.cruillaconcerts.cat\/es\/cicles-concerts-cruilla\/\" \/>\n<meta property=\"og:locale\" content=\"es_ES\" \/>\n<meta property=\"og:type\" content=\"article\" \/>\n<meta property=\"og:title\" content=\"Cicles Concerts Cru\u00eflla - Cru\u00eflla Concerts\" \/>\n<meta property=\"og:description\" content=\"\u00a1M\u00daSICA TODO EL A\u00d1O! El Festival Cru\u00eflla nos regala verano tras verano los mejores cuatro d\u00edas del a\u00f1o. Una oferta musical sin comparaci\u00f3n, ecl\u00e9ctica y diversa [&hellip;]\" \/>\n<meta property=\"og:url\" content=\"https:\/\/www.cruillaconcerts.cat\/es\/cicles-concerts-cruilla\/\" \/>\n<meta property=\"og:site_name\" content=\"Cru\u00eflla Concerts\" \/>\n<meta property=\"article:modified_time\" content=\"2025-05-13T11:47:04+00:00\" \/>\n<meta property=\"og:image\" content=\"https:\/\/www.cruillaconcerts.cat\/wp-content\/uploads\/2025\/03\/Sergioblanquez.photo_SEXY-ZEBRA-9-1-scaled.jpg\" \/>\n\t<meta property=\"og:image:width\" content=\"2560\" \/>\n\t<meta property=\"og:image:height\" content=\"1440\" \/>\n\t<meta property=\"og:image:type\" content=\"image\/jpeg\" \/>\n<meta name=\"twitter:card\" content=\"summary_large_image\" \/>\n<meta name=\"twitter:label1\" content=\"Tiempo de lectura\" \/>\n\t<meta name=\"twitter:data1\" content=\"4 minutos\" \/>\n<script type=\"application\/ld+json\" class=\"yoast-schema-graph\">{\"@context\":\"https:\\\/\\\/schema.org\",\"@graph\":[{\"@type\":\"WebPage\",\"@id\":\"https:\\\/\\\/www.cruillaconcerts.cat\\\/es\\\/cicles-concerts-cruilla\\\/\",\"url\":\"https:\\\/\\\/www.cruillaconcerts.cat\\\/es\\\/cicles-concerts-cruilla\\\/\",\"name\":\"Cicles Concerts Cru\u00eflla - Cru\u00eflla Concerts\",\"isPartOf\":{\"@id\":\"https:\\\/\\\/www.cruillaconcerts.cat\\\/es\\\/#website\"},\"primaryImageOfPage\":{\"@id\":\"https:\\\/\\\/www.cruillaconcerts.cat\\\/es\\\/cicles-concerts-cruilla\\\/#primaryimage\"},\"image\":{\"@id\":\"https:\\\/\\\/www.cruillaconcerts.cat\\\/es\\\/cicles-concerts-cruilla\\\/#primaryimage\"},\"thumbnailUrl\":\"https:\\\/\\\/www.cruillaconcerts.cat\\\/wp-content\\\/uploads\\\/2025\\\/03\\\/Sergioblanquez.photo_SEXY-ZEBRA-9-1-scaled.jpg\",\"datePublished\":\"2025-03-17T16:57:04+00:00\",\"dateModified\":\"2025-05-13T11:47:04+00:00\",\"breadcrumb\":{\"@id\":\"https:\\\/\\\/www.cruillaconcerts.cat\\\/es\\\/cicles-concerts-cruilla\\\/#breadcrumb\"},\"inLanguage\":\"es\",\"potentialAction\":[{\"@type\":\"ReadAction\",\"target\":[\"https:\\\/\\\/www.cruillaconcerts.cat\\\/es\\\/cicles-concerts-cruilla\\\/\"]}]},{\"@type\":\"ImageObject\",\"inLanguage\":\"es\",\"@id\":\"https:\\\/\\\/www.cruillaconcerts.cat\\\/es\\\/cicles-concerts-cruilla\\\/#primaryimage\",\"url\":\"https:\\\/\\\/www.cruillaconcerts.cat\\\/wp-content\\\/uploads\\\/2025\\\/03\\\/Sergioblanquez.photo_SEXY-ZEBRA-9-1-scaled.jpg\",\"contentUrl\":\"https:\\\/\\\/www.cruillaconcerts.cat\\\/wp-content\\\/uploads\\\/2025\\\/03\\\/Sergioblanquez.photo_SEXY-ZEBRA-9-1-scaled.jpg\",\"width\":2560,\"height\":1440},{\"@type\":\"BreadcrumbList\",\"@id\":\"https:\\\/\\\/www.cruillaconcerts.cat\\\/es\\\/cicles-concerts-cruilla\\\/#breadcrumb\",\"itemListElement\":[{\"@type\":\"ListItem\",\"position\":1,\"name\":\"Home\",\"item\":\"https:\\\/\\\/www.cruillaconcerts.cat\\\/es\\\/\"},{\"@type\":\"ListItem\",\"position\":2,\"name\":\"Cicles Concerts Cru\u00eflla\"}]},{\"@type\":\"WebSite\",\"@id\":\"https:\\\/\\\/www.cruillaconcerts.cat\\\/es\\\/#website\",\"url\":\"https:\\\/\\\/www.cruillaconcerts.cat\\\/es\\\/\",\"name\":\"Cru\u00eflla Concerts\",\"description\":\"\",\"potentialAction\":[{\"@type\":\"SearchAction\",\"target\":{\"@type\":\"EntryPoint\",\"urlTemplate\":\"https:\\\/\\\/www.cruillaconcerts.cat\\\/es\\\/?s={search_term_string}\"},\"query-input\":{\"@type\":\"PropertyValueSpecification\",\"valueRequired\":true,\"valueName\":\"search_term_string\"}}],\"inLanguage\":\"es\"}]}<\/script>\n<!-- \/ Yoast SEO plugin. -->","yoast_head_json":{"title":"Cicles Concerts Cru\u00eflla - Cru\u00eflla Concerts","robots":{"index":"index","follow":"follow","max-snippet":"max-snippet:-1","max-image-preview":"max-image-preview:large","max-video-preview":"max-video-preview:-1"},"canonical":"https:\/\/www.cruillaconcerts.cat\/es\/cicles-concerts-cruilla\/","og_locale":"es_ES","og_type":"article","og_title":"Cicles Concerts Cru\u00eflla - Cru\u00eflla Concerts","og_description":"\u00a1M\u00daSICA TODO EL A\u00d1O! El Festival Cru\u00eflla nos regala verano tras verano los mejores cuatro d\u00edas del a\u00f1o. Una oferta musical sin comparaci\u00f3n, ecl\u00e9ctica y diversa [&hellip;]","og_url":"https:\/\/www.cruillaconcerts.cat\/es\/cicles-concerts-cruilla\/","og_site_name":"Cru\u00eflla Concerts","article_modified_time":"2025-05-13T11:47:04+00:00","og_image":[{"width":2560,"height":1440,"url":"https:\/\/www.cruillaconcerts.cat\/wp-content\/uploads\/2025\/03\/Sergioblanquez.photo_SEXY-ZEBRA-9-1-scaled.jpg","type":"image\/jpeg"}],"twitter_card":"summary_large_image","twitter_misc":{"Tiempo de lectura":"4 minutos"},"schema":{"@context":"https:\/\/schema.org","@graph":[{"@type":"WebPage","@id":"https:\/\/www.cruillaconcerts.cat\/es\/cicles-concerts-cruilla\/","url":"https:\/\/www.cruillaconcerts.cat\/es\/cicles-concerts-cruilla\/","name":"Cicles Concerts Cru\u00eflla - Cru\u00eflla Concerts","isPartOf":{"@id":"https:\/\/www.cruillaconcerts.cat\/es\/#website"},"primaryImageOfPage":{"@id":"https:\/\/www.cruillaconcerts.cat\/es\/cicles-concerts-cruilla\/#primaryimage"},"image":{"@id":"https:\/\/www.cruillaconcerts.cat\/es\/cicles-concerts-cruilla\/#primaryimage"},"thumbnailUrl":"https:\/\/www.cruillaconcerts.cat\/wp-content\/uploads\/2025\/03\/Sergioblanquez.photo_SEXY-ZEBRA-9-1-scaled.jpg","datePublished":"2025-03-17T16:57:04+00:00","dateModified":"2025-05-13T11:47:04+00:00","breadcrumb":{"@id":"https:\/\/www.cruillaconcerts.cat\/es\/cicles-concerts-cruilla\/#breadcrumb"},"inLanguage":"es","potentialAction":[{"@type":"ReadAction","target":["https:\/\/www.cruillaconcerts.cat\/es\/cicles-concerts-cruilla\/"]}]},{"@type":"ImageObject","inLanguage":"es","@id":"https:\/\/www.cruillaconcerts.cat\/es\/cicles-concerts-cruilla\/#primaryimage","url":"https:\/\/www.cruillaconcerts.cat\/wp-content\/uploads\/2025\/03\/Sergioblanquez.photo_SEXY-ZEBRA-9-1-scaled.jpg","contentUrl":"https:\/\/www.cruillaconcerts.cat\/wp-content\/uploads\/2025\/03\/Sergioblanquez.photo_SEXY-ZEBRA-9-1-scaled.jpg","width":2560,"height":1440},{"@type":"BreadcrumbList","@id":"https:\/\/www.cruillaconcerts.cat\/es\/cicles-concerts-cruilla\/#breadcrumb","itemListElement":[{"@type":"ListItem","position":1,"name":"Home","item":"https:\/\/www.cruillaconcerts.cat\/es\/"},{"@type":"ListItem","position":2,"name":"Cicles Concerts Cru\u00eflla"}]},{"@type":"WebSite","@id":"https:\/\/www.cruillaconcerts.cat\/es\/#website","url":"https:\/\/www.cruillaconcerts.cat\/es\/","name":"Cru\u00eflla Concerts","description":"","potentialAction":[{"@type":"SearchAction","target":{"@type":"EntryPoint","urlTemplate":"https:\/\/www.cruillaconcerts.cat\/es\/?s={search_term_string}"},"query-input":{"@type":"PropertyValueSpecification","valueRequired":true,"valueName":"search_term_string"}}],"inLanguage":"es"}]}},"_links":{"self":[{"href":"https:\/\/www.cruillaconcerts.cat\/es\/wp-json\/wp\/v2\/pages\/8424","targetHints":{"allow":["GET"]}}],"collection":[{"href":"https:\/\/www.cruillaconcerts.cat\/es\/wp-json\/wp\/v2\/pages"}],"about":[{"href":"https:\/\/www.cruillaconcerts.cat\/es\/wp-json\/wp\/v2\/types\/page"}],"author":[{"embeddable":true,"href":"https:\/\/www.cruillaconcerts.cat\/es\/wp-json\/wp\/v2\/users\/3"}],"replies":[{"embeddable":true,"href":"https:\/\/www.cruillaconcerts.cat\/es\/wp-json\/wp\/v2\/comments?post=8424"}],"version-history":[{"count":5,"href":"https:\/\/www.cruillaconcerts.cat\/es\/wp-json\/wp\/v2\/pages\/8424\/revisions"}],"predecessor-version":[{"id":8665,"href":"https:\/\/www.cruillaconcerts.cat\/es\/wp-json\/wp\/v2\/pages\/8424\/revisions\/8665"}],"wp:featuredmedia":[{"embeddable":true,"href":"https:\/\/www.cruillaconcerts.cat\/es\/wp-json\/wp\/v2\/media\/8420"}],"wp:attachment":[{"href":"https:\/\/www.cruillaconcerts.cat\/es\/wp-json\/wp\/v2\/media?parent=8424"}],"curies":[{"name":"wp","href":"https:\/\/api.w.org\/{rel}","templated":true}]}}